{"id":21286,"date":"2021-01-29T08:47:32","date_gmt":"2021-01-29T08:47:32","guid":{"rendered":"https:\/\/fixtron.de\/?post_type=product&#038;p=21286"},"modified":"2024-06-27T06:22:55","modified_gmt":"2024-06-27T06:22:55","slug":"markierungs-farbstoff-verschiedene-farben","status":"publish","type":"product","link":"https:\/\/fixtron.de\/?product=markierungs-farbstoff-verschiedene-farben","title":{"rendered":"Markierungs- Farbstoff verschiedene Farben"},"content":{"rendered":"<p>Markierungs- Farbstoff f\u00fcr Abfluss- und Kanalleitungen<\/p>\n<p>Markierungs- Farbstoff ist das elementarste Mittel, ein Leck zu finden.<\/p>\n<p>Alle Farben hell und leuchtend, die Auswahl sollte sich nach dem Kontrast- Hintergrund richten.<\/p>\n<p>Rot gibt z.B. den gr\u00f6\u00dften Kontrast zur Konzentration von Algen, Rot u. Gelb kontrahieren wegen ihrer Leuchtkraft zum nicht leuchtenden Blau. Blau ist eine optisch dekorative Farbe, empfohlen im Haushaltsbereich, wo sie nach der Erfahrung immer akzeptiert wird. Fluoreszierender Farbstoff kontrahiert bei Schwarzlicht und UV. Sind eventuell mehrere Lecks vorhanden, ist es ratsam, unterschiedliche Farben einzusetzen. Die entsprechende Farbe zeigt an, um welches Leck es sich handelt.<\/p>\n<p>Das Produkt ist unsch\u00e4dlich f\u00fcr Mensch und Tier, u.a. auch Fische. Es ist entsprechend den EG- Richtlinien bei Trinkwasser- Beh\u00f6rden, Landwirtschaftsbeh\u00f6rden und Kommunen zugelassen.<\/p>\n<p>&nbsp;<\/p>\n<p>Das Datenblatt des Produktes k\u00f6nnen Sie Hier ansehen<\/p>\n<h3><em><strong><a style=\"color: blue;\" href=\"https:\/\/fixtron.de\/wp-content\/uploads\/2021\/01\/Datenblatt-Markierungs-Farbstoff.pdf\" target=\"_blank\" rel=\"noopener\">Datenblatt Markierungs-Farbstoff<\/a><\/strong><\/em><\/h3>\n","protected":false},"excerpt":{"rendered":"<p>Markierungs- Farbstoff verschiedene Farben<\/p>\n","protected":false},"featured_media":21288,"comment_status":"open","ping_status":"closed","template":"","meta":[],"product_cat":[105,159],"product_tag":[267,263,268,265,266,206,205,207,264,197],"yoast_head":"<!-- This site is optimized with the Yoast SEO plugin v22.5 - https:\/\/yoast.com\/wordpress\/plugins\/seo\/ -->\n<title>Markierungs- Farbstoff verschiedene Farben - FIXTRON GMBH - Shop<\/title>\n<meta name=\"description\" content=\"Markierungs- Farbstoff - Rot, Gr\u00fcn, Gelb, Blau &amp; Fluorescine -zur schnellen Leckageortung - Umweltvertr\u00e4glich - entspricht den EG-Richtlinien\" \/>\n<meta name=\"robots\" content=\"index, follow, max-snippet:-1, max-image-preview:large, max-video-preview:-1\" \/>\n<link rel=\"canonical\" href=\"https:\/\/fixtron.de\/?product=markierungs-farbstoff-verschiedene-farben\" \/>\n<meta property=\"og:locale\" content=\"de_DE\" \/>\n<meta property=\"og:type\" content=\"article\" \/>\n<meta property=\"og:title\" content=\"Markierungs- Farbstoff verschiedene Farben - FIXTRON GMBH - Shop\" \/>\n<meta property=\"og:description\" content=\"Markierungs- Farbstoff - Rot, Gr\u00fcn, Gelb, Blau &amp; Fluorescine -zur schnellen Leckageortung - Umweltvertr\u00e4glich - entspricht den EG-Richtlinien\" \/>\n<meta property=\"og:url\" content=\"https:\/\/fixtron.de\/?product=markierungs-farbstoff-verschiedene-farben\" \/>\n<meta property=\"og:site_name\" content=\"FIXTRON GMBH - Shop\" \/>\n<meta property=\"article:modified_time\" content=\"2024-06-27T06:22:55+00:00\" \/>\n<meta property=\"og:image\" content=\"https:\/\/fixtron.de\/wp-content\/uploads\/2021\/01\/ME10055.jpg\" \/>\n\t<meta property=\"og:image:width\" content=\"1000\" \/>\n\t<meta property=\"og:image:height\" content=\"1000\" \/>\n\t<meta property=\"og:image:type\" content=\"image\/jpeg\" \/>\n<meta name=\"twitter:card\" content=\"summary_large_image\" \/>\n<meta name=\"twitter:label1\" content=\"Gesch\u00e4tzte Lesezeit\" \/>\n\t<meta name=\"twitter:data1\" content=\"1\u00a0Minute\" \/>\n<script type=\"application\/ld+json\" class=\"yoast-schema-graph\">{\"@context\":\"https:\/\/schema.org\",\"@graph\":[{\"@type\":\"WebPage\",\"@id\":\"https:\/\/fixtron.de\/?product=markierungs-farbstoff-verschiedene-farben\",\"url\":\"https:\/\/fixtron.de\/?product=markierungs-farbstoff-verschiedene-farben\",\"name\":\"Markierungs- Farbstoff verschiedene Farben - FIXTRON GMBH - Shop\",\"isPartOf\":{\"@id\":\"https:\/\/fixtron.de\/#website\"},\"primaryImageOfPage\":{\"@id\":\"https:\/\/fixtron.de\/?product=markierungs-farbstoff-verschiedene-farben#primaryimage\"},\"image\":{\"@id\":\"https:\/\/fixtron.de\/?product=markierungs-farbstoff-verschiedene-farben#primaryimage\"},\"thumbnailUrl\":\"https:\/\/fixtron.de\/wp-content\/uploads\/2021\/01\/ME10055.jpg\",\"datePublished\":\"2021-01-29T08:47:32+00:00\",\"dateModified\":\"2024-06-27T06:22:55+00:00\",\"description\":\"Markierungs- Farbstoff - Rot, Gr\u00fcn, Gelb, Blau & Fluorescine -zur schnellen Leckageortung - Umweltvertr\u00e4glich - entspricht den EG-Richtlinien\",\"breadcrumb\":{\"@id\":\"https:\/\/fixtron.de\/?product=markierungs-farbstoff-verschiedene-farben#breadcrumb\"},\"inLanguage\":\"de\",\"potentialAction\":[{\"@type\":\"ReadAction\",\"target\":[\"https:\/\/fixtron.de\/?product=markierungs-farbstoff-verschiedene-farben\"]}]},{\"@type\":\"ImageObject\",\"inLanguage\":\"de\",\"@id\":\"https:\/\/fixtron.de\/?product=markierungs-farbstoff-verschiedene-farben#primaryimage\",\"url\":\"https:\/\/fixtron.de\/wp-content\/uploads\/2021\/01\/ME10055.jpg\",\"contentUrl\":\"https:\/\/fixtron.de\/wp-content\/uploads\/2021\/01\/ME10055.jpg\",\"width\":1000,\"height\":1000,\"caption\":\"Markierungs- Farbstoff\"},{\"@type\":\"BreadcrumbList\",\"@id\":\"https:\/\/fixtron.de\/?product=markierungs-farbstoff-verschiedene-farben#breadcrumb\",\"itemListElement\":[{\"@type\":\"ListItem\",\"position\":1,\"name\":\"Startseite\",\"item\":\"https:\/\/fixtron.de\/\"},{\"@type\":\"ListItem\",\"position\":2,\"name\":\"Shop\",\"item\":\"https:\/\/fixtron.de\/?page_id=16552\"},{\"@type\":\"ListItem\",\"position\":3,\"name\":\"Markierungs- Farbstoff verschiedene Farben\"}]},{\"@type\":\"WebSite\",\"@id\":\"https:\/\/fixtron.de\/#website\",\"url\":\"https:\/\/fixtron.de\/\",\"name\":\"FIXTRON GMBH - Shop\",\"description\":\"...Ihr zuverl\u00e4ssiger Partner\",\"potentialAction\":[{\"@type\":\"SearchAction\",\"target\":{\"@type\":\"EntryPoint\",\"urlTemplate\":\"https:\/\/fixtron.de\/?s={search_term_string}\"},\"query-input\":\"required name=search_term_string\"}],\"inLanguage\":\"de\"}]}<\/script>\n<!-- \/ Yoast SEO plugin. -->","yoast_head_json":{"title":"Markierungs- Farbstoff verschiedene Farben - FIXTRON GMBH - Shop","description":"Markierungs- Farbstoff - Rot, Gr\u00fcn, Gelb, Blau & Fluorescine -zur schnellen Leckageortung - Umweltvertr\u00e4glich - entspricht den EG-Richtlinien","robots":{"index":"index","follow":"follow","max-snippet":"max-snippet:-1","max-image-preview":"max-image-preview:large","max-video-preview":"max-video-preview:-1"},"canonical":"https:\/\/fixtron.de\/?product=markierungs-farbstoff-verschiedene-farben","og_locale":"de_DE","og_type":"article","og_title":"Markierungs- Farbstoff verschiedene Farben - FIXTRON GMBH - Shop","og_description":"Markierungs- Farbstoff - Rot, Gr\u00fcn, Gelb, Blau & Fluorescine -zur schnellen Leckageortung - Umweltvertr\u00e4glich - entspricht den EG-Richtlinien","og_url":"https:\/\/fixtron.de\/?product=markierungs-farbstoff-verschiedene-farben","og_site_name":"FIXTRON GMBH - Shop","article_modified_time":"2024-06-27T06:22:55+00:00","og_image":[{"width":1000,"height":1000,"url":"https:\/\/fixtron.de\/wp-content\/uploads\/2021\/01\/ME10055.jpg","type":"image\/jpeg"}],"twitter_card":"summary_large_image","twitter_misc":{"Gesch\u00e4tzte Lesezeit":"1\u00a0Minute"},"schema":{"@context":"https:\/\/schema.org","@graph":[{"@type":"WebPage","@id":"https:\/\/fixtron.de\/?product=markierungs-farbstoff-verschiedene-farben","url":"https:\/\/fixtron.de\/?product=markierungs-farbstoff-verschiedene-farben","name":"Markierungs- Farbstoff verschiedene Farben - FIXTRON GMBH - Shop","isPartOf":{"@id":"https:\/\/fixtron.de\/#website"},"primaryImageOfPage":{"@id":"https:\/\/fixtron.de\/?product=markierungs-farbstoff-verschiedene-farben#primaryimage"},"image":{"@id":"https:\/\/fixtron.de\/?product=markierungs-farbstoff-verschiedene-farben#primaryimage"},"thumbnailUrl":"https:\/\/fixtron.de\/wp-content\/uploads\/2021\/01\/ME10055.jpg","datePublished":"2021-01-29T08:47:32+00:00","dateModified":"2024-06-27T06:22:55+00:00","description":"Markierungs- Farbstoff - Rot, Gr\u00fcn, Gelb, Blau & Fluorescine -zur schnellen Leckageortung - Umweltvertr\u00e4glich - entspricht den EG-Richtlinien","breadcrumb":{"@id":"https:\/\/fixtron.de\/?product=markierungs-farbstoff-verschiedene-farben#breadcrumb"},"inLanguage":"de","potentialAction":[{"@type":"ReadAction","target":["https:\/\/fixtron.de\/?product=markierungs-farbstoff-verschiedene-farben"]}]},{"@type":"ImageObject","inLanguage":"de","@id":"https:\/\/fixtron.de\/?product=markierungs-farbstoff-verschiedene-farben#primaryimage","url":"https:\/\/fixtron.de\/wp-content\/uploads\/2021\/01\/ME10055.jpg","contentUrl":"https:\/\/fixtron.de\/wp-content\/uploads\/2021\/01\/ME10055.jpg","width":1000,"height":1000,"caption":"Markierungs- Farbstoff"},{"@type":"BreadcrumbList","@id":"https:\/\/fixtron.de\/?product=markierungs-farbstoff-verschiedene-farben#breadcrumb","itemListElement":[{"@type":"ListItem","position":1,"name":"Startseite","item":"https:\/\/fixtron.de\/"},{"@type":"ListItem","position":2,"name":"Shop","item":"https:\/\/fixtron.de\/?page_id=16552"},{"@type":"ListItem","position":3,"name":"Markierungs- Farbstoff verschiedene Farben"}]},{"@type":"WebSite","@id":"https:\/\/fixtron.de\/#website","url":"https:\/\/fixtron.de\/","name":"FIXTRON GMBH - Shop","description":"...Ihr zuverl\u00e4ssiger Partner","potentialAction":[{"@type":"SearchAction","target":{"@type":"EntryPoint","urlTemplate":"https:\/\/fixtron.de\/?s={search_term_string}"},"query-input":"required name=search_term_string"}],"inLanguage":"de"}]}},"_links":{"self":[{"href":"https:\/\/fixtron.de\/index.php?rest_route=\/wp\/v2\/product\/21286"}],"collection":[{"href":"https:\/\/fixtron.de\/index.php?rest_route=\/wp\/v2\/product"}],"about":[{"href":"https:\/\/fixtron.de\/index.php?rest_route=\/wp\/v2\/types\/product"}],"replies":[{"embeddable":true,"href":"https:\/\/fixtron.de\/index.php?rest_route=%2Fwp%2Fv2%2Fcomments&post=21286"}],"wp:featuredmedia":[{"embeddable":true,"href":"https:\/\/fixtron.de\/index.php?rest_route=\/wp\/v2\/media\/21288"}],"wp:attachment":[{"href":"https:\/\/fixtron.de\/index.php?rest_route=%2Fwp%2Fv2%2Fmedia&parent=21286"}],"wp:term":[{"taxonomy":"product_cat","embeddable":true,"href":"https:\/\/fixtron.de\/index.php?rest_route=%2Fwp%2Fv2%2Fproduct_cat&post=21286"},{"taxonomy":"product_tag","embeddable":true,"href":"https:\/\/fixtron.de\/index.php?rest_route=%2Fwp%2Fv2%2Fproduct_tag&post=21286"}],"curies":[{"name":"wp","href":"https:\/\/api.w.org\/{rel}","templated":true}]}}