{"id":21087,"date":"2020-08-10T12:48:37","date_gmt":"2020-08-10T12:48:37","guid":{"rendered":"https:\/\/fixtron.de\/?post_type=product&#038;p=21087"},"modified":"2026-04-24T08:40:57","modified_gmt":"2026-04-24T08:40:57","slug":"https-fixtron-de-productseitenkanalverdichter","status":"publish","type":"product","link":"https:\/\/fixtron.de\/?product=https-fixtron-de-productseitenkanalverdichter","title":{"rendered":"Seitenkanalverdichter DV Serie"},"content":{"rendered":"<p><strong>Seitenkanalverdichter DV Serie<\/strong><\/p>\n<ul>\n<li>Bei den Seitenkanalverdichtern DV 10 \/ DV 40 \/ DV 50 handelt es sich um<br \/>\nelektrisch betriebene, mobile, und ger\u00e4uschged\u00e4mmte Verdichter. Diese k\u00f6nnen<br \/>\nauch in bewohnten R\u00e4umen eingesetzt werden. Wo es entsprechend der<br \/>\nAnforderung, nach einem geringen Betriebsger\u00e4usch gew\u00fcnscht ist, kann<br \/>\nzus\u00e4tzlich ein Schalld\u00e4mpfer zugeschaltet werden, hierdurch werden die<br \/>\nSeitenkanalverdichter zus\u00e4tzlich bis zu 14 DbA leiser.<\/li>\n<li>Die Ger\u00e4te eignen sich zur D\u00e4mmschichttrocknung bei schwimmenden Estrichen,<br \/>\nFlachd\u00e4chern (Warmdachkonstruktionen), Hohlraumb\u00f6den usw.<\/li>\n<li>Fixtron hat mit dem Seitenkanalverdichter in Kombination mit dem WA Mini,<br \/>\nFiltergeh\u00e4use inkl. Hepa-Filter Schwebstoffklasse H13 und Schalld\u00e4mpfer ein<br \/>\noptimal aufeinander abgestimmtes System entwickelt, mit dem vielseitige<br \/>\nEntfeuchtungen m\u00f6glich sind.<\/li>\n<li>Speziell f\u00fcr die Estrich-D\u00e4mmschicht entwickelt.<\/li>\n<li>es kann im Druck- oder Saugverfahren getrocknet werden.<\/li>\n<li>im Saugverfahren muss ein zus\u00e4tzlicher Wasserabscheider mit Hepa-Filter eingesetzt werden.<\/li>\n<li>extra gro\u00dfe Griffmulden zum bequemen Transport der Seitenkanalverdichter.<\/li>\n<li>Der Seitenkanalverdichter wird Standardm\u00e4\u00dfig mit 38 mm Anschlussstutzen ausgeliefert, auf Wunsch werden 50 mm Anschlussstutzen mitgeliefert!<\/li>\n<li>Alle Ersatzteile f\u00fcr den Seitenkanalverdichter k\u00f6nnen problemlos Nachbestellt werden.<\/li>\n<\/ul>\n<p>&nbsp;<\/p>\n<p>Die Bedienungsanleitung k\u00f6nnen Sie Hier ansehen<\/p>\n<h3><em><strong><a style=\"color: blue;\" href=\"https:\/\/fixtron.de\/wp-content\/uploads\/2020\/08\/Bedienungsanleitung-DV-Serie.pdf\">Bedienungsanleitung Seitenkanalverdichter DV Serie<\/a><\/strong><\/em><\/h3>\n","protected":false},"excerpt":{"rendered":"<p>Seitenkanalverdichter DV Serie Bei den Seitenkanalverdichtern DV 10 \/ DV 40 \/ DV 50 handelt es sich um elektrisch betriebene, [&hellip;]<\/p>\n","protected":false},"featured_media":20115,"comment_status":"open","ping_status":"closed","template":"","meta":[],"product_cat":[100,140],"product_tag":[193,192,190,196,191,195],"yoast_head":"<!-- This site is optimized with the Yoast SEO plugin v22.5 - https:\/\/yoast.com\/wordpress\/plugins\/seo\/ -->\n<title>Seitenkanalverdichter DV Serie - FIXTRON GMBH - Shop DV Serie<\/title>\n<meta name=\"description\" content=\"Seitenkanalverdichter DV Serie - Speziell f\u00fcr die Estrich-D\u00e4mmschicht entwickelt. Druck- oder Saugverfahren m\u00f6glich - DV 10 \/ DV 40 \/ DV 50\" \/>\n<meta name=\"robots\" content=\"index, follow, max-snippet:-1, max-image-preview:large, max-video-preview:-1\" \/>\n<link rel=\"canonical\" href=\"https:\/\/fixtron.de\/?product=https-fixtron-de-productseitenkanalverdichter\" \/>\n<meta property=\"og:locale\" content=\"de_DE\" \/>\n<meta property=\"og:type\" content=\"article\" \/>\n<meta property=\"og:title\" content=\"Seitenkanalverdichter DV Serie - FIXTRON GMBH - Shop DV Serie\" \/>\n<meta property=\"og:description\" content=\"Seitenkanalverdichter DV Serie - Speziell f\u00fcr die Estrich-D\u00e4mmschicht entwickelt. Druck- oder Saugverfahren m\u00f6glich - DV 10 \/ DV 40 \/ DV 50\" \/>\n<meta property=\"og:url\" content=\"https:\/\/fixtron.de\/?product=https-fixtron-de-productseitenkanalverdichter\" \/>\n<meta property=\"og:site_name\" content=\"FIXTRON GMBH - Shop\" \/>\n<meta property=\"article:modified_time\" content=\"2026-04-24T08:40:57+00:00\" \/>\n<meta property=\"og:image\" content=\"https:\/\/fixtron.de\/wp-content\/uploads\/2020\/05\/DV100506B-a1.jpg\" \/>\n\t<meta property=\"og:image:width\" content=\"1000\" \/>\n\t<meta property=\"og:image:height\" content=\"1000\" \/>\n\t<meta property=\"og:image:type\" content=\"image\/jpeg\" \/>\n<meta name=\"twitter:card\" content=\"summary_large_image\" \/>\n<meta name=\"twitter:label1\" content=\"Gesch\u00e4tzte Lesezeit\" \/>\n\t<meta name=\"twitter:data1\" content=\"2\u00a0Minuten\" \/>\n<script type=\"application\/ld+json\" class=\"yoast-schema-graph\">{\"@context\":\"https:\/\/schema.org\",\"@graph\":[{\"@type\":\"WebPage\",\"@id\":\"https:\/\/fixtron.de\/?product=https-fixtron-de-productseitenkanalverdichter\",\"url\":\"https:\/\/fixtron.de\/?product=https-fixtron-de-productseitenkanalverdichter\",\"name\":\"Seitenkanalverdichter DV Serie - FIXTRON GMBH - Shop DV Serie\",\"isPartOf\":{\"@id\":\"https:\/\/fixtron.de\/#website\"},\"primaryImageOfPage\":{\"@id\":\"https:\/\/fixtron.de\/?product=https-fixtron-de-productseitenkanalverdichter#primaryimage\"},\"image\":{\"@id\":\"https:\/\/fixtron.de\/?product=https-fixtron-de-productseitenkanalverdichter#primaryimage\"},\"thumbnailUrl\":\"https:\/\/fixtron.de\/wp-content\/uploads\/2020\/05\/DV100506B-a1.jpg\",\"datePublished\":\"2020-08-10T12:48:37+00:00\",\"dateModified\":\"2026-04-24T08:40:57+00:00\",\"description\":\"Seitenkanalverdichter DV Serie - Speziell f\u00fcr die Estrich-D\u00e4mmschicht entwickelt. Druck- oder Saugverfahren m\u00f6glich - DV 10 \/ DV 40 \/ DV 50\",\"breadcrumb\":{\"@id\":\"https:\/\/fixtron.de\/?product=https-fixtron-de-productseitenkanalverdichter#breadcrumb\"},\"inLanguage\":\"de\",\"potentialAction\":[{\"@type\":\"ReadAction\",\"target\":[\"https:\/\/fixtron.de\/?product=https-fixtron-de-productseitenkanalverdichter\"]}]},{\"@type\":\"ImageObject\",\"inLanguage\":\"de\",\"@id\":\"https:\/\/fixtron.de\/?product=https-fixtron-de-productseitenkanalverdichter#primaryimage\",\"url\":\"https:\/\/fixtron.de\/wp-content\/uploads\/2020\/05\/DV100506B-a1.jpg\",\"contentUrl\":\"https:\/\/fixtron.de\/wp-content\/uploads\/2020\/05\/DV100506B-a1.jpg\",\"width\":1000,\"height\":1000,\"caption\":\"Seitenkanalverdichter DV Serie\"},{\"@type\":\"BreadcrumbList\",\"@id\":\"https:\/\/fixtron.de\/?product=https-fixtron-de-productseitenkanalverdichter#breadcrumb\",\"itemListElement\":[{\"@type\":\"ListItem\",\"position\":1,\"name\":\"Startseite\",\"item\":\"https:\/\/fixtron.de\/\"},{\"@type\":\"ListItem\",\"position\":2,\"name\":\"Shop\",\"item\":\"https:\/\/fixtron.de\/?page_id=16552\"},{\"@type\":\"ListItem\",\"position\":3,\"name\":\"Seitenkanalverdichter DV Serie\"}]},{\"@type\":\"WebSite\",\"@id\":\"https:\/\/fixtron.de\/#website\",\"url\":\"https:\/\/fixtron.de\/\",\"name\":\"FIXTRON GMBH - Shop\",\"description\":\"...Ihr zuverl\u00e4ssiger Partner\",\"potentialAction\":[{\"@type\":\"SearchAction\",\"target\":{\"@type\":\"EntryPoint\",\"urlTemplate\":\"https:\/\/fixtron.de\/?s={search_term_string}\"},\"query-input\":\"required name=search_term_string\"}],\"inLanguage\":\"de\"}]}<\/script>\n<!-- \/ Yoast SEO plugin. -->","yoast_head_json":{"title":"Seitenkanalverdichter DV Serie - FIXTRON GMBH - Shop DV Serie","description":"Seitenkanalverdichter DV Serie - Speziell f\u00fcr die Estrich-D\u00e4mmschicht entwickelt. Druck- oder Saugverfahren m\u00f6glich - DV 10 \/ DV 40 \/ DV 50","robots":{"index":"index","follow":"follow","max-snippet":"max-snippet:-1","max-image-preview":"max-image-preview:large","max-video-preview":"max-video-preview:-1"},"canonical":"https:\/\/fixtron.de\/?product=https-fixtron-de-productseitenkanalverdichter","og_locale":"de_DE","og_type":"article","og_title":"Seitenkanalverdichter DV Serie - FIXTRON GMBH - Shop DV Serie","og_description":"Seitenkanalverdichter DV Serie - Speziell f\u00fcr die Estrich-D\u00e4mmschicht entwickelt. Druck- oder Saugverfahren m\u00f6glich - DV 10 \/ DV 40 \/ DV 50","og_url":"https:\/\/fixtron.de\/?product=https-fixtron-de-productseitenkanalverdichter","og_site_name":"FIXTRON GMBH - Shop","article_modified_time":"2026-04-24T08:40:57+00:00","og_image":[{"width":1000,"height":1000,"url":"https:\/\/fixtron.de\/wp-content\/uploads\/2020\/05\/DV100506B-a1.jpg","type":"image\/jpeg"}],"twitter_card":"summary_large_image","twitter_misc":{"Gesch\u00e4tzte Lesezeit":"2\u00a0Minuten"},"schema":{"@context":"https:\/\/schema.org","@graph":[{"@type":"WebPage","@id":"https:\/\/fixtron.de\/?product=https-fixtron-de-productseitenkanalverdichter","url":"https:\/\/fixtron.de\/?product=https-fixtron-de-productseitenkanalverdichter","name":"Seitenkanalverdichter DV Serie - FIXTRON GMBH - Shop DV Serie","isPartOf":{"@id":"https:\/\/fixtron.de\/#website"},"primaryImageOfPage":{"@id":"https:\/\/fixtron.de\/?product=https-fixtron-de-productseitenkanalverdichter#primaryimage"},"image":{"@id":"https:\/\/fixtron.de\/?product=https-fixtron-de-productseitenkanalverdichter#primaryimage"},"thumbnailUrl":"https:\/\/fixtron.de\/wp-content\/uploads\/2020\/05\/DV100506B-a1.jpg","datePublished":"2020-08-10T12:48:37+00:00","dateModified":"2026-04-24T08:40:57+00:00","description":"Seitenkanalverdichter DV Serie - Speziell f\u00fcr die Estrich-D\u00e4mmschicht entwickelt. Druck- oder Saugverfahren m\u00f6glich - DV 10 \/ DV 40 \/ DV 50","breadcrumb":{"@id":"https:\/\/fixtron.de\/?product=https-fixtron-de-productseitenkanalverdichter#breadcrumb"},"inLanguage":"de","potentialAction":[{"@type":"ReadAction","target":["https:\/\/fixtron.de\/?product=https-fixtron-de-productseitenkanalverdichter"]}]},{"@type":"ImageObject","inLanguage":"de","@id":"https:\/\/fixtron.de\/?product=https-fixtron-de-productseitenkanalverdichter#primaryimage","url":"https:\/\/fixtron.de\/wp-content\/uploads\/2020\/05\/DV100506B-a1.jpg","contentUrl":"https:\/\/fixtron.de\/wp-content\/uploads\/2020\/05\/DV100506B-a1.jpg","width":1000,"height":1000,"caption":"Seitenkanalverdichter DV Serie"},{"@type":"BreadcrumbList","@id":"https:\/\/fixtron.de\/?product=https-fixtron-de-productseitenkanalverdichter#breadcrumb","itemListElement":[{"@type":"ListItem","position":1,"name":"Startseite","item":"https:\/\/fixtron.de\/"},{"@type":"ListItem","position":2,"name":"Shop","item":"https:\/\/fixtron.de\/?page_id=16552"},{"@type":"ListItem","position":3,"name":"Seitenkanalverdichter DV Serie"}]},{"@type":"WebSite","@id":"https:\/\/fixtron.de\/#website","url":"https:\/\/fixtron.de\/","name":"FIXTRON GMBH - Shop","description":"...Ihr zuverl\u00e4ssiger Partner","potentialAction":[{"@type":"SearchAction","target":{"@type":"EntryPoint","urlTemplate":"https:\/\/fixtron.de\/?s={search_term_string}"},"query-input":"required name=search_term_string"}],"inLanguage":"de"}]}},"_links":{"self":[{"href":"https:\/\/fixtron.de\/index.php?rest_route=\/wp\/v2\/product\/21087"}],"collection":[{"href":"https:\/\/fixtron.de\/index.php?rest_route=\/wp\/v2\/product"}],"about":[{"href":"https:\/\/fixtron.de\/index.php?rest_route=\/wp\/v2\/types\/product"}],"replies":[{"embeddable":true,"href":"https:\/\/fixtron.de\/index.php?rest_route=%2Fwp%2Fv2%2Fcomments&post=21087"}],"wp:featuredmedia":[{"embeddable":true,"href":"https:\/\/fixtron.de\/index.php?rest_route=\/wp\/v2\/media\/20115"}],"wp:attachment":[{"href":"https:\/\/fixtron.de\/index.php?rest_route=%2Fwp%2Fv2%2Fmedia&parent=21087"}],"wp:term":[{"taxonomy":"product_cat","embeddable":true,"href":"https:\/\/fixtron.de\/index.php?rest_route=%2Fwp%2Fv2%2Fproduct_cat&post=21087"},{"taxonomy":"product_tag","embeddable":true,"href":"https:\/\/fixtron.de\/index.php?rest_route=%2Fwp%2Fv2%2Fproduct_tag&post=21087"}],"curies":[{"name":"wp","href":"https:\/\/api.w.org\/{rel}","templated":true}]}}