{"id":20604,"date":"2020-05-23T13:46:00","date_gmt":"2020-05-23T13:46:00","guid":{"rendered":"https:\/\/fixtron.de\/?product=deckenstutzen-350-mm-lang-f-38-mm"},"modified":"2023-11-06T09:00:30","modified_gmt":"2023-11-06T09:00:30","slug":"deckenstutzen-350-mm-lang-f-38-mm","status":"publish","type":"product","link":"https:\/\/fixtron.de\/?product=deckenstutzen-350-mm-lang-f-38-mm","title":{"rendered":"Deckenstutzen 350 mm Lang f. 38 mm"},"content":{"rendered":"<p>Deckenstutzen 350 mm Lang f. 38 mm<\/p>\n<ul>\n<li>Deckenstutzen f\u00fcr 25mm Bohrung 350mm Lang f\u00fcr 38mm Schlauch<\/li>\n<li>Geeignet f\u00fcr die \u00dcberkopf D\u00e4mmschichttrocknung ohne den Oberbelag, der dar\u00fcber liegenden Etage zu zerst\u00f6ren. Man bohrt mit einem 25 mm \u00d8 Bohrer in die Decke um die dar\u00fcber liegende D\u00e4mmschicht zu Trocknen ohne den Oberbelag des Fu\u00dfbodens zu zerst\u00f6ren. Nach Beendigung der Trocknungsma\u00dfnahme m\u00fcssen lediglich die 25 mm L\u00f6cher verschlossen werden.<\/li>\n<\/ul>\n","protected":false},"excerpt":{"rendered":"<p>Deckenstutzen 350 mm Lang f. 38 mm<\/p>\n","protected":false},"featured_media":20198,"comment_status":"closed","ping_status":"closed","template":"","meta":[],"product_cat":[100,147,145],"product_tag":[190,218,212,202,197],"yoast_head":"<!-- This site is optimized with the Yoast SEO plugin v22.5 - https:\/\/yoast.com\/wordpress\/plugins\/seo\/ -->\n<title>Deckenstutzen 350 mm Lang f. 38 mm - FIXTRON GMBH - Shop<\/title>\n<meta name=\"description\" content=\"Deckenstutzen 350 mm Lang f. 38 mm - Zerst\u00f6rungsfreie \u00dcberkopf D\u00e4mmschichttrocknung - Einfaches verschlie\u00dfen - Fixtron GmbH Online Shop\" \/>\n<meta name=\"robots\" content=\"index, follow, max-snippet:-1, max-image-preview:large, max-video-preview:-1\" \/>\n<link rel=\"canonical\" href=\"https:\/\/fixtron.de\/?product=deckenstutzen-350-mm-lang-f-38-mm\" \/>\n<meta property=\"og:locale\" content=\"de_DE\" \/>\n<meta property=\"og:type\" content=\"article\" \/>\n<meta property=\"og:title\" content=\"Deckenstutzen 350 mm Lang f. 38 mm - FIXTRON GMBH - Shop\" \/>\n<meta property=\"og:description\" content=\"Deckenstutzen 350 mm Lang f. 38 mm - Zerst\u00f6rungsfreie \u00dcberkopf D\u00e4mmschichttrocknung - Einfaches verschlie\u00dfen - Fixtron GmbH Online Shop\" \/>\n<meta property=\"og:url\" content=\"https:\/\/fixtron.de\/?product=deckenstutzen-350-mm-lang-f-38-mm\" \/>\n<meta property=\"og:site_name\" content=\"FIXTRON GMBH - Shop\" \/>\n<meta property=\"article:modified_time\" content=\"2023-11-06T09:00:30+00:00\" \/>\n<meta property=\"og:image\" content=\"https:\/\/fixtron.de\/wp-content\/uploads\/2020\/05\/ZU10072.jpg\" \/>\n\t<meta property=\"og:image:width\" content=\"1000\" \/>\n\t<meta property=\"og:image:height\" content=\"1000\" \/>\n\t<meta property=\"og:image:type\" content=\"image\/jpeg\" \/>\n<meta name=\"twitter:card\" content=\"summary_large_image\" \/>\n<script type=\"application\/ld+json\" class=\"yoast-schema-graph\">{\"@context\":\"https:\/\/schema.org\",\"@graph\":[{\"@type\":\"WebPage\",\"@id\":\"https:\/\/fixtron.de\/?product=deckenstutzen-350-mm-lang-f-38-mm\",\"url\":\"https:\/\/fixtron.de\/?product=deckenstutzen-350-mm-lang-f-38-mm\",\"name\":\"Deckenstutzen 350 mm Lang f. 38 mm - FIXTRON GMBH - Shop\",\"isPartOf\":{\"@id\":\"https:\/\/fixtron.de\/#website\"},\"primaryImageOfPage\":{\"@id\":\"https:\/\/fixtron.de\/?product=deckenstutzen-350-mm-lang-f-38-mm#primaryimage\"},\"image\":{\"@id\":\"https:\/\/fixtron.de\/?product=deckenstutzen-350-mm-lang-f-38-mm#primaryimage\"},\"thumbnailUrl\":\"https:\/\/fixtron.de\/wp-content\/uploads\/2020\/05\/ZU10072.jpg\",\"datePublished\":\"2020-05-23T13:46:00+00:00\",\"dateModified\":\"2023-11-06T09:00:30+00:00\",\"description\":\"Deckenstutzen 350 mm Lang f. 38 mm - Zerst\u00f6rungsfreie \u00dcberkopf D\u00e4mmschichttrocknung - Einfaches verschlie\u00dfen - Fixtron GmbH Online Shop\",\"breadcrumb\":{\"@id\":\"https:\/\/fixtron.de\/?product=deckenstutzen-350-mm-lang-f-38-mm#breadcrumb\"},\"inLanguage\":\"de\",\"potentialAction\":[{\"@type\":\"ReadAction\",\"target\":[\"https:\/\/fixtron.de\/?product=deckenstutzen-350-mm-lang-f-38-mm\"]}]},{\"@type\":\"ImageObject\",\"inLanguage\":\"de\",\"@id\":\"https:\/\/fixtron.de\/?product=deckenstutzen-350-mm-lang-f-38-mm#primaryimage\",\"url\":\"https:\/\/fixtron.de\/wp-content\/uploads\/2020\/05\/ZU10072.jpg\",\"contentUrl\":\"https:\/\/fixtron.de\/wp-content\/uploads\/2020\/05\/ZU10072.jpg\",\"width\":1000,\"height\":1000,\"caption\":\"Deckenstutzen 350 mm\"},{\"@type\":\"BreadcrumbList\",\"@id\":\"https:\/\/fixtron.de\/?product=deckenstutzen-350-mm-lang-f-38-mm#breadcrumb\",\"itemListElement\":[{\"@type\":\"ListItem\",\"position\":1,\"name\":\"Startseite\",\"item\":\"https:\/\/fixtron.de\/\"},{\"@type\":\"ListItem\",\"position\":2,\"name\":\"Shop\",\"item\":\"https:\/\/fixtron.de\/?page_id=16552\"},{\"@type\":\"ListItem\",\"position\":3,\"name\":\"Deckenstutzen 350 mm Lang f. 38 mm\"}]},{\"@type\":\"WebSite\",\"@id\":\"https:\/\/fixtron.de\/#website\",\"url\":\"https:\/\/fixtron.de\/\",\"name\":\"FIXTRON GMBH - Shop\",\"description\":\"...Ihr zuverl\u00e4ssiger Partner\",\"potentialAction\":[{\"@type\":\"SearchAction\",\"target\":{\"@type\":\"EntryPoint\",\"urlTemplate\":\"https:\/\/fixtron.de\/?s={search_term_string}\"},\"query-input\":\"required name=search_term_string\"}],\"inLanguage\":\"de\"}]}<\/script>\n<!-- \/ Yoast SEO plugin. -->","yoast_head_json":{"title":"Deckenstutzen 350 mm Lang f. 38 mm - FIXTRON GMBH - Shop","description":"Deckenstutzen 350 mm Lang f. 38 mm - Zerst\u00f6rungsfreie \u00dcberkopf D\u00e4mmschichttrocknung - Einfaches verschlie\u00dfen - Fixtron GmbH Online Shop","robots":{"index":"index","follow":"follow","max-snippet":"max-snippet:-1","max-image-preview":"max-image-preview:large","max-video-preview":"max-video-preview:-1"},"canonical":"https:\/\/fixtron.de\/?product=deckenstutzen-350-mm-lang-f-38-mm","og_locale":"de_DE","og_type":"article","og_title":"Deckenstutzen 350 mm Lang f. 38 mm - FIXTRON GMBH - Shop","og_description":"Deckenstutzen 350 mm Lang f. 38 mm - Zerst\u00f6rungsfreie \u00dcberkopf D\u00e4mmschichttrocknung - Einfaches verschlie\u00dfen - Fixtron GmbH Online Shop","og_url":"https:\/\/fixtron.de\/?product=deckenstutzen-350-mm-lang-f-38-mm","og_site_name":"FIXTRON GMBH - Shop","article_modified_time":"2023-11-06T09:00:30+00:00","og_image":[{"width":1000,"height":1000,"url":"https:\/\/fixtron.de\/wp-content\/uploads\/2020\/05\/ZU10072.jpg","type":"image\/jpeg"}],"twitter_card":"summary_large_image","schema":{"@context":"https:\/\/schema.org","@graph":[{"@type":"WebPage","@id":"https:\/\/fixtron.de\/?product=deckenstutzen-350-mm-lang-f-38-mm","url":"https:\/\/fixtron.de\/?product=deckenstutzen-350-mm-lang-f-38-mm","name":"Deckenstutzen 350 mm Lang f. 38 mm - FIXTRON GMBH - Shop","isPartOf":{"@id":"https:\/\/fixtron.de\/#website"},"primaryImageOfPage":{"@id":"https:\/\/fixtron.de\/?product=deckenstutzen-350-mm-lang-f-38-mm#primaryimage"},"image":{"@id":"https:\/\/fixtron.de\/?product=deckenstutzen-350-mm-lang-f-38-mm#primaryimage"},"thumbnailUrl":"https:\/\/fixtron.de\/wp-content\/uploads\/2020\/05\/ZU10072.jpg","datePublished":"2020-05-23T13:46:00+00:00","dateModified":"2023-11-06T09:00:30+00:00","description":"Deckenstutzen 350 mm Lang f. 38 mm - Zerst\u00f6rungsfreie \u00dcberkopf D\u00e4mmschichttrocknung - Einfaches verschlie\u00dfen - Fixtron GmbH Online Shop","breadcrumb":{"@id":"https:\/\/fixtron.de\/?product=deckenstutzen-350-mm-lang-f-38-mm#breadcrumb"},"inLanguage":"de","potentialAction":[{"@type":"ReadAction","target":["https:\/\/fixtron.de\/?product=deckenstutzen-350-mm-lang-f-38-mm"]}]},{"@type":"ImageObject","inLanguage":"de","@id":"https:\/\/fixtron.de\/?product=deckenstutzen-350-mm-lang-f-38-mm#primaryimage","url":"https:\/\/fixtron.de\/wp-content\/uploads\/2020\/05\/ZU10072.jpg","contentUrl":"https:\/\/fixtron.de\/wp-content\/uploads\/2020\/05\/ZU10072.jpg","width":1000,"height":1000,"caption":"Deckenstutzen 350 mm"},{"@type":"BreadcrumbList","@id":"https:\/\/fixtron.de\/?product=deckenstutzen-350-mm-lang-f-38-mm#breadcrumb","itemListElement":[{"@type":"ListItem","position":1,"name":"Startseite","item":"https:\/\/fixtron.de\/"},{"@type":"ListItem","position":2,"name":"Shop","item":"https:\/\/fixtron.de\/?page_id=16552"},{"@type":"ListItem","position":3,"name":"Deckenstutzen 350 mm Lang f. 38 mm"}]},{"@type":"WebSite","@id":"https:\/\/fixtron.de\/#website","url":"https:\/\/fixtron.de\/","name":"FIXTRON GMBH - Shop","description":"...Ihr zuverl\u00e4ssiger Partner","potentialAction":[{"@type":"SearchAction","target":{"@type":"EntryPoint","urlTemplate":"https:\/\/fixtron.de\/?s={search_term_string}"},"query-input":"required name=search_term_string"}],"inLanguage":"de"}]}},"_links":{"self":[{"href":"https:\/\/fixtron.de\/index.php?rest_route=\/wp\/v2\/product\/20604"}],"collection":[{"href":"https:\/\/fixtron.de\/index.php?rest_route=\/wp\/v2\/product"}],"about":[{"href":"https:\/\/fixtron.de\/index.php?rest_route=\/wp\/v2\/types\/product"}],"replies":[{"embeddable":true,"href":"https:\/\/fixtron.de\/index.php?rest_route=%2Fwp%2Fv2%2Fcomments&post=20604"}],"wp:featuredmedia":[{"embeddable":true,"href":"https:\/\/fixtron.de\/index.php?rest_route=\/wp\/v2\/media\/20198"}],"wp:attachment":[{"href":"https:\/\/fixtron.de\/index.php?rest_route=%2Fwp%2Fv2%2Fmedia&parent=20604"}],"wp:term":[{"taxonomy":"product_cat","embeddable":true,"href":"https:\/\/fixtron.de\/index.php?rest_route=%2Fwp%2Fv2%2Fproduct_cat&post=20604"},{"taxonomy":"product_tag","embeddable":true,"href":"https:\/\/fixtron.de\/index.php?rest_route=%2Fwp%2Fv2%2Fproduct_tag&post=20604"}],"curies":[{"name":"wp","href":"https:\/\/api.w.org\/{rel}","templated":true}]}}