{"id":20596,"date":"2020-05-23T13:46:00","date_gmt":"2020-05-23T13:46:00","guid":{"rendered":"https:\/\/fixtron.de\/?product=t-stuck-50-mm-pvc-grau-ohne-gewinde"},"modified":"2023-11-06T09:03:57","modified_gmt":"2023-11-06T09:03:57","slug":"t-stuck-50-mm-pvc-grau-ohne-gewinde","status":"publish","type":"product","link":"https:\/\/fixtron.de\/?product=t-stuck-50-mm-pvc-grau-ohne-gewinde","title":{"rendered":"T-St\u00fcck PVC grau ohne Gewinde 50 mm"},"content":{"rendered":"<p>T-St\u00fcck PVC grau ohne Gewinde 50 mm<\/p>\n<ul>\n<li>PVC T-St\u00fcck f\u00fcr 50 mm Schlauch<\/li>\n<li>Es werden Schlauchschellen zum befestigen des Schlauches ben\u00f6tigt<\/li>\n<\/ul>\n","protected":false},"excerpt":{"rendered":"<p>T-St\u00fcck PVC grau ohne Gewinde 50 mm<\/p>\n","protected":false},"featured_media":20190,"comment_status":"closed","ping_status":"closed","template":"","meta":[],"product_cat":[100,147,146],"product_tag":[227,190,218,215,212,255,197],"yoast_head":"<!-- This site is optimized with the Yoast SEO plugin v22.5 - https:\/\/yoast.com\/wordpress\/plugins\/seo\/ -->\n<title>T-St\u00fcck PVC grau ohne Gewinde 50 mm - FIXTRON GMBH - Shop<\/title>\n<meta name=\"description\" content=\"T-St\u00fcck PVC grau ohne Gewinde 50 mm - zur Befestigung werden Schlauchschellen ben\u00f6tigt - Fixtron GmbH Ihr zuverl\u00e4ssiger Partner\" \/>\n<meta name=\"robots\" content=\"index, follow, max-snippet:-1, max-image-preview:large, max-video-preview:-1\" \/>\n<link rel=\"canonical\" href=\"https:\/\/fixtron.de\/?product=t-stuck-50-mm-pvc-grau-ohne-gewinde\" \/>\n<meta property=\"og:locale\" content=\"de_DE\" \/>\n<meta property=\"og:type\" content=\"article\" \/>\n<meta property=\"og:title\" content=\"T-St\u00fcck PVC grau ohne Gewinde 50 mm - FIXTRON GMBH - Shop\" \/>\n<meta property=\"og:description\" content=\"T-St\u00fcck PVC grau ohne Gewinde 50 mm - zur Befestigung werden Schlauchschellen ben\u00f6tigt - Fixtron GmbH Ihr zuverl\u00e4ssiger Partner\" \/>\n<meta property=\"og:url\" content=\"https:\/\/fixtron.de\/?product=t-stuck-50-mm-pvc-grau-ohne-gewinde\" \/>\n<meta property=\"og:site_name\" content=\"FIXTRON GMBH - Shop\" \/>\n<meta property=\"article:modified_time\" content=\"2023-11-06T09:03:57+00:00\" \/>\n<meta property=\"og:image\" content=\"https:\/\/fixtron.de\/wp-content\/uploads\/2020\/05\/ZU10062.jpg\" \/>\n\t<meta property=\"og:image:width\" content=\"1000\" \/>\n\t<meta property=\"og:image:height\" content=\"1000\" \/>\n\t<meta property=\"og:image:type\" content=\"image\/jpeg\" \/>\n<meta name=\"twitter:card\" content=\"summary_large_image\" \/>\n<script type=\"application\/ld+json\" class=\"yoast-schema-graph\">{\"@context\":\"https:\/\/schema.org\",\"@graph\":[{\"@type\":\"WebPage\",\"@id\":\"https:\/\/fixtron.de\/?product=t-stuck-50-mm-pvc-grau-ohne-gewinde\",\"url\":\"https:\/\/fixtron.de\/?product=t-stuck-50-mm-pvc-grau-ohne-gewinde\",\"name\":\"T-St\u00fcck PVC grau ohne Gewinde 50 mm - FIXTRON GMBH - Shop\",\"isPartOf\":{\"@id\":\"https:\/\/fixtron.de\/#website\"},\"primaryImageOfPage\":{\"@id\":\"https:\/\/fixtron.de\/?product=t-stuck-50-mm-pvc-grau-ohne-gewinde#primaryimage\"},\"image\":{\"@id\":\"https:\/\/fixtron.de\/?product=t-stuck-50-mm-pvc-grau-ohne-gewinde#primaryimage\"},\"thumbnailUrl\":\"https:\/\/fixtron.de\/wp-content\/uploads\/2020\/05\/ZU10062.jpg\",\"datePublished\":\"2020-05-23T13:46:00+00:00\",\"dateModified\":\"2023-11-06T09:03:57+00:00\",\"description\":\"T-St\u00fcck PVC grau ohne Gewinde 50 mm - zur Befestigung werden Schlauchschellen ben\u00f6tigt - Fixtron GmbH Ihr zuverl\u00e4ssiger Partner\",\"breadcrumb\":{\"@id\":\"https:\/\/fixtron.de\/?product=t-stuck-50-mm-pvc-grau-ohne-gewinde#breadcrumb\"},\"inLanguage\":\"de\",\"potentialAction\":[{\"@type\":\"ReadAction\",\"target\":[\"https:\/\/fixtron.de\/?product=t-stuck-50-mm-pvc-grau-ohne-gewinde\"]}]},{\"@type\":\"ImageObject\",\"inLanguage\":\"de\",\"@id\":\"https:\/\/fixtron.de\/?product=t-stuck-50-mm-pvc-grau-ohne-gewinde#primaryimage\",\"url\":\"https:\/\/fixtron.de\/wp-content\/uploads\/2020\/05\/ZU10062.jpg\",\"contentUrl\":\"https:\/\/fixtron.de\/wp-content\/uploads\/2020\/05\/ZU10062.jpg\",\"width\":1000,\"height\":1000,\"caption\":\"T-St\u00fcck PVC grau\"},{\"@type\":\"BreadcrumbList\",\"@id\":\"https:\/\/fixtron.de\/?product=t-stuck-50-mm-pvc-grau-ohne-gewinde#breadcrumb\",\"itemListElement\":[{\"@type\":\"ListItem\",\"position\":1,\"name\":\"Startseite\",\"item\":\"https:\/\/fixtron.de\/\"},{\"@type\":\"ListItem\",\"position\":2,\"name\":\"Shop\",\"item\":\"https:\/\/fixtron.de\/?page_id=16552\"},{\"@type\":\"ListItem\",\"position\":3,\"name\":\"T-St\u00fcck PVC grau ohne Gewinde 50 mm\"}]},{\"@type\":\"WebSite\",\"@id\":\"https:\/\/fixtron.de\/#website\",\"url\":\"https:\/\/fixtron.de\/\",\"name\":\"FIXTRON GMBH - Shop\",\"description\":\"...Ihr zuverl\u00e4ssiger Partner\",\"potentialAction\":[{\"@type\":\"SearchAction\",\"target\":{\"@type\":\"EntryPoint\",\"urlTemplate\":\"https:\/\/fixtron.de\/?s={search_term_string}\"},\"query-input\":\"required name=search_term_string\"}],\"inLanguage\":\"de\"}]}<\/script>\n<!-- \/ Yoast SEO plugin. -->","yoast_head_json":{"title":"T-St\u00fcck PVC grau ohne Gewinde 50 mm - FIXTRON GMBH - Shop","description":"T-St\u00fcck PVC grau ohne Gewinde 50 mm - zur Befestigung werden Schlauchschellen ben\u00f6tigt - Fixtron GmbH Ihr zuverl\u00e4ssiger Partner","robots":{"index":"index","follow":"follow","max-snippet":"max-snippet:-1","max-image-preview":"max-image-preview:large","max-video-preview":"max-video-preview:-1"},"canonical":"https:\/\/fixtron.de\/?product=t-stuck-50-mm-pvc-grau-ohne-gewinde","og_locale":"de_DE","og_type":"article","og_title":"T-St\u00fcck PVC grau ohne Gewinde 50 mm - FIXTRON GMBH - Shop","og_description":"T-St\u00fcck PVC grau ohne Gewinde 50 mm - zur Befestigung werden Schlauchschellen ben\u00f6tigt - Fixtron GmbH Ihr zuverl\u00e4ssiger Partner","og_url":"https:\/\/fixtron.de\/?product=t-stuck-50-mm-pvc-grau-ohne-gewinde","og_site_name":"FIXTRON GMBH - Shop","article_modified_time":"2023-11-06T09:03:57+00:00","og_image":[{"width":1000,"height":1000,"url":"https:\/\/fixtron.de\/wp-content\/uploads\/2020\/05\/ZU10062.jpg","type":"image\/jpeg"}],"twitter_card":"summary_large_image","schema":{"@context":"https:\/\/schema.org","@graph":[{"@type":"WebPage","@id":"https:\/\/fixtron.de\/?product=t-stuck-50-mm-pvc-grau-ohne-gewinde","url":"https:\/\/fixtron.de\/?product=t-stuck-50-mm-pvc-grau-ohne-gewinde","name":"T-St\u00fcck PVC grau ohne Gewinde 50 mm - FIXTRON GMBH - Shop","isPartOf":{"@id":"https:\/\/fixtron.de\/#website"},"primaryImageOfPage":{"@id":"https:\/\/fixtron.de\/?product=t-stuck-50-mm-pvc-grau-ohne-gewinde#primaryimage"},"image":{"@id":"https:\/\/fixtron.de\/?product=t-stuck-50-mm-pvc-grau-ohne-gewinde#primaryimage"},"thumbnailUrl":"https:\/\/fixtron.de\/wp-content\/uploads\/2020\/05\/ZU10062.jpg","datePublished":"2020-05-23T13:46:00+00:00","dateModified":"2023-11-06T09:03:57+00:00","description":"T-St\u00fcck PVC grau ohne Gewinde 50 mm - zur Befestigung werden Schlauchschellen ben\u00f6tigt - Fixtron GmbH Ihr zuverl\u00e4ssiger Partner","breadcrumb":{"@id":"https:\/\/fixtron.de\/?product=t-stuck-50-mm-pvc-grau-ohne-gewinde#breadcrumb"},"inLanguage":"de","potentialAction":[{"@type":"ReadAction","target":["https:\/\/fixtron.de\/?product=t-stuck-50-mm-pvc-grau-ohne-gewinde"]}]},{"@type":"ImageObject","inLanguage":"de","@id":"https:\/\/fixtron.de\/?product=t-stuck-50-mm-pvc-grau-ohne-gewinde#primaryimage","url":"https:\/\/fixtron.de\/wp-content\/uploads\/2020\/05\/ZU10062.jpg","contentUrl":"https:\/\/fixtron.de\/wp-content\/uploads\/2020\/05\/ZU10062.jpg","width":1000,"height":1000,"caption":"T-St\u00fcck PVC grau"},{"@type":"BreadcrumbList","@id":"https:\/\/fixtron.de\/?product=t-stuck-50-mm-pvc-grau-ohne-gewinde#breadcrumb","itemListElement":[{"@type":"ListItem","position":1,"name":"Startseite","item":"https:\/\/fixtron.de\/"},{"@type":"ListItem","position":2,"name":"Shop","item":"https:\/\/fixtron.de\/?page_id=16552"},{"@type":"ListItem","position":3,"name":"T-St\u00fcck PVC grau ohne Gewinde 50 mm"}]},{"@type":"WebSite","@id":"https:\/\/fixtron.de\/#website","url":"https:\/\/fixtron.de\/","name":"FIXTRON GMBH - Shop","description":"...Ihr zuverl\u00e4ssiger Partner","potentialAction":[{"@type":"SearchAction","target":{"@type":"EntryPoint","urlTemplate":"https:\/\/fixtron.de\/?s={search_term_string}"},"query-input":"required name=search_term_string"}],"inLanguage":"de"}]}},"_links":{"self":[{"href":"https:\/\/fixtron.de\/index.php?rest_route=\/wp\/v2\/product\/20596"}],"collection":[{"href":"https:\/\/fixtron.de\/index.php?rest_route=\/wp\/v2\/product"}],"about":[{"href":"https:\/\/fixtron.de\/index.php?rest_route=\/wp\/v2\/types\/product"}],"replies":[{"embeddable":true,"href":"https:\/\/fixtron.de\/index.php?rest_route=%2Fwp%2Fv2%2Fcomments&post=20596"}],"wp:featuredmedia":[{"embeddable":true,"href":"https:\/\/fixtron.de\/index.php?rest_route=\/wp\/v2\/media\/20190"}],"wp:attachment":[{"href":"https:\/\/fixtron.de\/index.php?rest_route=%2Fwp%2Fv2%2Fmedia&parent=20596"}],"wp:term":[{"taxonomy":"product_cat","embeddable":true,"href":"https:\/\/fixtron.de\/index.php?rest_route=%2Fwp%2Fv2%2Fproduct_cat&post=20596"},{"taxonomy":"product_tag","embeddable":true,"href":"https:\/\/fixtron.de\/index.php?rest_route=%2Fwp%2Fv2%2Fproduct_tag&post=20596"}],"curies":[{"name":"wp","href":"https:\/\/api.w.org\/{rel}","templated":true}]}}