{"id":20572,"date":"2020-05-23T13:46:00","date_gmt":"2020-05-23T13:46:00","guid":{"rendered":"https:\/\/fixtron.de\/?product=deckenstutzen-250-mm-lang-f-50-mm"},"modified":"2023-11-06T09:05:45","modified_gmt":"2023-11-06T09:05:45","slug":"deckenstutzen-250-mm-lang-f-50-mm","status":"publish","type":"product","link":"https:\/\/fixtron.de\/?product=deckenstutzen-250-mm-lang-f-50-mm","title":{"rendered":"Deckenstutzen 250 mm Lang f. 50 mm"},"content":{"rendered":"<p>Deckenstutzen 250 mm Lang f. 50 mm<\/p>\n<ul>\n<li>Deckenstutzen f\u00fcr 25 mm Bohrung 250 mm Lang f\u00fcr 50 mm Schlauch<\/li>\n<li>Geeignet f\u00fcr die \u00dcberkopf D\u00e4mmschichttrocknung ohne den Oberbelag, der dar\u00fcber liegenden Etage zu zerst\u00f6ren. Man bohrt mit einem 25 mm \u00d8 Bohrer in die Decke um die dar\u00fcber liegende D\u00e4mmschicht zu Trocknen ohne den Oberbelag des Fu\u00dfbodens zu zerst\u00f6ren. Nach Beendigung der Trocknungsma\u00dfnahme m\u00fcssen lediglich die 25 mm L\u00f6cher verschlossen werden.<\/li>\n<\/ul>\n","protected":false},"excerpt":{"rendered":"<p>Deckenstutzen 250 mm Lang f. 50 mm<\/p>\n","protected":false},"featured_media":20165,"comment_status":"closed","ping_status":"closed","template":"","meta":[],"product_cat":[100,147,145],"product_tag":[190,218,212,219,197],"yoast_head":"<!-- This site is optimized with the Yoast SEO plugin v22.5 - https:\/\/yoast.com\/wordpress\/plugins\/seo\/ -->\n<title>Deckenstutzen 250 mm Lang f. 50 mm - FIXTRON GMBH - Shop<\/title>\n<meta name=\"description\" content=\"Deckenstutzen 250 mm Lang f. 50 mm - Geeignet f\u00fcr die \u00dcberkopf D\u00e4mmschichttrocknung - Zerst\u00f6rungsfreie Trocknung\" \/>\n<meta name=\"robots\" content=\"index, follow, max-snippet:-1, max-image-preview:large, max-video-preview:-1\" \/>\n<link rel=\"canonical\" href=\"https:\/\/fixtron.de\/?product=deckenstutzen-250-mm-lang-f-50-mm\" \/>\n<meta property=\"og:locale\" content=\"de_DE\" \/>\n<meta property=\"og:type\" content=\"article\" \/>\n<meta property=\"og:title\" content=\"Deckenstutzen 250 mm Lang f. 50 mm - FIXTRON GMBH - Shop\" \/>\n<meta property=\"og:description\" content=\"Deckenstutzen 250 mm Lang f. 50 mm - Geeignet f\u00fcr die \u00dcberkopf D\u00e4mmschichttrocknung - Zerst\u00f6rungsfreie Trocknung\" \/>\n<meta property=\"og:url\" content=\"https:\/\/fixtron.de\/?product=deckenstutzen-250-mm-lang-f-50-mm\" \/>\n<meta property=\"og:site_name\" content=\"FIXTRON GMBH - Shop\" \/>\n<meta property=\"article:modified_time\" content=\"2023-11-06T09:05:45+00:00\" \/>\n<meta property=\"og:image\" content=\"https:\/\/fixtron.de\/wp-content\/uploads\/2020\/05\/ZU10015.jpg\" \/>\n\t<meta property=\"og:image:width\" content=\"1000\" \/>\n\t<meta property=\"og:image:height\" content=\"1000\" \/>\n\t<meta property=\"og:image:type\" content=\"image\/jpeg\" \/>\n<meta name=\"twitter:card\" content=\"summary_large_image\" \/>\n<script type=\"application\/ld+json\" class=\"yoast-schema-graph\">{\"@context\":\"https:\/\/schema.org\",\"@graph\":[{\"@type\":\"WebPage\",\"@id\":\"https:\/\/fixtron.de\/?product=deckenstutzen-250-mm-lang-f-50-mm\",\"url\":\"https:\/\/fixtron.de\/?product=deckenstutzen-250-mm-lang-f-50-mm\",\"name\":\"Deckenstutzen 250 mm Lang f. 50 mm - FIXTRON GMBH - Shop\",\"isPartOf\":{\"@id\":\"https:\/\/fixtron.de\/#website\"},\"primaryImageOfPage\":{\"@id\":\"https:\/\/fixtron.de\/?product=deckenstutzen-250-mm-lang-f-50-mm#primaryimage\"},\"image\":{\"@id\":\"https:\/\/fixtron.de\/?product=deckenstutzen-250-mm-lang-f-50-mm#primaryimage\"},\"thumbnailUrl\":\"https:\/\/fixtron.de\/wp-content\/uploads\/2020\/05\/ZU10015.jpg\",\"datePublished\":\"2020-05-23T13:46:00+00:00\",\"dateModified\":\"2023-11-06T09:05:45+00:00\",\"description\":\"Deckenstutzen 250 mm Lang f. 50 mm - Geeignet f\u00fcr die \u00dcberkopf D\u00e4mmschichttrocknung - Zerst\u00f6rungsfreie Trocknung\",\"breadcrumb\":{\"@id\":\"https:\/\/fixtron.de\/?product=deckenstutzen-250-mm-lang-f-50-mm#breadcrumb\"},\"inLanguage\":\"de\",\"potentialAction\":[{\"@type\":\"ReadAction\",\"target\":[\"https:\/\/fixtron.de\/?product=deckenstutzen-250-mm-lang-f-50-mm\"]}]},{\"@type\":\"ImageObject\",\"inLanguage\":\"de\",\"@id\":\"https:\/\/fixtron.de\/?product=deckenstutzen-250-mm-lang-f-50-mm#primaryimage\",\"url\":\"https:\/\/fixtron.de\/wp-content\/uploads\/2020\/05\/ZU10015.jpg\",\"contentUrl\":\"https:\/\/fixtron.de\/wp-content\/uploads\/2020\/05\/ZU10015.jpg\",\"width\":1000,\"height\":1000,\"caption\":\"Deckenstutzen 250 mm\"},{\"@type\":\"BreadcrumbList\",\"@id\":\"https:\/\/fixtron.de\/?product=deckenstutzen-250-mm-lang-f-50-mm#breadcrumb\",\"itemListElement\":[{\"@type\":\"ListItem\",\"position\":1,\"name\":\"Startseite\",\"item\":\"https:\/\/fixtron.de\/\"},{\"@type\":\"ListItem\",\"position\":2,\"name\":\"Shop\",\"item\":\"https:\/\/fixtron.de\/?page_id=16552\"},{\"@type\":\"ListItem\",\"position\":3,\"name\":\"Deckenstutzen 250 mm Lang f. 50 mm\"}]},{\"@type\":\"WebSite\",\"@id\":\"https:\/\/fixtron.de\/#website\",\"url\":\"https:\/\/fixtron.de\/\",\"name\":\"FIXTRON GMBH - Shop\",\"description\":\"...Ihr zuverl\u00e4ssiger Partner\",\"potentialAction\":[{\"@type\":\"SearchAction\",\"target\":{\"@type\":\"EntryPoint\",\"urlTemplate\":\"https:\/\/fixtron.de\/?s={search_term_string}\"},\"query-input\":\"required name=search_term_string\"}],\"inLanguage\":\"de\"}]}<\/script>\n<!-- \/ Yoast SEO plugin. -->","yoast_head_json":{"title":"Deckenstutzen 250 mm Lang f. 50 mm - FIXTRON GMBH - Shop","description":"Deckenstutzen 250 mm Lang f. 50 mm - Geeignet f\u00fcr die \u00dcberkopf D\u00e4mmschichttrocknung - Zerst\u00f6rungsfreie Trocknung","robots":{"index":"index","follow":"follow","max-snippet":"max-snippet:-1","max-image-preview":"max-image-preview:large","max-video-preview":"max-video-preview:-1"},"canonical":"https:\/\/fixtron.de\/?product=deckenstutzen-250-mm-lang-f-50-mm","og_locale":"de_DE","og_type":"article","og_title":"Deckenstutzen 250 mm Lang f. 50 mm - FIXTRON GMBH - Shop","og_description":"Deckenstutzen 250 mm Lang f. 50 mm - Geeignet f\u00fcr die \u00dcberkopf D\u00e4mmschichttrocknung - Zerst\u00f6rungsfreie Trocknung","og_url":"https:\/\/fixtron.de\/?product=deckenstutzen-250-mm-lang-f-50-mm","og_site_name":"FIXTRON GMBH - Shop","article_modified_time":"2023-11-06T09:05:45+00:00","og_image":[{"width":1000,"height":1000,"url":"https:\/\/fixtron.de\/wp-content\/uploads\/2020\/05\/ZU10015.jpg","type":"image\/jpeg"}],"twitter_card":"summary_large_image","schema":{"@context":"https:\/\/schema.org","@graph":[{"@type":"WebPage","@id":"https:\/\/fixtron.de\/?product=deckenstutzen-250-mm-lang-f-50-mm","url":"https:\/\/fixtron.de\/?product=deckenstutzen-250-mm-lang-f-50-mm","name":"Deckenstutzen 250 mm Lang f. 50 mm - FIXTRON GMBH - Shop","isPartOf":{"@id":"https:\/\/fixtron.de\/#website"},"primaryImageOfPage":{"@id":"https:\/\/fixtron.de\/?product=deckenstutzen-250-mm-lang-f-50-mm#primaryimage"},"image":{"@id":"https:\/\/fixtron.de\/?product=deckenstutzen-250-mm-lang-f-50-mm#primaryimage"},"thumbnailUrl":"https:\/\/fixtron.de\/wp-content\/uploads\/2020\/05\/ZU10015.jpg","datePublished":"2020-05-23T13:46:00+00:00","dateModified":"2023-11-06T09:05:45+00:00","description":"Deckenstutzen 250 mm Lang f. 50 mm - Geeignet f\u00fcr die \u00dcberkopf D\u00e4mmschichttrocknung - Zerst\u00f6rungsfreie Trocknung","breadcrumb":{"@id":"https:\/\/fixtron.de\/?product=deckenstutzen-250-mm-lang-f-50-mm#breadcrumb"},"inLanguage":"de","potentialAction":[{"@type":"ReadAction","target":["https:\/\/fixtron.de\/?product=deckenstutzen-250-mm-lang-f-50-mm"]}]},{"@type":"ImageObject","inLanguage":"de","@id":"https:\/\/fixtron.de\/?product=deckenstutzen-250-mm-lang-f-50-mm#primaryimage","url":"https:\/\/fixtron.de\/wp-content\/uploads\/2020\/05\/ZU10015.jpg","contentUrl":"https:\/\/fixtron.de\/wp-content\/uploads\/2020\/05\/ZU10015.jpg","width":1000,"height":1000,"caption":"Deckenstutzen 250 mm"},{"@type":"BreadcrumbList","@id":"https:\/\/fixtron.de\/?product=deckenstutzen-250-mm-lang-f-50-mm#breadcrumb","itemListElement":[{"@type":"ListItem","position":1,"name":"Startseite","item":"https:\/\/fixtron.de\/"},{"@type":"ListItem","position":2,"name":"Shop","item":"https:\/\/fixtron.de\/?page_id=16552"},{"@type":"ListItem","position":3,"name":"Deckenstutzen 250 mm Lang f. 50 mm"}]},{"@type":"WebSite","@id":"https:\/\/fixtron.de\/#website","url":"https:\/\/fixtron.de\/","name":"FIXTRON GMBH - Shop","description":"...Ihr zuverl\u00e4ssiger Partner","potentialAction":[{"@type":"SearchAction","target":{"@type":"EntryPoint","urlTemplate":"https:\/\/fixtron.de\/?s={search_term_string}"},"query-input":"required name=search_term_string"}],"inLanguage":"de"}]}},"_links":{"self":[{"href":"https:\/\/fixtron.de\/index.php?rest_route=\/wp\/v2\/product\/20572"}],"collection":[{"href":"https:\/\/fixtron.de\/index.php?rest_route=\/wp\/v2\/product"}],"about":[{"href":"https:\/\/fixtron.de\/index.php?rest_route=\/wp\/v2\/types\/product"}],"replies":[{"embeddable":true,"href":"https:\/\/fixtron.de\/index.php?rest_route=%2Fwp%2Fv2%2Fcomments&post=20572"}],"wp:featuredmedia":[{"embeddable":true,"href":"https:\/\/fixtron.de\/index.php?rest_route=\/wp\/v2\/media\/20165"}],"wp:attachment":[{"href":"https:\/\/fixtron.de\/index.php?rest_route=%2Fwp%2Fv2%2Fmedia&parent=20572"}],"wp:term":[{"taxonomy":"product_cat","embeddable":true,"href":"https:\/\/fixtron.de\/index.php?rest_route=%2Fwp%2Fv2%2Fproduct_cat&post=20572"},{"taxonomy":"product_tag","embeddable":true,"href":"https:\/\/fixtron.de\/index.php?rest_route=%2Fwp%2Fv2%2Fproduct_tag&post=20572"}],"curies":[{"name":"wp","href":"https:\/\/api.w.org\/{rel}","templated":true}]}}