{"id":20561,"date":"2020-05-23T13:46:00","date_gmt":"2020-05-23T13:46:00","guid":{"rendered":"https:\/\/fixtron.de\/?product=wasserabscheider-wa-mini-schwarz"},"modified":"2025-02-18T09:34:52","modified_gmt":"2025-02-18T09:34:52","slug":"wasserabscheider-wa-mini-schwarz","status":"publish","type":"product","link":"https:\/\/fixtron.de\/?product=wasserabscheider-wa-mini-schwarz","title":{"rendered":"Wasserabscheider WA Mini schwarz"},"content":{"rendered":"<p><strong> Wasserabscheider WA Mini schwarz<\/strong><\/p>\n<p>Bei dem Wasserabscheider WA Mini handelt es sich um eine Sensorgesteuerte elektrisch betriebene, mobile Filterstation. Dieses Ger\u00e4t kann auch in bewohnten R\u00e4umen eingesetzt werden, entsprechend der Anforderung nach geringer Staubemission, kann bei uns ein Filtergeh\u00e4use inkl. Hepa-Filter Schwebstoffklasse H13 erworben werden, mit diesem Filter werden Feinst\u00e4ube, bis zu 99,95 %, aus der Raumluft herausgefiltert.<\/p>\n<p>&nbsp;<\/p>\n<ul>\n<li>Der Wasserabscheider eignet sich zur D\u00e4mmschichttrocknung mit stehendem Wasser bei schwimmenden Estrichen, Flachd\u00e4chern (Warmdachkonstruktionen), Hohlraumb\u00f6den, usw.<\/li>\n<li>Mit dem WA Mini kann man sowohl Kleinfl\u00e4chen (40m\u00b3), als auch Gro\u00dffl\u00e4chen(80m\u00b3) im Saugverfahren trocknen.<\/li>\n<li>Fixtron hat mit dem WA Mini in Kombination mit dem Seitenkanalverdichter, Filtergeh\u00e4use inkl. Hepa-Filter Schwebstoffklasse H13 und Schalld\u00e4mpfer ein optimal aufeinander abgestimmtes System entwickelt, mit dem vielseitige Entfeuchtungen m\u00f6glich sind.<\/li>\n<li>Das abgesaugte Wasser wird automatisch \u00fcber den Mitgelieferten 10 m Abwasserschlauch abgepumpt, sobald der Beh\u00e4lter voll ist.<\/li>\n<li>Es k\u00f6nnen gleichzeitig bis zu 2 Seitenkanalverdichter DV 50 angeschlossen werden, diese werden durch die Steuereinheit des Wasserabscheiders WA Mini, im Betrieb zeitverz\u00f6gert, eingeschaltet.<\/li>\n<\/ul>\n<p><strong>Mit einem Seitenkanalverdichter DV 50 k\u00f6nnen Fl\u00e4chen bis zu 40 m\u00b2<\/strong> <strong>getrocknet werden.<\/strong><\/p>\n<ul>\n<li>Dabei wird die Saugseite des Seitenkanalverdichters an einen der beiden Anschlussstutzen angeschlossen, der Anschlussstutzen der nicht ben\u00f6tigt wird, wird mit einer der mitgelieferten Verschlusskappe verschlossen. Beim Einsatz eines Hepa-Filters wird das Filtergeh\u00e4use inkl. Hepa-Filter Schwebstoffklasse H13 an den Saugschlauch zwischen WA Mini und Seitenkanalverdichter angeschlossen.<\/li>\n<\/ul>\n<p><strong>Mit zwei Seitenkanalverdichter DV 50 k\u00f6nnen Fl\u00e4chen bis zu 80 m\u00b2 getrocknet werden.<\/strong><\/p>\n<ul>\n<li>Dabei werden jeweils die Saugseiten der beiden Seitenkanalverdichter an die Anschlussstutzen des WA Minis angeschlossen. Beim Einsatz eines Hepa-Filters wird jeweils das Filtergeh\u00e4use inkl. Hepa-Filter Schwebstoffklasse H13 an den Saugschlauch zwischen WA Mini und den Seitenkanalverdichtern angeschlossen.<\/li>\n<li><strong>Wichtig!<\/strong> Die Zusatzsteckdose an den Seitenkanalverdichtern (falls vorhanden) darf w\u00e4hrend des Betriebs mit dem Wasserabscheider nicht verwendet werden.<\/li>\n<\/ul>\n<p>&nbsp;<\/p>\n<p>Im Lieferumfang sind enthalten:<\/p>\n<ul>\n<li>Wasserabscheider Wa Mini Schwarz<\/li>\n<li>3 Verschlusskappen 38 mm (auf Anfrage auch in 50 mm erh\u00e4ltlich)<\/li>\n<li>2 Anschlussstutzen WA Mini (auf Anfrage auch in 50 mm erh\u00e4ltlich)<\/li>\n<li>Abwasserschlauch 7 m l\u00e4nge mit Schlauchanschluss (Geka)<\/li>\n<\/ul>\n","protected":false},"excerpt":{"rendered":"<p>Wasserabscheider WA Mini schwarz<\/p>\n","protected":false},"featured_media":20156,"comment_status":"closed","ping_status":"closed","template":"","meta":[],"product_cat":[100,142],"product_tag":[190,213,196,202,211,209],"yoast_head":"<!-- This site is optimized with the Yoast SEO plugin v22.5 - https:\/\/yoast.com\/wordpress\/plugins\/seo\/ -->\n<title>Wasserabscheider WA Mini schwarz - FIXTRON GMBH - Shop<\/title>\n<meta name=\"description\" content=\"Wasserabscheider WA Mini Schwarz - 3 Verschlusskappen 38 mm - 2 Anschlussstutzen WA Mini - Abwasserschlauch 7 m l\u00e4nge mit Schlauchanschluss\" \/>\n<meta name=\"robots\" content=\"index, follow, max-snippet:-1, max-image-preview:large, max-video-preview:-1\" \/>\n<link rel=\"canonical\" href=\"https:\/\/fixtron.de\/?product=wasserabscheider-wa-mini-schwarz\" \/>\n<meta property=\"og:locale\" content=\"de_DE\" \/>\n<meta property=\"og:type\" content=\"article\" \/>\n<meta property=\"og:title\" content=\"Wasserabscheider WA Mini schwarz - FIXTRON GMBH - Shop\" \/>\n<meta property=\"og:description\" content=\"Wasserabscheider WA Mini Schwarz - 3 Verschlusskappen 38 mm - 2 Anschlussstutzen WA Mini - Abwasserschlauch 7 m l\u00e4nge mit Schlauchanschluss\" \/>\n<meta property=\"og:url\" content=\"https:\/\/fixtron.de\/?product=wasserabscheider-wa-mini-schwarz\" \/>\n<meta property=\"og:site_name\" content=\"FIXTRON GMBH - Shop\" \/>\n<meta property=\"article:modified_time\" content=\"2025-02-18T09:34:52+00:00\" \/>\n<meta property=\"og:image\" content=\"https:\/\/fixtron.de\/wp-content\/uploads\/2020\/05\/WA10044.jpg\" \/>\n\t<meta property=\"og:image:width\" content=\"1000\" \/>\n\t<meta property=\"og:image:height\" content=\"1000\" \/>\n\t<meta property=\"og:image:type\" content=\"image\/jpeg\" \/>\n<meta name=\"twitter:card\" content=\"summary_large_image\" \/>\n<meta name=\"twitter:label1\" content=\"Gesch\u00e4tzte Lesezeit\" \/>\n\t<meta name=\"twitter:data1\" content=\"3\u00a0Minuten\" \/>\n<script type=\"application\/ld+json\" class=\"yoast-schema-graph\">{\"@context\":\"https:\/\/schema.org\",\"@graph\":[{\"@type\":\"WebPage\",\"@id\":\"https:\/\/fixtron.de\/?product=wasserabscheider-wa-mini-schwarz\",\"url\":\"https:\/\/fixtron.de\/?product=wasserabscheider-wa-mini-schwarz\",\"name\":\"Wasserabscheider WA Mini schwarz - FIXTRON GMBH - Shop\",\"isPartOf\":{\"@id\":\"https:\/\/fixtron.de\/#website\"},\"primaryImageOfPage\":{\"@id\":\"https:\/\/fixtron.de\/?product=wasserabscheider-wa-mini-schwarz#primaryimage\"},\"image\":{\"@id\":\"https:\/\/fixtron.de\/?product=wasserabscheider-wa-mini-schwarz#primaryimage\"},\"thumbnailUrl\":\"https:\/\/fixtron.de\/wp-content\/uploads\/2020\/05\/WA10044.jpg\",\"datePublished\":\"2020-05-23T13:46:00+00:00\",\"dateModified\":\"2025-02-18T09:34:52+00:00\",\"description\":\"Wasserabscheider WA Mini Schwarz - 3 Verschlusskappen 38 mm - 2 Anschlussstutzen WA Mini - Abwasserschlauch 7 m l\u00e4nge mit Schlauchanschluss\",\"breadcrumb\":{\"@id\":\"https:\/\/fixtron.de\/?product=wasserabscheider-wa-mini-schwarz#breadcrumb\"},\"inLanguage\":\"de\",\"potentialAction\":[{\"@type\":\"ReadAction\",\"target\":[\"https:\/\/fixtron.de\/?product=wasserabscheider-wa-mini-schwarz\"]}]},{\"@type\":\"ImageObject\",\"inLanguage\":\"de\",\"@id\":\"https:\/\/fixtron.de\/?product=wasserabscheider-wa-mini-schwarz#primaryimage\",\"url\":\"https:\/\/fixtron.de\/wp-content\/uploads\/2020\/05\/WA10044.jpg\",\"contentUrl\":\"https:\/\/fixtron.de\/wp-content\/uploads\/2020\/05\/WA10044.jpg\",\"width\":1000,\"height\":1000,\"caption\":\"Wasserabscheider WA Mini schwarz\"},{\"@type\":\"BreadcrumbList\",\"@id\":\"https:\/\/fixtron.de\/?product=wasserabscheider-wa-mini-schwarz#breadcrumb\",\"itemListElement\":[{\"@type\":\"ListItem\",\"position\":1,\"name\":\"Startseite\",\"item\":\"https:\/\/fixtron.de\/\"},{\"@type\":\"ListItem\",\"position\":2,\"name\":\"Shop\",\"item\":\"https:\/\/fixtron.de\/?page_id=16552\"},{\"@type\":\"ListItem\",\"position\":3,\"name\":\"Wasserabscheider WA Mini schwarz\"}]},{\"@type\":\"WebSite\",\"@id\":\"https:\/\/fixtron.de\/#website\",\"url\":\"https:\/\/fixtron.de\/\",\"name\":\"FIXTRON GMBH - Shop\",\"description\":\"...Ihr zuverl\u00e4ssiger Partner\",\"potentialAction\":[{\"@type\":\"SearchAction\",\"target\":{\"@type\":\"EntryPoint\",\"urlTemplate\":\"https:\/\/fixtron.de\/?s={search_term_string}\"},\"query-input\":\"required name=search_term_string\"}],\"inLanguage\":\"de\"}]}<\/script>\n<!-- \/ Yoast SEO plugin. -->","yoast_head_json":{"title":"Wasserabscheider WA Mini schwarz - FIXTRON GMBH - Shop","description":"Wasserabscheider WA Mini Schwarz - 3 Verschlusskappen 38 mm - 2 Anschlussstutzen WA Mini - Abwasserschlauch 7 m l\u00e4nge mit Schlauchanschluss","robots":{"index":"index","follow":"follow","max-snippet":"max-snippet:-1","max-image-preview":"max-image-preview:large","max-video-preview":"max-video-preview:-1"},"canonical":"https:\/\/fixtron.de\/?product=wasserabscheider-wa-mini-schwarz","og_locale":"de_DE","og_type":"article","og_title":"Wasserabscheider WA Mini schwarz - FIXTRON GMBH - Shop","og_description":"Wasserabscheider WA Mini Schwarz - 3 Verschlusskappen 38 mm - 2 Anschlussstutzen WA Mini - Abwasserschlauch 7 m l\u00e4nge mit Schlauchanschluss","og_url":"https:\/\/fixtron.de\/?product=wasserabscheider-wa-mini-schwarz","og_site_name":"FIXTRON GMBH - Shop","article_modified_time":"2025-02-18T09:34:52+00:00","og_image":[{"width":1000,"height":1000,"url":"https:\/\/fixtron.de\/wp-content\/uploads\/2020\/05\/WA10044.jpg","type":"image\/jpeg"}],"twitter_card":"summary_large_image","twitter_misc":{"Gesch\u00e4tzte Lesezeit":"3\u00a0Minuten"},"schema":{"@context":"https:\/\/schema.org","@graph":[{"@type":"WebPage","@id":"https:\/\/fixtron.de\/?product=wasserabscheider-wa-mini-schwarz","url":"https:\/\/fixtron.de\/?product=wasserabscheider-wa-mini-schwarz","name":"Wasserabscheider WA Mini schwarz - FIXTRON GMBH - Shop","isPartOf":{"@id":"https:\/\/fixtron.de\/#website"},"primaryImageOfPage":{"@id":"https:\/\/fixtron.de\/?product=wasserabscheider-wa-mini-schwarz#primaryimage"},"image":{"@id":"https:\/\/fixtron.de\/?product=wasserabscheider-wa-mini-schwarz#primaryimage"},"thumbnailUrl":"https:\/\/fixtron.de\/wp-content\/uploads\/2020\/05\/WA10044.jpg","datePublished":"2020-05-23T13:46:00+00:00","dateModified":"2025-02-18T09:34:52+00:00","description":"Wasserabscheider WA Mini Schwarz - 3 Verschlusskappen 38 mm - 2 Anschlussstutzen WA Mini - Abwasserschlauch 7 m l\u00e4nge mit Schlauchanschluss","breadcrumb":{"@id":"https:\/\/fixtron.de\/?product=wasserabscheider-wa-mini-schwarz#breadcrumb"},"inLanguage":"de","potentialAction":[{"@type":"ReadAction","target":["https:\/\/fixtron.de\/?product=wasserabscheider-wa-mini-schwarz"]}]},{"@type":"ImageObject","inLanguage":"de","@id":"https:\/\/fixtron.de\/?product=wasserabscheider-wa-mini-schwarz#primaryimage","url":"https:\/\/fixtron.de\/wp-content\/uploads\/2020\/05\/WA10044.jpg","contentUrl":"https:\/\/fixtron.de\/wp-content\/uploads\/2020\/05\/WA10044.jpg","width":1000,"height":1000,"caption":"Wasserabscheider WA Mini schwarz"},{"@type":"BreadcrumbList","@id":"https:\/\/fixtron.de\/?product=wasserabscheider-wa-mini-schwarz#breadcrumb","itemListElement":[{"@type":"ListItem","position":1,"name":"Startseite","item":"https:\/\/fixtron.de\/"},{"@type":"ListItem","position":2,"name":"Shop","item":"https:\/\/fixtron.de\/?page_id=16552"},{"@type":"ListItem","position":3,"name":"Wasserabscheider WA Mini schwarz"}]},{"@type":"WebSite","@id":"https:\/\/fixtron.de\/#website","url":"https:\/\/fixtron.de\/","name":"FIXTRON GMBH - Shop","description":"...Ihr zuverl\u00e4ssiger Partner","potentialAction":[{"@type":"SearchAction","target":{"@type":"EntryPoint","urlTemplate":"https:\/\/fixtron.de\/?s={search_term_string}"},"query-input":"required name=search_term_string"}],"inLanguage":"de"}]}},"_links":{"self":[{"href":"https:\/\/fixtron.de\/index.php?rest_route=\/wp\/v2\/product\/20561"}],"collection":[{"href":"https:\/\/fixtron.de\/index.php?rest_route=\/wp\/v2\/product"}],"about":[{"href":"https:\/\/fixtron.de\/index.php?rest_route=\/wp\/v2\/types\/product"}],"replies":[{"embeddable":true,"href":"https:\/\/fixtron.de\/index.php?rest_route=%2Fwp%2Fv2%2Fcomments&post=20561"}],"wp:featuredmedia":[{"embeddable":true,"href":"https:\/\/fixtron.de\/index.php?rest_route=\/wp\/v2\/media\/20156"}],"wp:attachment":[{"href":"https:\/\/fixtron.de\/index.php?rest_route=%2Fwp%2Fv2%2Fmedia&parent=20561"}],"wp:term":[{"taxonomy":"product_cat","embeddable":true,"href":"https:\/\/fixtron.de\/index.php?rest_route=%2Fwp%2Fv2%2Fproduct_cat&post=20561"},{"taxonomy":"product_tag","embeddable":true,"href":"https:\/\/fixtron.de\/index.php?rest_route=%2Fwp%2Fv2%2Fproduct_tag&post=20561"}],"curies":[{"name":"wp","href":"https:\/\/api.w.org\/{rel}","templated":true}]}}