{"id":20523,"date":"2020-05-23T13:46:00","date_gmt":"2020-05-23T13:46:00","guid":{"rendered":"https:\/\/fixtron.de\/?product=gann-aktiv-elektrode-bl-rht37-350fl"},"modified":"2025-03-10T12:25:43","modified_gmt":"2025-03-10T12:25:43","slug":"gann-aktiv-elektrode-bl-rht37-350fl","status":"publish","type":"product","link":"https:\/\/fixtron.de\/?product=gann-aktiv-elektrode-bl-rht37-350fl","title":{"rendered":"Gann Aktiv-Elektrode BL RHT37-350 Flex"},"content":{"rendered":"<p><strong>Gann Aktiv-Elektrode BL RHT37-350 Flex<\/strong><\/p>\n<p>&nbsp;<\/p>\n<ul>\n<li style=\"list-style-type: none;\">\n<ul>\n<li>Die Gann Aktiv-Elektrode RH-T 37 BL flex 350 ist eine Spezialsonde f\u00fcr Luftfeuchte- und Lufttemperaturmessung und wurde besonders f\u00fcr Messungen in Sch\u00fcttg\u00fctern und Feststoffen (z.B. Mauerwerk oder Estriche) entwickelt.<br \/>\nDie Elektrode kann mit der Hydromette BL UNI 11 &amp; Hydromette CH 17 verwendet werden.<\/li>\n<li>Durch das d\u00fcnne F\u00fchlerrohr hervorragend geeignet f\u00fcr Feuchteanalysen, Schadensbegutachtung und Bauaustrocknung. Auch die Pr\u00fcfung der Verlegerreife von Boden- und Wandbel\u00e4ge z\u00e4hlen zu ihren Aufgabenbereichen<\/li>\n<li>Das\u00a0F\u00fchlerrohr\u00a0hat eine\u00a0L\u00e4nge von ca. 350 mm\u00a0und einen\u00a0Durchmesser von 6,5 mm, womit auch\u00a0Messungen in Fugen m\u00f6glich\u00a0sind, ohne dabei eine Besch\u00e4digung von Wand- oder Fu\u00dfbodenkacheln in Kauf nehmen zu m\u00fcssen<\/li>\n<li>Das flexible F\u00fchlerrohr (auch\u00a0Schwanenhals\u00a0genannt) erm\u00f6glicht problemlose und komfortable\u00a0Messungen an schwer zug\u00e4nglichen Stellen<\/li>\n<li>Mit der Hydromette BL UNI 11 &amp; Hydromette CH 17 kann die Luftfeuchte im Bohrloch gemessen werden und mittels\u00a0Sorptionsisothermen\u00a0die Belegreife bzw. der Feuchtegehalt von bestimmten abgebundenen Baustoffen ermittelt werden<\/li>\n<li>F\u00fcr\u00a0besonders pr\u00e4zise Messungen\u00a0sollte das Ger\u00e4t 10 &#8211; 15 Minuten dem zu messenden Umgebungsklima ausgesetzt werden, damit eventuelle Temperaturunterschiede zwischen Elektrode und umgebenden Klima ausgeglichen werden k\u00f6nnen<\/li>\n<li>F\u00fcr Messungen in staubhaltiger Luft, bei Schadstoffemission oder hoher Luftgeschwindigkeit besitzt die Aktiv-Elektrode\u00a0serienm\u00e4\u00dfig\u00a0einen\u00a0Membranfilter<\/li>\n<\/ul>\n<\/li>\n<\/ul>\n","protected":false},"excerpt":{"rendered":"<p>Gann Aktiv-Elektrode BL RHT37-350 Flex<\/p>\n","protected":false},"featured_media":20798,"comment_status":"closed","ping_status":"closed","template":"","meta":[],"product_cat":[105,153,155],"product_tag":[245,232,220,205],"yoast_head":"<!-- This site is optimized with the Yoast SEO plugin v22.5 - https:\/\/yoast.com\/wordpress\/plugins\/seo\/ -->\n<title>Gann Aktiv-Elektrode BL RHT37-350 Flex - FIXTRON GMBH - Shop<\/title>\n<meta name=\"description\" content=\"Gann Aktiv-Elektrode BL RHT37-350 Flex - Spezialsonde f\u00fcr\u00a0Luftfeuchte- und\u00a0Lufttemperaturmessung - Messungen in Sch\u00fcttg\u00fctern und Feststoffen\" \/>\n<meta name=\"robots\" content=\"index, follow, max-snippet:-1, max-image-preview:large, max-video-preview:-1\" \/>\n<link rel=\"canonical\" href=\"https:\/\/fixtron.de\/?product=gann-aktiv-elektrode-bl-rht37-350fl\" \/>\n<meta property=\"og:locale\" content=\"de_DE\" \/>\n<meta property=\"og:type\" content=\"article\" \/>\n<meta property=\"og:title\" content=\"Gann Aktiv-Elektrode BL RHT37-350 Flex - FIXTRON GMBH - Shop\" \/>\n<meta property=\"og:description\" content=\"Gann Aktiv-Elektrode BL RHT37-350 Flex - Spezialsonde f\u00fcr\u00a0Luftfeuchte- und\u00a0Lufttemperaturmessung - Messungen in Sch\u00fcttg\u00fctern und Feststoffen\" \/>\n<meta property=\"og:url\" content=\"https:\/\/fixtron.de\/?product=gann-aktiv-elektrode-bl-rht37-350fl\" \/>\n<meta property=\"og:site_name\" content=\"FIXTRON GMBH - Shop\" \/>\n<meta property=\"article:modified_time\" content=\"2025-03-10T12:25:43+00:00\" \/>\n<meta property=\"og:image\" content=\"https:\/\/fixtron.de\/wp-content\/uploads\/2020\/08\/BL-RH-T-37-flex-250-big.jpg\" \/>\n\t<meta property=\"og:image:width\" content=\"1000\" \/>\n\t<meta property=\"og:image:height\" content=\"1000\" \/>\n\t<meta property=\"og:image:type\" content=\"image\/jpeg\" \/>\n<meta name=\"twitter:card\" content=\"summary_large_image\" \/>\n<meta name=\"twitter:label1\" content=\"Gesch\u00e4tzte Lesezeit\" \/>\n\t<meta name=\"twitter:data1\" content=\"1\u00a0Minute\" \/>\n<script type=\"application\/ld+json\" class=\"yoast-schema-graph\">{\"@context\":\"https:\/\/schema.org\",\"@graph\":[{\"@type\":\"WebPage\",\"@id\":\"https:\/\/fixtron.de\/?product=gann-aktiv-elektrode-bl-rht37-350fl\",\"url\":\"https:\/\/fixtron.de\/?product=gann-aktiv-elektrode-bl-rht37-350fl\",\"name\":\"Gann Aktiv-Elektrode BL RHT37-350 Flex - FIXTRON GMBH - Shop\",\"isPartOf\":{\"@id\":\"https:\/\/fixtron.de\/#website\"},\"primaryImageOfPage\":{\"@id\":\"https:\/\/fixtron.de\/?product=gann-aktiv-elektrode-bl-rht37-350fl#primaryimage\"},\"image\":{\"@id\":\"https:\/\/fixtron.de\/?product=gann-aktiv-elektrode-bl-rht37-350fl#primaryimage\"},\"thumbnailUrl\":\"https:\/\/fixtron.de\/wp-content\/uploads\/2020\/08\/BL-RH-T-37-flex-250-big.jpg\",\"datePublished\":\"2020-05-23T13:46:00+00:00\",\"dateModified\":\"2025-03-10T12:25:43+00:00\",\"description\":\"Gann Aktiv-Elektrode BL RHT37-350 Flex - Spezialsonde f\u00fcr\u00a0Luftfeuchte- und\u00a0Lufttemperaturmessung - Messungen in Sch\u00fcttg\u00fctern und Feststoffen\",\"breadcrumb\":{\"@id\":\"https:\/\/fixtron.de\/?product=gann-aktiv-elektrode-bl-rht37-350fl#breadcrumb\"},\"inLanguage\":\"de\",\"potentialAction\":[{\"@type\":\"ReadAction\",\"target\":[\"https:\/\/fixtron.de\/?product=gann-aktiv-elektrode-bl-rht37-350fl\"]}]},{\"@type\":\"ImageObject\",\"inLanguage\":\"de\",\"@id\":\"https:\/\/fixtron.de\/?product=gann-aktiv-elektrode-bl-rht37-350fl#primaryimage\",\"url\":\"https:\/\/fixtron.de\/wp-content\/uploads\/2020\/08\/BL-RH-T-37-flex-250-big.jpg\",\"contentUrl\":\"https:\/\/fixtron.de\/wp-content\/uploads\/2020\/08\/BL-RH-T-37-flex-250-big.jpg\",\"width\":1000,\"height\":1000,\"caption\":\"Gann Aktiv-Elektrode BL\"},{\"@type\":\"BreadcrumbList\",\"@id\":\"https:\/\/fixtron.de\/?product=gann-aktiv-elektrode-bl-rht37-350fl#breadcrumb\",\"itemListElement\":[{\"@type\":\"ListItem\",\"position\":1,\"name\":\"Startseite\",\"item\":\"https:\/\/fixtron.de\/\"},{\"@type\":\"ListItem\",\"position\":2,\"name\":\"Shop\",\"item\":\"https:\/\/fixtron.de\/?page_id=16552\"},{\"@type\":\"ListItem\",\"position\":3,\"name\":\"Gann Aktiv-Elektrode BL RHT37-350 Flex\"}]},{\"@type\":\"WebSite\",\"@id\":\"https:\/\/fixtron.de\/#website\",\"url\":\"https:\/\/fixtron.de\/\",\"name\":\"FIXTRON GMBH - Shop\",\"description\":\"...Ihr zuverl\u00e4ssiger Partner\",\"potentialAction\":[{\"@type\":\"SearchAction\",\"target\":{\"@type\":\"EntryPoint\",\"urlTemplate\":\"https:\/\/fixtron.de\/?s={search_term_string}\"},\"query-input\":\"required name=search_term_string\"}],\"inLanguage\":\"de\"}]}<\/script>\n<!-- \/ Yoast SEO plugin. -->","yoast_head_json":{"title":"Gann Aktiv-Elektrode BL RHT37-350 Flex - FIXTRON GMBH - Shop","description":"Gann Aktiv-Elektrode BL RHT37-350 Flex - Spezialsonde f\u00fcr\u00a0Luftfeuchte- und\u00a0Lufttemperaturmessung - Messungen in Sch\u00fcttg\u00fctern und Feststoffen","robots":{"index":"index","follow":"follow","max-snippet":"max-snippet:-1","max-image-preview":"max-image-preview:large","max-video-preview":"max-video-preview:-1"},"canonical":"https:\/\/fixtron.de\/?product=gann-aktiv-elektrode-bl-rht37-350fl","og_locale":"de_DE","og_type":"article","og_title":"Gann Aktiv-Elektrode BL RHT37-350 Flex - FIXTRON GMBH - Shop","og_description":"Gann Aktiv-Elektrode BL RHT37-350 Flex - Spezialsonde f\u00fcr\u00a0Luftfeuchte- und\u00a0Lufttemperaturmessung - Messungen in Sch\u00fcttg\u00fctern und Feststoffen","og_url":"https:\/\/fixtron.de\/?product=gann-aktiv-elektrode-bl-rht37-350fl","og_site_name":"FIXTRON GMBH - Shop","article_modified_time":"2025-03-10T12:25:43+00:00","og_image":[{"width":1000,"height":1000,"url":"https:\/\/fixtron.de\/wp-content\/uploads\/2020\/08\/BL-RH-T-37-flex-250-big.jpg","type":"image\/jpeg"}],"twitter_card":"summary_large_image","twitter_misc":{"Gesch\u00e4tzte Lesezeit":"1\u00a0Minute"},"schema":{"@context":"https:\/\/schema.org","@graph":[{"@type":"WebPage","@id":"https:\/\/fixtron.de\/?product=gann-aktiv-elektrode-bl-rht37-350fl","url":"https:\/\/fixtron.de\/?product=gann-aktiv-elektrode-bl-rht37-350fl","name":"Gann Aktiv-Elektrode BL RHT37-350 Flex - FIXTRON GMBH - Shop","isPartOf":{"@id":"https:\/\/fixtron.de\/#website"},"primaryImageOfPage":{"@id":"https:\/\/fixtron.de\/?product=gann-aktiv-elektrode-bl-rht37-350fl#primaryimage"},"image":{"@id":"https:\/\/fixtron.de\/?product=gann-aktiv-elektrode-bl-rht37-350fl#primaryimage"},"thumbnailUrl":"https:\/\/fixtron.de\/wp-content\/uploads\/2020\/08\/BL-RH-T-37-flex-250-big.jpg","datePublished":"2020-05-23T13:46:00+00:00","dateModified":"2025-03-10T12:25:43+00:00","description":"Gann Aktiv-Elektrode BL RHT37-350 Flex - Spezialsonde f\u00fcr\u00a0Luftfeuchte- und\u00a0Lufttemperaturmessung - Messungen in Sch\u00fcttg\u00fctern und Feststoffen","breadcrumb":{"@id":"https:\/\/fixtron.de\/?product=gann-aktiv-elektrode-bl-rht37-350fl#breadcrumb"},"inLanguage":"de","potentialAction":[{"@type":"ReadAction","target":["https:\/\/fixtron.de\/?product=gann-aktiv-elektrode-bl-rht37-350fl"]}]},{"@type":"ImageObject","inLanguage":"de","@id":"https:\/\/fixtron.de\/?product=gann-aktiv-elektrode-bl-rht37-350fl#primaryimage","url":"https:\/\/fixtron.de\/wp-content\/uploads\/2020\/08\/BL-RH-T-37-flex-250-big.jpg","contentUrl":"https:\/\/fixtron.de\/wp-content\/uploads\/2020\/08\/BL-RH-T-37-flex-250-big.jpg","width":1000,"height":1000,"caption":"Gann Aktiv-Elektrode BL"},{"@type":"BreadcrumbList","@id":"https:\/\/fixtron.de\/?product=gann-aktiv-elektrode-bl-rht37-350fl#breadcrumb","itemListElement":[{"@type":"ListItem","position":1,"name":"Startseite","item":"https:\/\/fixtron.de\/"},{"@type":"ListItem","position":2,"name":"Shop","item":"https:\/\/fixtron.de\/?page_id=16552"},{"@type":"ListItem","position":3,"name":"Gann Aktiv-Elektrode BL RHT37-350 Flex"}]},{"@type":"WebSite","@id":"https:\/\/fixtron.de\/#website","url":"https:\/\/fixtron.de\/","name":"FIXTRON GMBH - Shop","description":"...Ihr zuverl\u00e4ssiger Partner","potentialAction":[{"@type":"SearchAction","target":{"@type":"EntryPoint","urlTemplate":"https:\/\/fixtron.de\/?s={search_term_string}"},"query-input":"required name=search_term_string"}],"inLanguage":"de"}]}},"_links":{"self":[{"href":"https:\/\/fixtron.de\/index.php?rest_route=\/wp\/v2\/product\/20523"}],"collection":[{"href":"https:\/\/fixtron.de\/index.php?rest_route=\/wp\/v2\/product"}],"about":[{"href":"https:\/\/fixtron.de\/index.php?rest_route=\/wp\/v2\/types\/product"}],"replies":[{"embeddable":true,"href":"https:\/\/fixtron.de\/index.php?rest_route=%2Fwp%2Fv2%2Fcomments&post=20523"}],"wp:featuredmedia":[{"embeddable":true,"href":"https:\/\/fixtron.de\/index.php?rest_route=\/wp\/v2\/media\/20798"}],"wp:attachment":[{"href":"https:\/\/fixtron.de\/index.php?rest_route=%2Fwp%2Fv2%2Fmedia&parent=20523"}],"wp:term":[{"taxonomy":"product_cat","embeddable":true,"href":"https:\/\/fixtron.de\/index.php?rest_route=%2Fwp%2Fv2%2Fproduct_cat&post=20523"},{"taxonomy":"product_tag","embeddable":true,"href":"https:\/\/fixtron.de\/index.php?rest_route=%2Fwp%2Fv2%2Fproduct_tag&post=20523"}],"curies":[{"name":"wp","href":"https:\/\/api.w.org\/{rel}","templated":true}]}}