{"id":20521,"date":"2020-05-23T13:46:00","date_gmt":"2020-05-23T13:46:00","guid":{"rendered":"https:\/\/fixtron.de\/?product=gann-aktiv-elektrode-bl-rht37-320"},"modified":"2025-03-10T12:23:13","modified_gmt":"2025-03-10T12:23:13","slug":"gann-aktiv-elektrode-bl-rht37-320","status":"publish","type":"product","link":"https:\/\/fixtron.de\/?product=gann-aktiv-elektrode-bl-rht37-320","title":{"rendered":"Gann Aktiv-Elektrode BL RHT37-320"},"content":{"rendered":"<p><strong>Gann Aktiv-Elektrode BL RHT37-320<\/strong><\/p>\n<p>&nbsp;<\/p>\n<ul>\n<li>Die Gann Aktiv-Elektrode BL RHT37-320 ist eine Spezialsonde f\u00fcr Luftfeuchte- und Lufttemperaturmessung und wurde besonders f\u00fcr Messungen in Sch\u00fcttg\u00fctern und Feststoffen (z.B. Mauerwerk oder Estriche) entwickelt.<br \/>\nDie Elektrode kann mit der Hydromette BL UNI 11 &amp; der Hydromette CH 17 verwendet werden.<\/li>\n<li>Durch das d\u00fcnne F\u00fchlerrohr hervorragend geeignet f\u00fcr Feuchteanalysen, Schadensbegutachtung und Bauaustrocknung. Auch die Pr\u00fcfung der Verlegerreife von Boden- und Wandbel\u00e4ge z\u00e4hlen zu ihren Aufgabenbereichen<\/li>\n<li>Das\u00a0F\u00fchlerrohr\u00a0hat eine\u00a0L\u00e4nge von ca. 320 mm\u00a0und einen\u00a0Durchmesser von 5,5 mm, womit auch\u00a0Messungen in Fugen m\u00f6glich\u00a0sind, ohne dabei eine Besch\u00e4digung von Wand- oder Fu\u00dfbodenkacheln in Kauf nehmen zu m\u00fcssen<\/li>\n<li>Mit der Hydromette BL UNI 11 &amp; Hydromette CH 17 kann die Luftfeuchte im Bohrloch gemessen werden und mittels\u00a0Sorptionsisothermen\u00a0die Belegreife bzw. der Feuchtegehalt von bestimmten abgebundenen Baustoffen ermittelt werden<\/li>\n<li>F\u00fcr\u00a0besonders pr\u00e4zise Messungen\u00a0sollte das Ger\u00e4t 10 &#8211; 15 Minuten dem zu messenden Umgebungsklima ausgesetzt werden, damit eventuelle Temperaturunterschiede zwischen Elektrode und umgebenden Klima ausgeglichen werden k\u00f6nnen<\/li>\n<li>F\u00fcr Messungen in staubhaltiger Luft, bei Schadstoffemission oder hoher Luftgeschwindigkeit besitzt die Aktiv-Elektrode\u00a0serienm\u00e4\u00dfig\u00a0einen\u00a0Membranfilter<\/li>\n<\/ul>\n<p>Messbereiche\u00a0der RH-T 37 BL 320:<\/p>\n<p>Luftfeuchte:<br \/>\n0 &#8211; 100 % r.F.<br \/>\n\u00b1 1,8 % r.F. (10 &#8211; 90 % r.F.) (*)<\/p>\n<p>Temperatur:<br \/>\n-20 &#8211; +70 \u00b0C<br \/>\n\u00b1 0,3 \u00b0C\u00a0 (-10 &#8211; +70 \u00b0C) (*)<\/p>\n<p>(*) = Sensor-Genauigkeit<\/p>\n","protected":false},"excerpt":{"rendered":"<p>Gann Aktiv-Elektrode BL RHT37-320<\/p>\n","protected":false},"featured_media":20821,"comment_status":"closed","ping_status":"closed","template":"","meta":[],"product_cat":[105,153,155],"product_tag":[245,232,220,205,197],"yoast_head":"<!-- This site is optimized with the Yoast SEO plugin v22.5 - https:\/\/yoast.com\/wordpress\/plugins\/seo\/ -->\n<title>Gann Aktiv-Elektrode BL RHT37-320 - FIXTRON GMBH - Shop<\/title>\n<meta name=\"description\" content=\"Gann Aktiv-Elektrode BL RHT37-320 - Spezialsonde f\u00fcr\u00a0Luftfeuchte- und\u00a0Lufttemperaturmessung - Messungen in Sch\u00fcttg\u00fctern und Feststoffen\" \/>\n<meta name=\"robots\" content=\"index, follow, max-snippet:-1, max-image-preview:large, max-video-preview:-1\" \/>\n<link rel=\"canonical\" href=\"https:\/\/fixtron.de\/?product=gann-aktiv-elektrode-bl-rht37-320\" \/>\n<meta property=\"og:locale\" content=\"de_DE\" \/>\n<meta property=\"og:type\" content=\"article\" \/>\n<meta property=\"og:title\" content=\"Gann Aktiv-Elektrode BL RHT37-320 - FIXTRON GMBH - Shop\" \/>\n<meta property=\"og:description\" content=\"Gann Aktiv-Elektrode BL RHT37-320 - Spezialsonde f\u00fcr\u00a0Luftfeuchte- und\u00a0Lufttemperaturmessung - Messungen in Sch\u00fcttg\u00fctern und Feststoffen\" \/>\n<meta property=\"og:url\" content=\"https:\/\/fixtron.de\/?product=gann-aktiv-elektrode-bl-rht37-320\" \/>\n<meta property=\"og:site_name\" content=\"FIXTRON GMBH - Shop\" \/>\n<meta property=\"article:modified_time\" content=\"2025-03-10T12:23:13+00:00\" \/>\n<meta property=\"og:image\" content=\"https:\/\/fixtron.de\/wp-content\/uploads\/2020\/08\/BL-RH-T-37-320-Big.jpg\" \/>\n\t<meta property=\"og:image:width\" content=\"1000\" \/>\n\t<meta property=\"og:image:height\" content=\"1000\" \/>\n\t<meta property=\"og:image:type\" content=\"image\/jpeg\" \/>\n<meta name=\"twitter:card\" content=\"summary_large_image\" \/>\n<meta name=\"twitter:label1\" content=\"Gesch\u00e4tzte Lesezeit\" \/>\n\t<meta name=\"twitter:data1\" content=\"1\u00a0Minute\" \/>\n<script type=\"application\/ld+json\" class=\"yoast-schema-graph\">{\"@context\":\"https:\/\/schema.org\",\"@graph\":[{\"@type\":\"WebPage\",\"@id\":\"https:\/\/fixtron.de\/?product=gann-aktiv-elektrode-bl-rht37-320\",\"url\":\"https:\/\/fixtron.de\/?product=gann-aktiv-elektrode-bl-rht37-320\",\"name\":\"Gann Aktiv-Elektrode BL RHT37-320 - FIXTRON GMBH - Shop\",\"isPartOf\":{\"@id\":\"https:\/\/fixtron.de\/#website\"},\"primaryImageOfPage\":{\"@id\":\"https:\/\/fixtron.de\/?product=gann-aktiv-elektrode-bl-rht37-320#primaryimage\"},\"image\":{\"@id\":\"https:\/\/fixtron.de\/?product=gann-aktiv-elektrode-bl-rht37-320#primaryimage\"},\"thumbnailUrl\":\"https:\/\/fixtron.de\/wp-content\/uploads\/2020\/08\/BL-RH-T-37-320-Big.jpg\",\"datePublished\":\"2020-05-23T13:46:00+00:00\",\"dateModified\":\"2025-03-10T12:23:13+00:00\",\"description\":\"Gann Aktiv-Elektrode BL RHT37-320 - Spezialsonde f\u00fcr\u00a0Luftfeuchte- und\u00a0Lufttemperaturmessung - Messungen in Sch\u00fcttg\u00fctern und Feststoffen\",\"breadcrumb\":{\"@id\":\"https:\/\/fixtron.de\/?product=gann-aktiv-elektrode-bl-rht37-320#breadcrumb\"},\"inLanguage\":\"de\",\"potentialAction\":[{\"@type\":\"ReadAction\",\"target\":[\"https:\/\/fixtron.de\/?product=gann-aktiv-elektrode-bl-rht37-320\"]}]},{\"@type\":\"ImageObject\",\"inLanguage\":\"de\",\"@id\":\"https:\/\/fixtron.de\/?product=gann-aktiv-elektrode-bl-rht37-320#primaryimage\",\"url\":\"https:\/\/fixtron.de\/wp-content\/uploads\/2020\/08\/BL-RH-T-37-320-Big.jpg\",\"contentUrl\":\"https:\/\/fixtron.de\/wp-content\/uploads\/2020\/08\/BL-RH-T-37-320-Big.jpg\",\"width\":1000,\"height\":1000,\"caption\":\"Gann Aktiv-Elektrode BL RHT37-320\"},{\"@type\":\"BreadcrumbList\",\"@id\":\"https:\/\/fixtron.de\/?product=gann-aktiv-elektrode-bl-rht37-320#breadcrumb\",\"itemListElement\":[{\"@type\":\"ListItem\",\"position\":1,\"name\":\"Startseite\",\"item\":\"https:\/\/fixtron.de\/\"},{\"@type\":\"ListItem\",\"position\":2,\"name\":\"Shop\",\"item\":\"https:\/\/fixtron.de\/?page_id=16552\"},{\"@type\":\"ListItem\",\"position\":3,\"name\":\"Gann Aktiv-Elektrode BL RHT37-320\"}]},{\"@type\":\"WebSite\",\"@id\":\"https:\/\/fixtron.de\/#website\",\"url\":\"https:\/\/fixtron.de\/\",\"name\":\"FIXTRON GMBH - Shop\",\"description\":\"...Ihr zuverl\u00e4ssiger Partner\",\"potentialAction\":[{\"@type\":\"SearchAction\",\"target\":{\"@type\":\"EntryPoint\",\"urlTemplate\":\"https:\/\/fixtron.de\/?s={search_term_string}\"},\"query-input\":\"required name=search_term_string\"}],\"inLanguage\":\"de\"}]}<\/script>\n<!-- \/ Yoast SEO plugin. -->","yoast_head_json":{"title":"Gann Aktiv-Elektrode BL RHT37-320 - FIXTRON GMBH - Shop","description":"Gann Aktiv-Elektrode BL RHT37-320 - Spezialsonde f\u00fcr\u00a0Luftfeuchte- und\u00a0Lufttemperaturmessung - Messungen in Sch\u00fcttg\u00fctern und Feststoffen","robots":{"index":"index","follow":"follow","max-snippet":"max-snippet:-1","max-image-preview":"max-image-preview:large","max-video-preview":"max-video-preview:-1"},"canonical":"https:\/\/fixtron.de\/?product=gann-aktiv-elektrode-bl-rht37-320","og_locale":"de_DE","og_type":"article","og_title":"Gann Aktiv-Elektrode BL RHT37-320 - FIXTRON GMBH - Shop","og_description":"Gann Aktiv-Elektrode BL RHT37-320 - Spezialsonde f\u00fcr\u00a0Luftfeuchte- und\u00a0Lufttemperaturmessung - Messungen in Sch\u00fcttg\u00fctern und Feststoffen","og_url":"https:\/\/fixtron.de\/?product=gann-aktiv-elektrode-bl-rht37-320","og_site_name":"FIXTRON GMBH - Shop","article_modified_time":"2025-03-10T12:23:13+00:00","og_image":[{"width":1000,"height":1000,"url":"https:\/\/fixtron.de\/wp-content\/uploads\/2020\/08\/BL-RH-T-37-320-Big.jpg","type":"image\/jpeg"}],"twitter_card":"summary_large_image","twitter_misc":{"Gesch\u00e4tzte Lesezeit":"1\u00a0Minute"},"schema":{"@context":"https:\/\/schema.org","@graph":[{"@type":"WebPage","@id":"https:\/\/fixtron.de\/?product=gann-aktiv-elektrode-bl-rht37-320","url":"https:\/\/fixtron.de\/?product=gann-aktiv-elektrode-bl-rht37-320","name":"Gann Aktiv-Elektrode BL RHT37-320 - FIXTRON GMBH - Shop","isPartOf":{"@id":"https:\/\/fixtron.de\/#website"},"primaryImageOfPage":{"@id":"https:\/\/fixtron.de\/?product=gann-aktiv-elektrode-bl-rht37-320#primaryimage"},"image":{"@id":"https:\/\/fixtron.de\/?product=gann-aktiv-elektrode-bl-rht37-320#primaryimage"},"thumbnailUrl":"https:\/\/fixtron.de\/wp-content\/uploads\/2020\/08\/BL-RH-T-37-320-Big.jpg","datePublished":"2020-05-23T13:46:00+00:00","dateModified":"2025-03-10T12:23:13+00:00","description":"Gann Aktiv-Elektrode BL RHT37-320 - Spezialsonde f\u00fcr\u00a0Luftfeuchte- und\u00a0Lufttemperaturmessung - Messungen in Sch\u00fcttg\u00fctern und Feststoffen","breadcrumb":{"@id":"https:\/\/fixtron.de\/?product=gann-aktiv-elektrode-bl-rht37-320#breadcrumb"},"inLanguage":"de","potentialAction":[{"@type":"ReadAction","target":["https:\/\/fixtron.de\/?product=gann-aktiv-elektrode-bl-rht37-320"]}]},{"@type":"ImageObject","inLanguage":"de","@id":"https:\/\/fixtron.de\/?product=gann-aktiv-elektrode-bl-rht37-320#primaryimage","url":"https:\/\/fixtron.de\/wp-content\/uploads\/2020\/08\/BL-RH-T-37-320-Big.jpg","contentUrl":"https:\/\/fixtron.de\/wp-content\/uploads\/2020\/08\/BL-RH-T-37-320-Big.jpg","width":1000,"height":1000,"caption":"Gann Aktiv-Elektrode BL RHT37-320"},{"@type":"BreadcrumbList","@id":"https:\/\/fixtron.de\/?product=gann-aktiv-elektrode-bl-rht37-320#breadcrumb","itemListElement":[{"@type":"ListItem","position":1,"name":"Startseite","item":"https:\/\/fixtron.de\/"},{"@type":"ListItem","position":2,"name":"Shop","item":"https:\/\/fixtron.de\/?page_id=16552"},{"@type":"ListItem","position":3,"name":"Gann Aktiv-Elektrode BL RHT37-320"}]},{"@type":"WebSite","@id":"https:\/\/fixtron.de\/#website","url":"https:\/\/fixtron.de\/","name":"FIXTRON GMBH - Shop","description":"...Ihr zuverl\u00e4ssiger Partner","potentialAction":[{"@type":"SearchAction","target":{"@type":"EntryPoint","urlTemplate":"https:\/\/fixtron.de\/?s={search_term_string}"},"query-input":"required name=search_term_string"}],"inLanguage":"de"}]}},"_links":{"self":[{"href":"https:\/\/fixtron.de\/index.php?rest_route=\/wp\/v2\/product\/20521"}],"collection":[{"href":"https:\/\/fixtron.de\/index.php?rest_route=\/wp\/v2\/product"}],"about":[{"href":"https:\/\/fixtron.de\/index.php?rest_route=\/wp\/v2\/types\/product"}],"replies":[{"embeddable":true,"href":"https:\/\/fixtron.de\/index.php?rest_route=%2Fwp%2Fv2%2Fcomments&post=20521"}],"wp:featuredmedia":[{"embeddable":true,"href":"https:\/\/fixtron.de\/index.php?rest_route=\/wp\/v2\/media\/20821"}],"wp:attachment":[{"href":"https:\/\/fixtron.de\/index.php?rest_route=%2Fwp%2Fv2%2Fmedia&parent=20521"}],"wp:term":[{"taxonomy":"product_cat","embeddable":true,"href":"https:\/\/fixtron.de\/index.php?rest_route=%2Fwp%2Fv2%2Fproduct_cat&post=20521"},{"taxonomy":"product_tag","embeddable":true,"href":"https:\/\/fixtron.de\/index.php?rest_route=%2Fwp%2Fv2%2Fproduct_tag&post=20521"}],"curies":[{"name":"wp","href":"https:\/\/api.w.org\/{rel}","templated":true}]}}