{"id":20515,"date":"2020-05-23T13:46:00","date_gmt":"2020-05-23T13:46:00","guid":{"rendered":"https:\/\/fixtron.de\/?product=gann-hydromette-compact-s"},"modified":"2026-03-31T08:54:43","modified_gmt":"2026-03-31T08:54:43","slug":"gann-hydromette-compact-s","status":"publish","type":"product","link":"https:\/\/fixtron.de\/?product=gann-hydromette-compact-s","title":{"rendered":"Gann Hydromette Compact S"},"content":{"rendered":"<p><strong>Gann Hydromette Compact S<\/strong><\/p>\n<p>&nbsp;<\/p>\n<ul>\n<li>Die Gann Hydromette Compact S ist ein elektronischer Holzfeuchtemesser f\u00fcr Holzbrennstoffe mit Mittelwert-Eichung f\u00fcr Weich- und Hartholz sowie gro\u00dfer 3-stelliger LCD-Anzeige. Die an der Ger\u00e4teoberseite befestigten Messspitzen erm\u00f6glichen Feuchtemessungen in Holz bis zu 30 mm St\u00e4rke.<\/li>\n<li>Ein ideales und preiswertes Ger\u00e4t<\/li>\n<li>f\u00fcr den\u00a0Umweltschutz\u00a0durch geringere Emission<\/li>\n<li>zum\u00a0Schutz f\u00fcr Ofen und Kamin\u00a0durch bessere Verbrennung<\/li>\n<li>zum Sparen durch eine\u00a0h\u00f6here Energieausbeute, da das Holz im optimalen Feuchtezustand verbrannt wird<\/li>\n<\/ul>\n<p>&nbsp;<\/p>\n<ul>\n<li>Das Ger\u00e4t wird komplett mit Batterie, Ersatzelektroden und Schutzkappe ausgeliefert.<\/li>\n<\/ul>\n","protected":false},"excerpt":{"rendered":"<p>Gann Hydromette Compact S<\/p>\n","protected":false},"featured_media":20791,"comment_status":"closed","ping_status":"closed","template":"","meta":[],"product_cat":[105,153,156],"product_tag":[240,220,238,205,197],"yoast_head":"<!-- This site is optimized with the Yoast SEO plugin v22.5 - https:\/\/yoast.com\/wordpress\/plugins\/seo\/ -->\n<title>Gann Hydromette Compact S - FIXTRON GMBH - Shop<\/title>\n<meta name=\"description\" content=\"Gann Hydromette Compact S - elektronischer Holzfeuchtemesser f\u00fcr Holzbrennstoffe mit Mittelwert-Eichung f\u00fcr Weich- und Hartholz\" \/>\n<meta name=\"robots\" content=\"index, follow, max-snippet:-1, max-image-preview:large, max-video-preview:-1\" \/>\n<link rel=\"canonical\" href=\"https:\/\/fixtron.de\/?product=gann-hydromette-compact-s\" \/>\n<meta property=\"og:locale\" content=\"de_DE\" \/>\n<meta property=\"og:type\" content=\"article\" \/>\n<meta property=\"og:title\" content=\"Gann Hydromette Compact S - FIXTRON GMBH - Shop\" \/>\n<meta property=\"og:description\" content=\"Gann Hydromette Compact S - elektronischer Holzfeuchtemesser f\u00fcr Holzbrennstoffe mit Mittelwert-Eichung f\u00fcr Weich- und Hartholz\" \/>\n<meta property=\"og:url\" content=\"https:\/\/fixtron.de\/?product=gann-hydromette-compact-s\" \/>\n<meta property=\"og:site_name\" content=\"FIXTRON GMBH - Shop\" \/>\n<meta property=\"article:modified_time\" content=\"2026-03-31T08:54:43+00:00\" \/>\n<meta property=\"og:image\" content=\"https:\/\/fixtron.de\/wp-content\/uploads\/2020\/08\/Hydromette-Compact-S-big.jpg\" \/>\n\t<meta property=\"og:image:width\" content=\"1000\" \/>\n\t<meta property=\"og:image:height\" content=\"1000\" \/>\n\t<meta property=\"og:image:type\" content=\"image\/jpeg\" \/>\n<meta name=\"twitter:card\" content=\"summary_large_image\" \/>\n<meta name=\"twitter:label1\" content=\"Gesch\u00e4tzte Lesezeit\" \/>\n\t<meta name=\"twitter:data1\" content=\"1\u00a0Minute\" \/>\n<script type=\"application\/ld+json\" class=\"yoast-schema-graph\">{\"@context\":\"https:\/\/schema.org\",\"@graph\":[{\"@type\":\"WebPage\",\"@id\":\"https:\/\/fixtron.de\/?product=gann-hydromette-compact-s\",\"url\":\"https:\/\/fixtron.de\/?product=gann-hydromette-compact-s\",\"name\":\"Gann Hydromette Compact S - FIXTRON GMBH - Shop\",\"isPartOf\":{\"@id\":\"https:\/\/fixtron.de\/#website\"},\"primaryImageOfPage\":{\"@id\":\"https:\/\/fixtron.de\/?product=gann-hydromette-compact-s#primaryimage\"},\"image\":{\"@id\":\"https:\/\/fixtron.de\/?product=gann-hydromette-compact-s#primaryimage\"},\"thumbnailUrl\":\"https:\/\/fixtron.de\/wp-content\/uploads\/2020\/08\/Hydromette-Compact-S-big.jpg\",\"datePublished\":\"2020-05-23T13:46:00+00:00\",\"dateModified\":\"2026-03-31T08:54:43+00:00\",\"description\":\"Gann Hydromette Compact S - elektronischer Holzfeuchtemesser f\u00fcr Holzbrennstoffe mit Mittelwert-Eichung f\u00fcr Weich- und Hartholz\",\"breadcrumb\":{\"@id\":\"https:\/\/fixtron.de\/?product=gann-hydromette-compact-s#breadcrumb\"},\"inLanguage\":\"de\",\"potentialAction\":[{\"@type\":\"ReadAction\",\"target\":[\"https:\/\/fixtron.de\/?product=gann-hydromette-compact-s\"]}]},{\"@type\":\"ImageObject\",\"inLanguage\":\"de\",\"@id\":\"https:\/\/fixtron.de\/?product=gann-hydromette-compact-s#primaryimage\",\"url\":\"https:\/\/fixtron.de\/wp-content\/uploads\/2020\/08\/Hydromette-Compact-S-big.jpg\",\"contentUrl\":\"https:\/\/fixtron.de\/wp-content\/uploads\/2020\/08\/Hydromette-Compact-S-big.jpg\",\"width\":1000,\"height\":1000,\"caption\":\"Gann Hydromette Compact S\"},{\"@type\":\"BreadcrumbList\",\"@id\":\"https:\/\/fixtron.de\/?product=gann-hydromette-compact-s#breadcrumb\",\"itemListElement\":[{\"@type\":\"ListItem\",\"position\":1,\"name\":\"Startseite\",\"item\":\"https:\/\/fixtron.de\/\"},{\"@type\":\"ListItem\",\"position\":2,\"name\":\"Shop\",\"item\":\"https:\/\/fixtron.de\/?page_id=16552\"},{\"@type\":\"ListItem\",\"position\":3,\"name\":\"Gann Hydromette Compact S\"}]},{\"@type\":\"WebSite\",\"@id\":\"https:\/\/fixtron.de\/#website\",\"url\":\"https:\/\/fixtron.de\/\",\"name\":\"FIXTRON GMBH - Shop\",\"description\":\"...Ihr zuverl\u00e4ssiger Partner\",\"potentialAction\":[{\"@type\":\"SearchAction\",\"target\":{\"@type\":\"EntryPoint\",\"urlTemplate\":\"https:\/\/fixtron.de\/?s={search_term_string}\"},\"query-input\":\"required name=search_term_string\"}],\"inLanguage\":\"de\"}]}<\/script>\n<!-- \/ Yoast SEO plugin. -->","yoast_head_json":{"title":"Gann Hydromette Compact S - FIXTRON GMBH - Shop","description":"Gann Hydromette Compact S - elektronischer Holzfeuchtemesser f\u00fcr Holzbrennstoffe mit Mittelwert-Eichung f\u00fcr Weich- und Hartholz","robots":{"index":"index","follow":"follow","max-snippet":"max-snippet:-1","max-image-preview":"max-image-preview:large","max-video-preview":"max-video-preview:-1"},"canonical":"https:\/\/fixtron.de\/?product=gann-hydromette-compact-s","og_locale":"de_DE","og_type":"article","og_title":"Gann Hydromette Compact S - FIXTRON GMBH - Shop","og_description":"Gann Hydromette Compact S - elektronischer Holzfeuchtemesser f\u00fcr Holzbrennstoffe mit Mittelwert-Eichung f\u00fcr Weich- und Hartholz","og_url":"https:\/\/fixtron.de\/?product=gann-hydromette-compact-s","og_site_name":"FIXTRON GMBH - Shop","article_modified_time":"2026-03-31T08:54:43+00:00","og_image":[{"width":1000,"height":1000,"url":"https:\/\/fixtron.de\/wp-content\/uploads\/2020\/08\/Hydromette-Compact-S-big.jpg","type":"image\/jpeg"}],"twitter_card":"summary_large_image","twitter_misc":{"Gesch\u00e4tzte Lesezeit":"1\u00a0Minute"},"schema":{"@context":"https:\/\/schema.org","@graph":[{"@type":"WebPage","@id":"https:\/\/fixtron.de\/?product=gann-hydromette-compact-s","url":"https:\/\/fixtron.de\/?product=gann-hydromette-compact-s","name":"Gann Hydromette Compact S - FIXTRON GMBH - Shop","isPartOf":{"@id":"https:\/\/fixtron.de\/#website"},"primaryImageOfPage":{"@id":"https:\/\/fixtron.de\/?product=gann-hydromette-compact-s#primaryimage"},"image":{"@id":"https:\/\/fixtron.de\/?product=gann-hydromette-compact-s#primaryimage"},"thumbnailUrl":"https:\/\/fixtron.de\/wp-content\/uploads\/2020\/08\/Hydromette-Compact-S-big.jpg","datePublished":"2020-05-23T13:46:00+00:00","dateModified":"2026-03-31T08:54:43+00:00","description":"Gann Hydromette Compact S - elektronischer Holzfeuchtemesser f\u00fcr Holzbrennstoffe mit Mittelwert-Eichung f\u00fcr Weich- und Hartholz","breadcrumb":{"@id":"https:\/\/fixtron.de\/?product=gann-hydromette-compact-s#breadcrumb"},"inLanguage":"de","potentialAction":[{"@type":"ReadAction","target":["https:\/\/fixtron.de\/?product=gann-hydromette-compact-s"]}]},{"@type":"ImageObject","inLanguage":"de","@id":"https:\/\/fixtron.de\/?product=gann-hydromette-compact-s#primaryimage","url":"https:\/\/fixtron.de\/wp-content\/uploads\/2020\/08\/Hydromette-Compact-S-big.jpg","contentUrl":"https:\/\/fixtron.de\/wp-content\/uploads\/2020\/08\/Hydromette-Compact-S-big.jpg","width":1000,"height":1000,"caption":"Gann Hydromette Compact S"},{"@type":"BreadcrumbList","@id":"https:\/\/fixtron.de\/?product=gann-hydromette-compact-s#breadcrumb","itemListElement":[{"@type":"ListItem","position":1,"name":"Startseite","item":"https:\/\/fixtron.de\/"},{"@type":"ListItem","position":2,"name":"Shop","item":"https:\/\/fixtron.de\/?page_id=16552"},{"@type":"ListItem","position":3,"name":"Gann Hydromette Compact S"}]},{"@type":"WebSite","@id":"https:\/\/fixtron.de\/#website","url":"https:\/\/fixtron.de\/","name":"FIXTRON GMBH - Shop","description":"...Ihr zuverl\u00e4ssiger Partner","potentialAction":[{"@type":"SearchAction","target":{"@type":"EntryPoint","urlTemplate":"https:\/\/fixtron.de\/?s={search_term_string}"},"query-input":"required name=search_term_string"}],"inLanguage":"de"}]}},"_links":{"self":[{"href":"https:\/\/fixtron.de\/index.php?rest_route=\/wp\/v2\/product\/20515"}],"collection":[{"href":"https:\/\/fixtron.de\/index.php?rest_route=\/wp\/v2\/product"}],"about":[{"href":"https:\/\/fixtron.de\/index.php?rest_route=\/wp\/v2\/types\/product"}],"replies":[{"embeddable":true,"href":"https:\/\/fixtron.de\/index.php?rest_route=%2Fwp%2Fv2%2Fcomments&post=20515"}],"wp:featuredmedia":[{"embeddable":true,"href":"https:\/\/fixtron.de\/index.php?rest_route=\/wp\/v2\/media\/20791"}],"wp:attachment":[{"href":"https:\/\/fixtron.de\/index.php?rest_route=%2Fwp%2Fv2%2Fmedia&parent=20515"}],"wp:term":[{"taxonomy":"product_cat","embeddable":true,"href":"https:\/\/fixtron.de\/index.php?rest_route=%2Fwp%2Fv2%2Fproduct_cat&post=20515"},{"taxonomy":"product_tag","embeddable":true,"href":"https:\/\/fixtron.de\/index.php?rest_route=%2Fwp%2Fv2%2Fproduct_tag&post=20515"}],"curies":[{"name":"wp","href":"https:\/\/api.w.org\/{rel}","templated":true}]}}