{"id":20512,"date":"2020-05-23T13:46:00","date_gmt":"2020-05-23T13:46:00","guid":{"rendered":"https:\/\/fixtron.de\/?product=bl-gann-compact-rh-t-flex-25"},"modified":"2025-03-10T12:56:51","modified_gmt":"2025-03-10T12:56:51","slug":"bl-gann-compact-rh-t-flex-25","status":"publish","type":"product","link":"https:\/\/fixtron.de\/?product=bl-gann-compact-rh-t-flex-25","title":{"rendered":"Gann BL Compact RH-T Flex 250"},"content":{"rendered":"<p><strong>Gann BL Compact RH-T Flex 250<\/strong><\/p>\n<p>&nbsp;<\/p>\n<ul>\n<li>Die Gann BL Compact RH-T Flex 250 ist ein pr\u00e4ziser Thermo-Hygrometer f\u00fcr schnelle Messungen der relativen Luftfeuchte und Temperatur.<br \/>\nMittels fest einprogrammierter\u00a0Sorptionsisothermen\u00a0k\u00f6nnen f\u00fcr verschiedene Bau- und D\u00e4mmstoffe sowie f\u00fcr Hart- und Weichholz Gewichts- bzw. Masseprozente ermittelt werden.<\/li>\n<li>Das Messger\u00e4t besitzt ein d\u00fcnnes F\u00fchlerrohr und ist deshalb f\u00fcr eine gro\u00dfe Anzahl von Anwendungsgebieten geeignet. Dazu geh\u00f6ren unter anderem Feuchteanalysen, Schadensbegutachtungen und Bauaustrocknung. Auch die Pr\u00fcfung der Verlegerreife f\u00fcr Boden- und Wandbel\u00e4ge z\u00e4hlt zu den m\u00f6glichen Einsatzgebieten.<\/li>\n<li>Durch das flexible F\u00fchlerrohr (Schwanenhals) sind auch Messungen an schwer zug\u00e4nglichen Stellen einfach und bequem durchzuf\u00fchren.<\/li>\n<li>Auf dem \u00fcbersichtlichen Display k\u00f6nnen gleichzeitig bis zu drei verschiedene Messwerte dargestellt werden, z. B. die Kombination Luftfeuchte, Luft- und Taupunkttemperatur.<\/li>\n<li>Das Ger\u00e4t wird komplett mit Batterie und Kunststoffbox ausgeliefert.<\/li>\n<\/ul>\n","protected":false},"excerpt":{"rendered":"<p>Gann BL Compact RH-T Flex 250<\/p>\n","protected":false},"featured_media":20939,"comment_status":"closed","ping_status":"closed","template":"","meta":[],"product_cat":[105,153,155,156],"product_tag":[245,230,220,205,197],"yoast_head":"<!-- This site is optimized with the Yoast SEO plugin v22.5 - https:\/\/yoast.com\/wordpress\/plugins\/seo\/ -->\n<title>Gann BL Compact RH-T Flex 250 - FIXTRON GMBH - Shop<\/title>\n<meta name=\"description\" content=\"Gann BL Compact RH-T Flex 250 - Thermo-Hygrometer f\u00fcr schnelle Messungen der relativen Luftfeuchte und Temperatur - Fixtron GmbH Online Shop\" \/>\n<meta name=\"robots\" content=\"index, follow, max-snippet:-1, max-image-preview:large, max-video-preview:-1\" \/>\n<link rel=\"canonical\" href=\"https:\/\/fixtron.de\/?product=bl-gann-compact-rh-t-flex-25\" \/>\n<meta property=\"og:locale\" content=\"de_DE\" \/>\n<meta property=\"og:type\" content=\"article\" \/>\n<meta property=\"og:title\" content=\"Gann BL Compact RH-T Flex 250 - FIXTRON GMBH - Shop\" \/>\n<meta property=\"og:description\" content=\"Gann BL Compact RH-T Flex 250 - Thermo-Hygrometer f\u00fcr schnelle Messungen der relativen Luftfeuchte und Temperatur - Fixtron GmbH Online Shop\" \/>\n<meta property=\"og:url\" content=\"https:\/\/fixtron.de\/?product=bl-gann-compact-rh-t-flex-25\" \/>\n<meta property=\"og:site_name\" content=\"FIXTRON GMBH - Shop\" \/>\n<meta property=\"article:modified_time\" content=\"2025-03-10T12:56:51+00:00\" \/>\n<meta property=\"og:image\" content=\"https:\/\/fixtron.de\/wp-content\/uploads\/2020\/08\/BL-Compact-RH-T-250-Flex.jpg\" \/>\n\t<meta property=\"og:image:width\" content=\"1000\" \/>\n\t<meta property=\"og:image:height\" content=\"1000\" \/>\n\t<meta property=\"og:image:type\" content=\"image\/jpeg\" \/>\n<meta name=\"twitter:card\" content=\"summary_large_image\" \/>\n<meta name=\"twitter:label1\" content=\"Gesch\u00e4tzte Lesezeit\" \/>\n\t<meta name=\"twitter:data1\" content=\"1\u00a0Minute\" \/>\n<script type=\"application\/ld+json\" class=\"yoast-schema-graph\">{\"@context\":\"https:\/\/schema.org\",\"@graph\":[{\"@type\":\"WebPage\",\"@id\":\"https:\/\/fixtron.de\/?product=bl-gann-compact-rh-t-flex-25\",\"url\":\"https:\/\/fixtron.de\/?product=bl-gann-compact-rh-t-flex-25\",\"name\":\"Gann BL Compact RH-T Flex 250 - FIXTRON GMBH - Shop\",\"isPartOf\":{\"@id\":\"https:\/\/fixtron.de\/#website\"},\"primaryImageOfPage\":{\"@id\":\"https:\/\/fixtron.de\/?product=bl-gann-compact-rh-t-flex-25#primaryimage\"},\"image\":{\"@id\":\"https:\/\/fixtron.de\/?product=bl-gann-compact-rh-t-flex-25#primaryimage\"},\"thumbnailUrl\":\"https:\/\/fixtron.de\/wp-content\/uploads\/2020\/08\/BL-Compact-RH-T-250-Flex.jpg\",\"datePublished\":\"2020-05-23T13:46:00+00:00\",\"dateModified\":\"2025-03-10T12:56:51+00:00\",\"description\":\"Gann BL Compact RH-T Flex 250 - Thermo-Hygrometer f\u00fcr schnelle Messungen der relativen Luftfeuchte und Temperatur - Fixtron GmbH Online Shop\",\"breadcrumb\":{\"@id\":\"https:\/\/fixtron.de\/?product=bl-gann-compact-rh-t-flex-25#breadcrumb\"},\"inLanguage\":\"de\",\"potentialAction\":[{\"@type\":\"ReadAction\",\"target\":[\"https:\/\/fixtron.de\/?product=bl-gann-compact-rh-t-flex-25\"]}]},{\"@type\":\"ImageObject\",\"inLanguage\":\"de\",\"@id\":\"https:\/\/fixtron.de\/?product=bl-gann-compact-rh-t-flex-25#primaryimage\",\"url\":\"https:\/\/fixtron.de\/wp-content\/uploads\/2020\/08\/BL-Compact-RH-T-250-Flex.jpg\",\"contentUrl\":\"https:\/\/fixtron.de\/wp-content\/uploads\/2020\/08\/BL-Compact-RH-T-250-Flex.jpg\",\"width\":1000,\"height\":1000,\"caption\":\"Gann BL Compact RH-T Flex 250\"},{\"@type\":\"BreadcrumbList\",\"@id\":\"https:\/\/fixtron.de\/?product=bl-gann-compact-rh-t-flex-25#breadcrumb\",\"itemListElement\":[{\"@type\":\"ListItem\",\"position\":1,\"name\":\"Startseite\",\"item\":\"https:\/\/fixtron.de\/\"},{\"@type\":\"ListItem\",\"position\":2,\"name\":\"Shop\",\"item\":\"https:\/\/fixtron.de\/?page_id=16552\"},{\"@type\":\"ListItem\",\"position\":3,\"name\":\"Gann BL Compact RH-T Flex 250\"}]},{\"@type\":\"WebSite\",\"@id\":\"https:\/\/fixtron.de\/#website\",\"url\":\"https:\/\/fixtron.de\/\",\"name\":\"FIXTRON GMBH - Shop\",\"description\":\"...Ihr zuverl\u00e4ssiger Partner\",\"potentialAction\":[{\"@type\":\"SearchAction\",\"target\":{\"@type\":\"EntryPoint\",\"urlTemplate\":\"https:\/\/fixtron.de\/?s={search_term_string}\"},\"query-input\":\"required name=search_term_string\"}],\"inLanguage\":\"de\"}]}<\/script>\n<!-- \/ Yoast SEO plugin. -->","yoast_head_json":{"title":"Gann BL Compact RH-T Flex 250 - FIXTRON GMBH - Shop","description":"Gann BL Compact RH-T Flex 250 - Thermo-Hygrometer f\u00fcr schnelle Messungen der relativen Luftfeuchte und Temperatur - Fixtron GmbH Online Shop","robots":{"index":"index","follow":"follow","max-snippet":"max-snippet:-1","max-image-preview":"max-image-preview:large","max-video-preview":"max-video-preview:-1"},"canonical":"https:\/\/fixtron.de\/?product=bl-gann-compact-rh-t-flex-25","og_locale":"de_DE","og_type":"article","og_title":"Gann BL Compact RH-T Flex 250 - FIXTRON GMBH - Shop","og_description":"Gann BL Compact RH-T Flex 250 - Thermo-Hygrometer f\u00fcr schnelle Messungen der relativen Luftfeuchte und Temperatur - Fixtron GmbH Online Shop","og_url":"https:\/\/fixtron.de\/?product=bl-gann-compact-rh-t-flex-25","og_site_name":"FIXTRON GMBH - Shop","article_modified_time":"2025-03-10T12:56:51+00:00","og_image":[{"width":1000,"height":1000,"url":"https:\/\/fixtron.de\/wp-content\/uploads\/2020\/08\/BL-Compact-RH-T-250-Flex.jpg","type":"image\/jpeg"}],"twitter_card":"summary_large_image","twitter_misc":{"Gesch\u00e4tzte Lesezeit":"1\u00a0Minute"},"schema":{"@context":"https:\/\/schema.org","@graph":[{"@type":"WebPage","@id":"https:\/\/fixtron.de\/?product=bl-gann-compact-rh-t-flex-25","url":"https:\/\/fixtron.de\/?product=bl-gann-compact-rh-t-flex-25","name":"Gann BL Compact RH-T Flex 250 - FIXTRON GMBH - Shop","isPartOf":{"@id":"https:\/\/fixtron.de\/#website"},"primaryImageOfPage":{"@id":"https:\/\/fixtron.de\/?product=bl-gann-compact-rh-t-flex-25#primaryimage"},"image":{"@id":"https:\/\/fixtron.de\/?product=bl-gann-compact-rh-t-flex-25#primaryimage"},"thumbnailUrl":"https:\/\/fixtron.de\/wp-content\/uploads\/2020\/08\/BL-Compact-RH-T-250-Flex.jpg","datePublished":"2020-05-23T13:46:00+00:00","dateModified":"2025-03-10T12:56:51+00:00","description":"Gann BL Compact RH-T Flex 250 - Thermo-Hygrometer f\u00fcr schnelle Messungen der relativen Luftfeuchte und Temperatur - Fixtron GmbH Online Shop","breadcrumb":{"@id":"https:\/\/fixtron.de\/?product=bl-gann-compact-rh-t-flex-25#breadcrumb"},"inLanguage":"de","potentialAction":[{"@type":"ReadAction","target":["https:\/\/fixtron.de\/?product=bl-gann-compact-rh-t-flex-25"]}]},{"@type":"ImageObject","inLanguage":"de","@id":"https:\/\/fixtron.de\/?product=bl-gann-compact-rh-t-flex-25#primaryimage","url":"https:\/\/fixtron.de\/wp-content\/uploads\/2020\/08\/BL-Compact-RH-T-250-Flex.jpg","contentUrl":"https:\/\/fixtron.de\/wp-content\/uploads\/2020\/08\/BL-Compact-RH-T-250-Flex.jpg","width":1000,"height":1000,"caption":"Gann BL Compact RH-T Flex 250"},{"@type":"BreadcrumbList","@id":"https:\/\/fixtron.de\/?product=bl-gann-compact-rh-t-flex-25#breadcrumb","itemListElement":[{"@type":"ListItem","position":1,"name":"Startseite","item":"https:\/\/fixtron.de\/"},{"@type":"ListItem","position":2,"name":"Shop","item":"https:\/\/fixtron.de\/?page_id=16552"},{"@type":"ListItem","position":3,"name":"Gann BL Compact RH-T Flex 250"}]},{"@type":"WebSite","@id":"https:\/\/fixtron.de\/#website","url":"https:\/\/fixtron.de\/","name":"FIXTRON GMBH - Shop","description":"...Ihr zuverl\u00e4ssiger Partner","potentialAction":[{"@type":"SearchAction","target":{"@type":"EntryPoint","urlTemplate":"https:\/\/fixtron.de\/?s={search_term_string}"},"query-input":"required name=search_term_string"}],"inLanguage":"de"}]}},"_links":{"self":[{"href":"https:\/\/fixtron.de\/index.php?rest_route=\/wp\/v2\/product\/20512"}],"collection":[{"href":"https:\/\/fixtron.de\/index.php?rest_route=\/wp\/v2\/product"}],"about":[{"href":"https:\/\/fixtron.de\/index.php?rest_route=\/wp\/v2\/types\/product"}],"replies":[{"embeddable":true,"href":"https:\/\/fixtron.de\/index.php?rest_route=%2Fwp%2Fv2%2Fcomments&post=20512"}],"wp:featuredmedia":[{"embeddable":true,"href":"https:\/\/fixtron.de\/index.php?rest_route=\/wp\/v2\/media\/20939"}],"wp:attachment":[{"href":"https:\/\/fixtron.de\/index.php?rest_route=%2Fwp%2Fv2%2Fmedia&parent=20512"}],"wp:term":[{"taxonomy":"product_cat","embeddable":true,"href":"https:\/\/fixtron.de\/index.php?rest_route=%2Fwp%2Fv2%2Fproduct_cat&post=20512"},{"taxonomy":"product_tag","embeddable":true,"href":"https:\/\/fixtron.de\/index.php?rest_route=%2Fwp%2Fv2%2Fproduct_tag&post=20512"}],"curies":[{"name":"wp","href":"https:\/\/api.w.org\/{rel}","templated":true}]}}