{"id":20491,"date":"2020-05-23T13:46:00","date_gmt":"2020-05-23T13:46:00","guid":{"rendered":"https:\/\/fixtron.de\/?product=gann-m-20-einschlag-elektrode"},"modified":"2025-03-10T12:54:17","modified_gmt":"2025-03-10T12:54:17","slug":"gann-m-20-einschlag-elektrode","status":"publish","type":"product","link":"https:\/\/fixtron.de\/?product=gann-m-20-einschlag-elektrode","title":{"rendered":"Gann M 20 Einschlag Elektrode"},"content":{"rendered":"<p><strong>Gann M 20 Einschlag Elektrode<\/strong><\/p>\n<p>&nbsp;<\/p>\n<ul>\n<li>Die Gann M 20 Einschlag Elektrode kann direkt zur Holzfeuchte- und Baufeuchte-Messung verwendet werden und dient au\u00dferdem als Basissystem f\u00fcr verschiedene andere Elektrodenpaare (siehe unten).<\/li>\n<li>Die Elektrode kann mit allen Hydrometten verwendet werden, die auf der\u00a0Widerstands-Messmethode\u00a0basieren.<br \/>\nDer Elektrodenk\u00f6rper ist aus schlagfestem Kunststoff gefertigt.<\/li>\n<li>Im Lieferumfang sind jeweils 10 Elektrodenspitzen \u00e0 16 und 23 mm L\u00e4nge enthalten.<\/li>\n<\/ul>\n<p>Messbereich Holzfeuchte:<\/p>\n<ul>\n<li>F\u00fcr Feuchtemessungen in H\u00f6lzern\u00a0bis 50 mm St\u00e4rke\u00a0geeignet<\/li>\n<li>Mithilfe eines geeigneten Schlagger\u00e4ts (z.B. Hammer) kann die Elektrode auch in harte H\u00f6lzer wie z.B. Buche eingeschlagen werden<\/li>\n<\/ul>\n<p>Messbereich Baufeuchte:<\/p>\n<ul>\n<li>F\u00fcr Feuchtemessungen in\u00a0weichen abgebundenen Baustoffen\u00a0(wie z.B. Putz, Gips oder Gas-Beton) geeignet<\/li>\n<li>F\u00fcr Tiefenmessungen in Gas-Beton usw. bis ca. 70 mm k\u00f6nnen auch Elektrodenspitzen mit 60 mm L\u00e4nge verwendet werden<\/li>\n<\/ul>\n<p>&nbsp;<\/p>\n<p>Die Elektrode dient au\u00dferdem als\u00a0Tr\u00e4gersystem\u00a0f\u00fcr verschiedene andere Elektrodenpaare, d.h. die nachfolgend aufgef\u00fchrten Sonden k\u00f6nnen nur sinnvoll in Verbindung mit einer M 20-Elektrode verwendet werden:<\/p>\n<ul>\n<li>Umr\u00fcstsatz M 20-DS 16<\/li>\n<li>Oberfl\u00e4chen-Messkappenpaar M 20-OF 15<\/li>\n<li>Einsteck-Elektrodenspitzenpaar M 20- HW 200 und M 20-HW 300<\/li>\n<li>Einsteck-Elektrodenspitzenpaar M 20- BI 200 und M 20-BI 300<\/li>\n<\/ul>\n","protected":false},"excerpt":{"rendered":"<p>Gann M 20 Einschlag Elektrode<\/p>\n","protected":false},"featured_media":20947,"comment_status":"closed","ping_status":"closed","template":"","meta":[],"product_cat":[105,153,157],"product_tag":[232,220,205,197],"yoast_head":"<!-- This site is optimized with the Yoast SEO plugin v22.5 - https:\/\/yoast.com\/wordpress\/plugins\/seo\/ -->\n<title>Gann M 20 Einschlag Elektrode - FIXTRON GMBH - Shop<\/title>\n<meta name=\"description\" content=\"Gann M 20 Einschlag Elektrode - mit allen Hydrometten kompatibel - Der Elektrodenk\u00f6rper ist aus schlagfestem Kunststoff gefertigt\" \/>\n<meta name=\"robots\" content=\"index, follow, max-snippet:-1, max-image-preview:large, max-video-preview:-1\" \/>\n<link rel=\"canonical\" href=\"https:\/\/fixtron.de\/?product=gann-m-20-einschlag-elektrode\" \/>\n<meta property=\"og:locale\" content=\"de_DE\" \/>\n<meta property=\"og:type\" content=\"article\" \/>\n<meta property=\"og:title\" content=\"Gann M 20 Einschlag Elektrode - FIXTRON GMBH - Shop\" \/>\n<meta property=\"og:description\" content=\"Gann M 20 Einschlag Elektrode - mit allen Hydrometten kompatibel - Der Elektrodenk\u00f6rper ist aus schlagfestem Kunststoff gefertigt\" \/>\n<meta property=\"og:url\" content=\"https:\/\/fixtron.de\/?product=gann-m-20-einschlag-elektrode\" \/>\n<meta property=\"og:site_name\" content=\"FIXTRON GMBH - Shop\" \/>\n<meta property=\"article:modified_time\" content=\"2025-03-10T12:54:17+00:00\" \/>\n<meta property=\"og:image\" content=\"https:\/\/fixtron.de\/wp-content\/uploads\/2020\/08\/M20.jpg\" \/>\n\t<meta property=\"og:image:width\" content=\"1000\" \/>\n\t<meta property=\"og:image:height\" content=\"1000\" \/>\n\t<meta property=\"og:image:type\" content=\"image\/jpeg\" \/>\n<meta name=\"twitter:card\" content=\"summary_large_image\" \/>\n<meta name=\"twitter:label1\" content=\"Gesch\u00e4tzte Lesezeit\" \/>\n\t<meta name=\"twitter:data1\" content=\"1\u00a0Minute\" \/>\n<script type=\"application\/ld+json\" class=\"yoast-schema-graph\">{\"@context\":\"https:\/\/schema.org\",\"@graph\":[{\"@type\":\"WebPage\",\"@id\":\"https:\/\/fixtron.de\/?product=gann-m-20-einschlag-elektrode\",\"url\":\"https:\/\/fixtron.de\/?product=gann-m-20-einschlag-elektrode\",\"name\":\"Gann M 20 Einschlag Elektrode - FIXTRON GMBH - Shop\",\"isPartOf\":{\"@id\":\"https:\/\/fixtron.de\/#website\"},\"primaryImageOfPage\":{\"@id\":\"https:\/\/fixtron.de\/?product=gann-m-20-einschlag-elektrode#primaryimage\"},\"image\":{\"@id\":\"https:\/\/fixtron.de\/?product=gann-m-20-einschlag-elektrode#primaryimage\"},\"thumbnailUrl\":\"https:\/\/fixtron.de\/wp-content\/uploads\/2020\/08\/M20.jpg\",\"datePublished\":\"2020-05-23T13:46:00+00:00\",\"dateModified\":\"2025-03-10T12:54:17+00:00\",\"description\":\"Gann M 20 Einschlag Elektrode - mit allen Hydrometten kompatibel - Der Elektrodenk\u00f6rper ist aus schlagfestem Kunststoff gefertigt\",\"breadcrumb\":{\"@id\":\"https:\/\/fixtron.de\/?product=gann-m-20-einschlag-elektrode#breadcrumb\"},\"inLanguage\":\"de\",\"potentialAction\":[{\"@type\":\"ReadAction\",\"target\":[\"https:\/\/fixtron.de\/?product=gann-m-20-einschlag-elektrode\"]}]},{\"@type\":\"ImageObject\",\"inLanguage\":\"de\",\"@id\":\"https:\/\/fixtron.de\/?product=gann-m-20-einschlag-elektrode#primaryimage\",\"url\":\"https:\/\/fixtron.de\/wp-content\/uploads\/2020\/08\/M20.jpg\",\"contentUrl\":\"https:\/\/fixtron.de\/wp-content\/uploads\/2020\/08\/M20.jpg\",\"width\":1000,\"height\":1000,\"caption\":\"Gann M 20 Einschlag Elektrode\"},{\"@type\":\"BreadcrumbList\",\"@id\":\"https:\/\/fixtron.de\/?product=gann-m-20-einschlag-elektrode#breadcrumb\",\"itemListElement\":[{\"@type\":\"ListItem\",\"position\":1,\"name\":\"Startseite\",\"item\":\"https:\/\/fixtron.de\/\"},{\"@type\":\"ListItem\",\"position\":2,\"name\":\"Shop\",\"item\":\"https:\/\/fixtron.de\/?page_id=16552\"},{\"@type\":\"ListItem\",\"position\":3,\"name\":\"Gann M 20 Einschlag Elektrode\"}]},{\"@type\":\"WebSite\",\"@id\":\"https:\/\/fixtron.de\/#website\",\"url\":\"https:\/\/fixtron.de\/\",\"name\":\"FIXTRON GMBH - Shop\",\"description\":\"...Ihr zuverl\u00e4ssiger Partner\",\"potentialAction\":[{\"@type\":\"SearchAction\",\"target\":{\"@type\":\"EntryPoint\",\"urlTemplate\":\"https:\/\/fixtron.de\/?s={search_term_string}\"},\"query-input\":\"required name=search_term_string\"}],\"inLanguage\":\"de\"}]}<\/script>\n<!-- \/ Yoast SEO plugin. -->","yoast_head_json":{"title":"Gann M 20 Einschlag Elektrode - FIXTRON GMBH - Shop","description":"Gann M 20 Einschlag Elektrode - mit allen Hydrometten kompatibel - Der Elektrodenk\u00f6rper ist aus schlagfestem Kunststoff gefertigt","robots":{"index":"index","follow":"follow","max-snippet":"max-snippet:-1","max-image-preview":"max-image-preview:large","max-video-preview":"max-video-preview:-1"},"canonical":"https:\/\/fixtron.de\/?product=gann-m-20-einschlag-elektrode","og_locale":"de_DE","og_type":"article","og_title":"Gann M 20 Einschlag Elektrode - FIXTRON GMBH - Shop","og_description":"Gann M 20 Einschlag Elektrode - mit allen Hydrometten kompatibel - Der Elektrodenk\u00f6rper ist aus schlagfestem Kunststoff gefertigt","og_url":"https:\/\/fixtron.de\/?product=gann-m-20-einschlag-elektrode","og_site_name":"FIXTRON GMBH - Shop","article_modified_time":"2025-03-10T12:54:17+00:00","og_image":[{"width":1000,"height":1000,"url":"https:\/\/fixtron.de\/wp-content\/uploads\/2020\/08\/M20.jpg","type":"image\/jpeg"}],"twitter_card":"summary_large_image","twitter_misc":{"Gesch\u00e4tzte Lesezeit":"1\u00a0Minute"},"schema":{"@context":"https:\/\/schema.org","@graph":[{"@type":"WebPage","@id":"https:\/\/fixtron.de\/?product=gann-m-20-einschlag-elektrode","url":"https:\/\/fixtron.de\/?product=gann-m-20-einschlag-elektrode","name":"Gann M 20 Einschlag Elektrode - FIXTRON GMBH - Shop","isPartOf":{"@id":"https:\/\/fixtron.de\/#website"},"primaryImageOfPage":{"@id":"https:\/\/fixtron.de\/?product=gann-m-20-einschlag-elektrode#primaryimage"},"image":{"@id":"https:\/\/fixtron.de\/?product=gann-m-20-einschlag-elektrode#primaryimage"},"thumbnailUrl":"https:\/\/fixtron.de\/wp-content\/uploads\/2020\/08\/M20.jpg","datePublished":"2020-05-23T13:46:00+00:00","dateModified":"2025-03-10T12:54:17+00:00","description":"Gann M 20 Einschlag Elektrode - mit allen Hydrometten kompatibel - Der Elektrodenk\u00f6rper ist aus schlagfestem Kunststoff gefertigt","breadcrumb":{"@id":"https:\/\/fixtron.de\/?product=gann-m-20-einschlag-elektrode#breadcrumb"},"inLanguage":"de","potentialAction":[{"@type":"ReadAction","target":["https:\/\/fixtron.de\/?product=gann-m-20-einschlag-elektrode"]}]},{"@type":"ImageObject","inLanguage":"de","@id":"https:\/\/fixtron.de\/?product=gann-m-20-einschlag-elektrode#primaryimage","url":"https:\/\/fixtron.de\/wp-content\/uploads\/2020\/08\/M20.jpg","contentUrl":"https:\/\/fixtron.de\/wp-content\/uploads\/2020\/08\/M20.jpg","width":1000,"height":1000,"caption":"Gann M 20 Einschlag Elektrode"},{"@type":"BreadcrumbList","@id":"https:\/\/fixtron.de\/?product=gann-m-20-einschlag-elektrode#breadcrumb","itemListElement":[{"@type":"ListItem","position":1,"name":"Startseite","item":"https:\/\/fixtron.de\/"},{"@type":"ListItem","position":2,"name":"Shop","item":"https:\/\/fixtron.de\/?page_id=16552"},{"@type":"ListItem","position":3,"name":"Gann M 20 Einschlag Elektrode"}]},{"@type":"WebSite","@id":"https:\/\/fixtron.de\/#website","url":"https:\/\/fixtron.de\/","name":"FIXTRON GMBH - Shop","description":"...Ihr zuverl\u00e4ssiger Partner","potentialAction":[{"@type":"SearchAction","target":{"@type":"EntryPoint","urlTemplate":"https:\/\/fixtron.de\/?s={search_term_string}"},"query-input":"required name=search_term_string"}],"inLanguage":"de"}]}},"_links":{"self":[{"href":"https:\/\/fixtron.de\/index.php?rest_route=\/wp\/v2\/product\/20491"}],"collection":[{"href":"https:\/\/fixtron.de\/index.php?rest_route=\/wp\/v2\/product"}],"about":[{"href":"https:\/\/fixtron.de\/index.php?rest_route=\/wp\/v2\/types\/product"}],"replies":[{"embeddable":true,"href":"https:\/\/fixtron.de\/index.php?rest_route=%2Fwp%2Fv2%2Fcomments&post=20491"}],"wp:featuredmedia":[{"embeddable":true,"href":"https:\/\/fixtron.de\/index.php?rest_route=\/wp\/v2\/media\/20947"}],"wp:attachment":[{"href":"https:\/\/fixtron.de\/index.php?rest_route=%2Fwp%2Fv2%2Fmedia&parent=20491"}],"wp:term":[{"taxonomy":"product_cat","embeddable":true,"href":"https:\/\/fixtron.de\/index.php?rest_route=%2Fwp%2Fv2%2Fproduct_cat&post=20491"},{"taxonomy":"product_tag","embeddable":true,"href":"https:\/\/fixtron.de\/index.php?rest_route=%2Fwp%2Fv2%2Fproduct_tag&post=20491"}],"curies":[{"name":"wp","href":"https:\/\/api.w.org\/{rel}","templated":true}]}}