{"id":20490,"date":"2020-05-23T13:46:00","date_gmt":"2020-05-23T13:46:00","guid":{"rendered":"https:\/\/fixtron.de\/?product=gann-m-18"},"modified":"2025-03-12T08:52:09","modified_gmt":"2025-03-12T08:52:09","slug":"gann-m-18","status":"publish","type":"product","link":"https:\/\/fixtron.de\/?product=gann-m-18","title":{"rendered":"Gann M 18"},"content":{"rendered":"<p><strong>Gann M 18 Ramm-Elektrode<\/strong><\/p>\n<p>&nbsp;<\/p>\n<ul>\n<li>Die Gann M 18\u00a0 Ramm-Elektrode kann direkt zur Holzfeuchte-Messung verwendet werden.<br \/>\nSie kann mit allen Hydrometten verwendet werden, die auf der\u00a0Widerstands-Messmethode\u00a0basieren.<\/li>\n<li>Die Elektrode wird am oberen Ende mit der flachen Hand fixiert und mit dem Griffst\u00fcck durch h\u00e4mmernde Bewegungen in das zu messende Material eingerammt.<\/li>\n<\/ul>\n<p>Im Lieferumfang sind jeweils 10 Elektrodenspitzen \u00e0 40 und 60 mm L\u00e4nge enthalten.<\/p>\n<ul>\n<li>F\u00fcr Tiefenmessungen in\u00a0starken\u00a0(bis 180 mm Dicke) und\u00a0harten H\u00f6lzern\u00a0geeignet<\/li>\n<li>Die Elektrode ist aus widerstandsf\u00e4higem und korrosionsbest\u00e4ndigem V2A-Edelstahl, der Elektrodentr\u00e4ger aus hochfestem Spezialkunststoff gefertigt<\/li>\n<li>Um die Kernfeuchte unter Ausschluss von eventuell vorhandener Oberfl\u00e4chenfeuchte zu erfassen, sind teflon-Isolierte Elektrodenspitzen mit 45 mm und 60 mm separat lieferbar<\/li>\n<\/ul>\n","protected":false},"excerpt":{"rendered":"<p>Gann M 18<\/p>\n","protected":false},"featured_media":20804,"comment_status":"closed","ping_status":"closed","template":"","meta":[],"product_cat":[105,153,157],"product_tag":[232,220,242,205,197],"yoast_head":"<!-- This site is optimized with the Yoast SEO plugin v22.5 - https:\/\/yoast.com\/wordpress\/plugins\/seo\/ -->\n<title>Gann M 18 Ramm Elektrode - FIXTRON GMBH - Shop<\/title>\n<meta name=\"description\" content=\"Gann M 18 Ramm Elektrode f\u00fcr Holzfeuchte-Messungen - Kompatibel mit allen Hydrometten der Gann Serie - Korrosionsbest\u00e4ndiges V2A Edelstahl\" \/>\n<meta name=\"robots\" content=\"index, follow, max-snippet:-1, max-image-preview:large, max-video-preview:-1\" \/>\n<link rel=\"canonical\" href=\"https:\/\/fixtron.de\/?product=gann-m-18\" \/>\n<meta property=\"og:locale\" content=\"de_DE\" \/>\n<meta property=\"og:type\" content=\"article\" \/>\n<meta property=\"og:title\" content=\"Gann M 18 Ramm Elektrode - FIXTRON GMBH - Shop\" \/>\n<meta property=\"og:description\" content=\"Gann M 18 Ramm Elektrode f\u00fcr Holzfeuchte-Messungen - Kompatibel mit allen Hydrometten der Gann Serie - Korrosionsbest\u00e4ndiges V2A Edelstahl\" \/>\n<meta property=\"og:url\" content=\"https:\/\/fixtron.de\/?product=gann-m-18\" \/>\n<meta property=\"og:site_name\" content=\"FIXTRON GMBH - Shop\" \/>\n<meta property=\"article:modified_time\" content=\"2025-03-12T08:52:09+00:00\" \/>\n<meta property=\"og:image\" content=\"https:\/\/fixtron.de\/wp-content\/uploads\/2020\/08\/M18-Big.jpg\" \/>\n\t<meta property=\"og:image:width\" content=\"1000\" \/>\n\t<meta property=\"og:image:height\" content=\"1000\" \/>\n\t<meta property=\"og:image:type\" content=\"image\/jpeg\" \/>\n<meta name=\"twitter:card\" content=\"summary_large_image\" \/>\n<meta name=\"twitter:label1\" content=\"Gesch\u00e4tzte Lesezeit\" \/>\n\t<meta name=\"twitter:data1\" content=\"1\u00a0Minute\" \/>\n<script type=\"application\/ld+json\" class=\"yoast-schema-graph\">{\"@context\":\"https:\/\/schema.org\",\"@graph\":[{\"@type\":\"WebPage\",\"@id\":\"https:\/\/fixtron.de\/?product=gann-m-18\",\"url\":\"https:\/\/fixtron.de\/?product=gann-m-18\",\"name\":\"Gann M 18 Ramm Elektrode - FIXTRON GMBH - Shop\",\"isPartOf\":{\"@id\":\"https:\/\/fixtron.de\/#website\"},\"primaryImageOfPage\":{\"@id\":\"https:\/\/fixtron.de\/?product=gann-m-18#primaryimage\"},\"image\":{\"@id\":\"https:\/\/fixtron.de\/?product=gann-m-18#primaryimage\"},\"thumbnailUrl\":\"https:\/\/fixtron.de\/wp-content\/uploads\/2020\/08\/M18-Big.jpg\",\"datePublished\":\"2020-05-23T13:46:00+00:00\",\"dateModified\":\"2025-03-12T08:52:09+00:00\",\"description\":\"Gann M 18 Ramm Elektrode f\u00fcr Holzfeuchte-Messungen - Kompatibel mit allen Hydrometten der Gann Serie - Korrosionsbest\u00e4ndiges V2A Edelstahl\",\"breadcrumb\":{\"@id\":\"https:\/\/fixtron.de\/?product=gann-m-18#breadcrumb\"},\"inLanguage\":\"de\",\"potentialAction\":[{\"@type\":\"ReadAction\",\"target\":[\"https:\/\/fixtron.de\/?product=gann-m-18\"]}]},{\"@type\":\"ImageObject\",\"inLanguage\":\"de\",\"@id\":\"https:\/\/fixtron.de\/?product=gann-m-18#primaryimage\",\"url\":\"https:\/\/fixtron.de\/wp-content\/uploads\/2020\/08\/M18-Big.jpg\",\"contentUrl\":\"https:\/\/fixtron.de\/wp-content\/uploads\/2020\/08\/M18-Big.jpg\",\"width\":1000,\"height\":1000,\"caption\":\"Gann M 18\"},{\"@type\":\"BreadcrumbList\",\"@id\":\"https:\/\/fixtron.de\/?product=gann-m-18#breadcrumb\",\"itemListElement\":[{\"@type\":\"ListItem\",\"position\":1,\"name\":\"Startseite\",\"item\":\"https:\/\/fixtron.de\/\"},{\"@type\":\"ListItem\",\"position\":2,\"name\":\"Shop\",\"item\":\"https:\/\/fixtron.de\/?page_id=16552\"},{\"@type\":\"ListItem\",\"position\":3,\"name\":\"Gann M 18\"}]},{\"@type\":\"WebSite\",\"@id\":\"https:\/\/fixtron.de\/#website\",\"url\":\"https:\/\/fixtron.de\/\",\"name\":\"FIXTRON GMBH - Shop\",\"description\":\"...Ihr zuverl\u00e4ssiger Partner\",\"potentialAction\":[{\"@type\":\"SearchAction\",\"target\":{\"@type\":\"EntryPoint\",\"urlTemplate\":\"https:\/\/fixtron.de\/?s={search_term_string}\"},\"query-input\":\"required name=search_term_string\"}],\"inLanguage\":\"de\"}]}<\/script>\n<!-- \/ Yoast SEO plugin. -->","yoast_head_json":{"title":"Gann M 18 Ramm Elektrode - FIXTRON GMBH - Shop","description":"Gann M 18 Ramm Elektrode f\u00fcr Holzfeuchte-Messungen - Kompatibel mit allen Hydrometten der Gann Serie - Korrosionsbest\u00e4ndiges V2A Edelstahl","robots":{"index":"index","follow":"follow","max-snippet":"max-snippet:-1","max-image-preview":"max-image-preview:large","max-video-preview":"max-video-preview:-1"},"canonical":"https:\/\/fixtron.de\/?product=gann-m-18","og_locale":"de_DE","og_type":"article","og_title":"Gann M 18 Ramm Elektrode - FIXTRON GMBH - Shop","og_description":"Gann M 18 Ramm Elektrode f\u00fcr Holzfeuchte-Messungen - Kompatibel mit allen Hydrometten der Gann Serie - Korrosionsbest\u00e4ndiges V2A Edelstahl","og_url":"https:\/\/fixtron.de\/?product=gann-m-18","og_site_name":"FIXTRON GMBH - Shop","article_modified_time":"2025-03-12T08:52:09+00:00","og_image":[{"width":1000,"height":1000,"url":"https:\/\/fixtron.de\/wp-content\/uploads\/2020\/08\/M18-Big.jpg","type":"image\/jpeg"}],"twitter_card":"summary_large_image","twitter_misc":{"Gesch\u00e4tzte Lesezeit":"1\u00a0Minute"},"schema":{"@context":"https:\/\/schema.org","@graph":[{"@type":"WebPage","@id":"https:\/\/fixtron.de\/?product=gann-m-18","url":"https:\/\/fixtron.de\/?product=gann-m-18","name":"Gann M 18 Ramm Elektrode - FIXTRON GMBH - Shop","isPartOf":{"@id":"https:\/\/fixtron.de\/#website"},"primaryImageOfPage":{"@id":"https:\/\/fixtron.de\/?product=gann-m-18#primaryimage"},"image":{"@id":"https:\/\/fixtron.de\/?product=gann-m-18#primaryimage"},"thumbnailUrl":"https:\/\/fixtron.de\/wp-content\/uploads\/2020\/08\/M18-Big.jpg","datePublished":"2020-05-23T13:46:00+00:00","dateModified":"2025-03-12T08:52:09+00:00","description":"Gann M 18 Ramm Elektrode f\u00fcr Holzfeuchte-Messungen - Kompatibel mit allen Hydrometten der Gann Serie - Korrosionsbest\u00e4ndiges V2A Edelstahl","breadcrumb":{"@id":"https:\/\/fixtron.de\/?product=gann-m-18#breadcrumb"},"inLanguage":"de","potentialAction":[{"@type":"ReadAction","target":["https:\/\/fixtron.de\/?product=gann-m-18"]}]},{"@type":"ImageObject","inLanguage":"de","@id":"https:\/\/fixtron.de\/?product=gann-m-18#primaryimage","url":"https:\/\/fixtron.de\/wp-content\/uploads\/2020\/08\/M18-Big.jpg","contentUrl":"https:\/\/fixtron.de\/wp-content\/uploads\/2020\/08\/M18-Big.jpg","width":1000,"height":1000,"caption":"Gann M 18"},{"@type":"BreadcrumbList","@id":"https:\/\/fixtron.de\/?product=gann-m-18#breadcrumb","itemListElement":[{"@type":"ListItem","position":1,"name":"Startseite","item":"https:\/\/fixtron.de\/"},{"@type":"ListItem","position":2,"name":"Shop","item":"https:\/\/fixtron.de\/?page_id=16552"},{"@type":"ListItem","position":3,"name":"Gann M 18"}]},{"@type":"WebSite","@id":"https:\/\/fixtron.de\/#website","url":"https:\/\/fixtron.de\/","name":"FIXTRON GMBH - Shop","description":"...Ihr zuverl\u00e4ssiger Partner","potentialAction":[{"@type":"SearchAction","target":{"@type":"EntryPoint","urlTemplate":"https:\/\/fixtron.de\/?s={search_term_string}"},"query-input":"required name=search_term_string"}],"inLanguage":"de"}]}},"_links":{"self":[{"href":"https:\/\/fixtron.de\/index.php?rest_route=\/wp\/v2\/product\/20490"}],"collection":[{"href":"https:\/\/fixtron.de\/index.php?rest_route=\/wp\/v2\/product"}],"about":[{"href":"https:\/\/fixtron.de\/index.php?rest_route=\/wp\/v2\/types\/product"}],"replies":[{"embeddable":true,"href":"https:\/\/fixtron.de\/index.php?rest_route=%2Fwp%2Fv2%2Fcomments&post=20490"}],"wp:featuredmedia":[{"embeddable":true,"href":"https:\/\/fixtron.de\/index.php?rest_route=\/wp\/v2\/media\/20804"}],"wp:attachment":[{"href":"https:\/\/fixtron.de\/index.php?rest_route=%2Fwp%2Fv2%2Fmedia&parent=20490"}],"wp:term":[{"taxonomy":"product_cat","embeddable":true,"href":"https:\/\/fixtron.de\/index.php?rest_route=%2Fwp%2Fv2%2Fproduct_cat&post=20490"},{"taxonomy":"product_tag","embeddable":true,"href":"https:\/\/fixtron.de\/index.php?rest_route=%2Fwp%2Fv2%2Fproduct_tag&post=20490"}],"curies":[{"name":"wp","href":"https:\/\/api.w.org\/{rel}","templated":true}]}}