{"id":20489,"date":"2020-05-23T13:46:00","date_gmt":"2020-05-23T13:46:00","guid":{"rendered":"https:\/\/fixtron.de\/?product=gann-m-6-einsteckelektroden"},"modified":"2025-03-12T08:51:44","modified_gmt":"2025-03-12T08:51:44","slug":"gann-m-6-einsteckelektroden","status":"publish","type":"product","link":"https:\/\/fixtron.de\/?product=gann-m-6-einsteckelektroden","title":{"rendered":"Gann M 6 Einsteckelektroden"},"content":{"rendered":"<p><strong>Gann M 6 Einsteckelektroden<\/strong><\/p>\n<p>&nbsp;<\/p>\n<ul>\n<li>Das Einsteck-Elektrodenpaar M 6 kann direkt zur\u00a0Baufeuchte-Messung\u00a0verwendet werden und dient au\u00dferdem als\u00a0Basissystem\u00a0f\u00fcr verschiedene andere Elektrodenpaare (siehe unten).<br \/>\nDas Elektrodenpaar kann mit allen Hydrometten verwendet werden, die auf der\u00a0Widerstands-Messmethode\u00a0basieren.<\/li>\n<li>Im Lieferumfang sind jeweils 10 Elektrodenspitzen \u00e0 40 und 60 mm L\u00e4nge enthalten.<\/li>\n<li>Zur Messung von\u00a0harten abgebundenen Baustoffen\u00a0(z.B. Beton oder Estrich)<\/li>\n<li>Die Elektroden sind immer paarweise zu verwenden und optimaler weise im Abstand von ca. 8 &#8211; 10 cm zueinander in das Messgut einzubringen<\/li>\n<li>Um die Leitf\u00e4higkeit zwischen Messgut und Elektrodenspitzen zu gew\u00e4hrleisten, ist bei allen harten Baustoffen die Verwendung von Kontaktmasse erforderlich<\/li>\n<\/ul>\n<p>&nbsp;<\/p>\n<p>Die Elektrodenk\u00f6pfe dienen au\u00dferdem als\u00a0Tr\u00e4gersystem\u00a0f\u00fcr verschiedene andere Elektrodenpaare, d.h. die nachfolgend aufgef\u00fchrten Sonden k\u00f6nnen nur sinnvoll in Verbindung mit einem M 6-Elektrodenpaar verwendet werden:<\/p>\n<ul>\n<li>Flach-Elektrodenpaar M 6- BI 200 und M 6- BI 300<\/li>\n<li>Einsteck-Elektrodenspitzenpaar M 20- BI 200 und M 20- BI 300<\/li>\n<li>Einsteck-Elektrodenspitzenpaar M 6- 150 und M 6- 250<\/li>\n<\/ul>\n","protected":false},"excerpt":{"rendered":"<p>Gann M 6 Einsteckelektroden<\/p>\n","protected":false},"featured_media":20913,"comment_status":"closed","ping_status":"closed","template":"","meta":[],"product_cat":[105,153,157],"product_tag":[232,220,205,197],"yoast_head":"<!-- This site is optimized with the Yoast SEO plugin v22.5 - https:\/\/yoast.com\/wordpress\/plugins\/seo\/ -->\n<title>Gann M 6 Einsteckelektroden - FIXTRON GMBH - Shop<\/title>\n<meta name=\"description\" content=\"Gann M 6 Einsteckelektroden - Das Einsteck-Elektrodenpaar M 6 kann direkt zur\u00a0Baufeuchte-Messung\u00a0verwendet werden und dient au\u00dferdem als\u00a0Basissystem\u00a0f\u00fcr verschiedene andere Elektrodenpaare\" \/>\n<meta name=\"robots\" content=\"index, follow, max-snippet:-1, max-image-preview:large, max-video-preview:-1\" \/>\n<link rel=\"canonical\" href=\"https:\/\/fixtron.de\/?product=gann-m-6-einsteckelektroden\" \/>\n<meta property=\"og:locale\" content=\"de_DE\" \/>\n<meta property=\"og:type\" content=\"article\" \/>\n<meta property=\"og:title\" content=\"Gann M 6 Einsteckelektroden - FIXTRON GMBH - Shop\" \/>\n<meta property=\"og:description\" content=\"Gann M 6 Einsteckelektroden - Das Einsteck-Elektrodenpaar M 6 kann direkt zur\u00a0Baufeuchte-Messung\u00a0verwendet werden und dient au\u00dferdem als\u00a0Basissystem\u00a0f\u00fcr verschiedene andere Elektrodenpaare\" \/>\n<meta property=\"og:url\" content=\"https:\/\/fixtron.de\/?product=gann-m-6-einsteckelektroden\" \/>\n<meta property=\"og:site_name\" content=\"FIXTRON GMBH - Shop\" \/>\n<meta property=\"article:modified_time\" content=\"2025-03-12T08:51:44+00:00\" \/>\n<meta property=\"og:image\" content=\"https:\/\/fixtron.de\/wp-content\/uploads\/2020\/08\/M6-Big.jpg\" \/>\n\t<meta property=\"og:image:width\" content=\"1000\" \/>\n\t<meta property=\"og:image:height\" content=\"1000\" \/>\n\t<meta property=\"og:image:type\" content=\"image\/jpeg\" \/>\n<meta name=\"twitter:card\" content=\"summary_large_image\" \/>\n<meta name=\"twitter:label1\" content=\"Gesch\u00e4tzte Lesezeit\" \/>\n\t<meta name=\"twitter:data1\" content=\"1\u00a0Minute\" \/>\n<script type=\"application\/ld+json\" class=\"yoast-schema-graph\">{\"@context\":\"https:\/\/schema.org\",\"@graph\":[{\"@type\":\"WebPage\",\"@id\":\"https:\/\/fixtron.de\/?product=gann-m-6-einsteckelektroden\",\"url\":\"https:\/\/fixtron.de\/?product=gann-m-6-einsteckelektroden\",\"name\":\"Gann M 6 Einsteckelektroden - FIXTRON GMBH - Shop\",\"isPartOf\":{\"@id\":\"https:\/\/fixtron.de\/#website\"},\"primaryImageOfPage\":{\"@id\":\"https:\/\/fixtron.de\/?product=gann-m-6-einsteckelektroden#primaryimage\"},\"image\":{\"@id\":\"https:\/\/fixtron.de\/?product=gann-m-6-einsteckelektroden#primaryimage\"},\"thumbnailUrl\":\"https:\/\/fixtron.de\/wp-content\/uploads\/2020\/08\/M6-Big.jpg\",\"datePublished\":\"2020-05-23T13:46:00+00:00\",\"dateModified\":\"2025-03-12T08:51:44+00:00\",\"description\":\"Gann M 6 Einsteckelektroden - Das Einsteck-Elektrodenpaar M 6 kann direkt zur\u00a0Baufeuchte-Messung\u00a0verwendet werden und dient au\u00dferdem als\u00a0Basissystem\u00a0f\u00fcr verschiedene andere Elektrodenpaare\",\"breadcrumb\":{\"@id\":\"https:\/\/fixtron.de\/?product=gann-m-6-einsteckelektroden#breadcrumb\"},\"inLanguage\":\"de\",\"potentialAction\":[{\"@type\":\"ReadAction\",\"target\":[\"https:\/\/fixtron.de\/?product=gann-m-6-einsteckelektroden\"]}]},{\"@type\":\"ImageObject\",\"inLanguage\":\"de\",\"@id\":\"https:\/\/fixtron.de\/?product=gann-m-6-einsteckelektroden#primaryimage\",\"url\":\"https:\/\/fixtron.de\/wp-content\/uploads\/2020\/08\/M6-Big.jpg\",\"contentUrl\":\"https:\/\/fixtron.de\/wp-content\/uploads\/2020\/08\/M6-Big.jpg\",\"width\":1000,\"height\":1000,\"caption\":\"Gann M 6 Einsteckelektroden\"},{\"@type\":\"BreadcrumbList\",\"@id\":\"https:\/\/fixtron.de\/?product=gann-m-6-einsteckelektroden#breadcrumb\",\"itemListElement\":[{\"@type\":\"ListItem\",\"position\":1,\"name\":\"Startseite\",\"item\":\"https:\/\/fixtron.de\/\"},{\"@type\":\"ListItem\",\"position\":2,\"name\":\"Shop\",\"item\":\"https:\/\/fixtron.de\/?page_id=16552\"},{\"@type\":\"ListItem\",\"position\":3,\"name\":\"Gann M 6 Einsteckelektroden\"}]},{\"@type\":\"WebSite\",\"@id\":\"https:\/\/fixtron.de\/#website\",\"url\":\"https:\/\/fixtron.de\/\",\"name\":\"FIXTRON GMBH - Shop\",\"description\":\"...Ihr zuverl\u00e4ssiger Partner\",\"potentialAction\":[{\"@type\":\"SearchAction\",\"target\":{\"@type\":\"EntryPoint\",\"urlTemplate\":\"https:\/\/fixtron.de\/?s={search_term_string}\"},\"query-input\":\"required name=search_term_string\"}],\"inLanguage\":\"de\"}]}<\/script>\n<!-- \/ Yoast SEO plugin. -->","yoast_head_json":{"title":"Gann M 6 Einsteckelektroden - FIXTRON GMBH - Shop","description":"Gann M 6 Einsteckelektroden - Das Einsteck-Elektrodenpaar M 6 kann direkt zur\u00a0Baufeuchte-Messung\u00a0verwendet werden und dient au\u00dferdem als\u00a0Basissystem\u00a0f\u00fcr verschiedene andere Elektrodenpaare","robots":{"index":"index","follow":"follow","max-snippet":"max-snippet:-1","max-image-preview":"max-image-preview:large","max-video-preview":"max-video-preview:-1"},"canonical":"https:\/\/fixtron.de\/?product=gann-m-6-einsteckelektroden","og_locale":"de_DE","og_type":"article","og_title":"Gann M 6 Einsteckelektroden - FIXTRON GMBH - Shop","og_description":"Gann M 6 Einsteckelektroden - Das Einsteck-Elektrodenpaar M 6 kann direkt zur\u00a0Baufeuchte-Messung\u00a0verwendet werden und dient au\u00dferdem als\u00a0Basissystem\u00a0f\u00fcr verschiedene andere Elektrodenpaare","og_url":"https:\/\/fixtron.de\/?product=gann-m-6-einsteckelektroden","og_site_name":"FIXTRON GMBH - Shop","article_modified_time":"2025-03-12T08:51:44+00:00","og_image":[{"width":1000,"height":1000,"url":"https:\/\/fixtron.de\/wp-content\/uploads\/2020\/08\/M6-Big.jpg","type":"image\/jpeg"}],"twitter_card":"summary_large_image","twitter_misc":{"Gesch\u00e4tzte Lesezeit":"1\u00a0Minute"},"schema":{"@context":"https:\/\/schema.org","@graph":[{"@type":"WebPage","@id":"https:\/\/fixtron.de\/?product=gann-m-6-einsteckelektroden","url":"https:\/\/fixtron.de\/?product=gann-m-6-einsteckelektroden","name":"Gann M 6 Einsteckelektroden - FIXTRON GMBH - Shop","isPartOf":{"@id":"https:\/\/fixtron.de\/#website"},"primaryImageOfPage":{"@id":"https:\/\/fixtron.de\/?product=gann-m-6-einsteckelektroden#primaryimage"},"image":{"@id":"https:\/\/fixtron.de\/?product=gann-m-6-einsteckelektroden#primaryimage"},"thumbnailUrl":"https:\/\/fixtron.de\/wp-content\/uploads\/2020\/08\/M6-Big.jpg","datePublished":"2020-05-23T13:46:00+00:00","dateModified":"2025-03-12T08:51:44+00:00","description":"Gann M 6 Einsteckelektroden - Das Einsteck-Elektrodenpaar M 6 kann direkt zur\u00a0Baufeuchte-Messung\u00a0verwendet werden und dient au\u00dferdem als\u00a0Basissystem\u00a0f\u00fcr verschiedene andere Elektrodenpaare","breadcrumb":{"@id":"https:\/\/fixtron.de\/?product=gann-m-6-einsteckelektroden#breadcrumb"},"inLanguage":"de","potentialAction":[{"@type":"ReadAction","target":["https:\/\/fixtron.de\/?product=gann-m-6-einsteckelektroden"]}]},{"@type":"ImageObject","inLanguage":"de","@id":"https:\/\/fixtron.de\/?product=gann-m-6-einsteckelektroden#primaryimage","url":"https:\/\/fixtron.de\/wp-content\/uploads\/2020\/08\/M6-Big.jpg","contentUrl":"https:\/\/fixtron.de\/wp-content\/uploads\/2020\/08\/M6-Big.jpg","width":1000,"height":1000,"caption":"Gann M 6 Einsteckelektroden"},{"@type":"BreadcrumbList","@id":"https:\/\/fixtron.de\/?product=gann-m-6-einsteckelektroden#breadcrumb","itemListElement":[{"@type":"ListItem","position":1,"name":"Startseite","item":"https:\/\/fixtron.de\/"},{"@type":"ListItem","position":2,"name":"Shop","item":"https:\/\/fixtron.de\/?page_id=16552"},{"@type":"ListItem","position":3,"name":"Gann M 6 Einsteckelektroden"}]},{"@type":"WebSite","@id":"https:\/\/fixtron.de\/#website","url":"https:\/\/fixtron.de\/","name":"FIXTRON GMBH - Shop","description":"...Ihr zuverl\u00e4ssiger Partner","potentialAction":[{"@type":"SearchAction","target":{"@type":"EntryPoint","urlTemplate":"https:\/\/fixtron.de\/?s={search_term_string}"},"query-input":"required name=search_term_string"}],"inLanguage":"de"}]}},"_links":{"self":[{"href":"https:\/\/fixtron.de\/index.php?rest_route=\/wp\/v2\/product\/20489"}],"collection":[{"href":"https:\/\/fixtron.de\/index.php?rest_route=\/wp\/v2\/product"}],"about":[{"href":"https:\/\/fixtron.de\/index.php?rest_route=\/wp\/v2\/types\/product"}],"replies":[{"embeddable":true,"href":"https:\/\/fixtron.de\/index.php?rest_route=%2Fwp%2Fv2%2Fcomments&post=20489"}],"wp:featuredmedia":[{"embeddable":true,"href":"https:\/\/fixtron.de\/index.php?rest_route=\/wp\/v2\/media\/20913"}],"wp:attachment":[{"href":"https:\/\/fixtron.de\/index.php?rest_route=%2Fwp%2Fv2%2Fmedia&parent=20489"}],"wp:term":[{"taxonomy":"product_cat","embeddable":true,"href":"https:\/\/fixtron.de\/index.php?rest_route=%2Fwp%2Fv2%2Fproduct_cat&post=20489"},{"taxonomy":"product_tag","embeddable":true,"href":"https:\/\/fixtron.de\/index.php?rest_route=%2Fwp%2Fv2%2Fproduct_tag&post=20489"}],"curies":[{"name":"wp","href":"https:\/\/api.w.org\/{rel}","templated":true}]}}