{"id":20487,"date":"2020-05-23T13:46:00","date_gmt":"2020-05-23T13:46:00","guid":{"rendered":"https:\/\/fixtron.de\/?product=gann-hydromette-uni-2"},"modified":"2025-03-10T12:26:23","modified_gmt":"2025-03-10T12:26:23","slug":"gann-hydromette-uni-2","status":"publish","type":"product","link":"https:\/\/fixtron.de\/?product=gann-hydromette-uni-2","title":{"rendered":"Gann Hydromette Uni 2"},"content":{"rendered":"<p><strong>Gann Hydromette Uni 2<\/strong><\/p>\n<p>&nbsp;<\/p>\n<ul>\n<li>Die UNI 2 ist ein elektronisches und\u00a0universelles Dreifach-Messger\u00e4t, an das eine breite Palette von (Aktiv-)Elektroden angeschlossen werden kann. Dabei k\u00f6nnen die Messbereiche Baufeuchte, Luftfeuchte und Temperatur gemessen werden.<br \/>\nAu\u00dferdem k\u00f6nnen s\u00e4mtliche\u00a0Baufeuchte-Messelektroden\u00a0angeschlossen werden, die auf dem\u00a0Widerstands-Messprinzip\u00a0basieren.<\/li>\n<li>Der Anschluss folgender (Aktiv-)Elektroden ist m\u00f6glich:<\/li>\n<li>B 50,\u00a0B 60\u00a0und\u00a0LB 71\u00a0zur zerst\u00f6rungsfreien Feuchtemessung und -indikation in Decken, W\u00e4nden, B\u00f6den und sonstigen Baustoffen<\/li>\n<li>IR 40 EL\u00a0zur Erfassung von Oberfl\u00e4chen-Temperatur, W\u00e4rmebr\u00fccken und Taupunkttemperatur<\/li>\n<li>RF-T 28,\u00a0RH-T 37 EL\u00a0und\u00a0RH-T 37 EL flex\u00a0zur Luftfeuchte- und Lufttemperaturmessung und<\/li>\n<li>alle Pt 100-Temperaturf\u00fchler<\/li>\n<li>Besonders geeignet ist das Messger\u00e4t f\u00fcr Klimatechniker, Wasserschadenbearbeiter, Versicherungen und als Erg\u00e4nzung zu einem Holzfeuchte-Messger\u00e4t.<\/li>\n<\/ul>\n","protected":false},"excerpt":{"rendered":"<p>Gann Hydromette Uni 2<\/p>\n","protected":false},"featured_media":20784,"comment_status":"closed","ping_status":"closed","template":"","meta":[],"product_cat":[105,153,154],"product_tag":[230,220,238,205,225,197],"yoast_head":"<!-- This site is optimized with the Yoast SEO plugin v22.5 - https:\/\/yoast.com\/wordpress\/plugins\/seo\/ -->\n<title>Gann Hydromette Uni 2 - FIXTRON GMBH - Shop<\/title>\n<meta name=\"description\" content=\"Gann Hydromette Uni 2 - universelles Dreifach Messger\u00e4t - Messbereiche Baufeuchte, Luftfeuchte &amp; Temperatur - Zerst\u00f6rungsfreies Messen\" \/>\n<meta name=\"robots\" content=\"index, follow, max-snippet:-1, max-image-preview:large, max-video-preview:-1\" \/>\n<link rel=\"canonical\" href=\"https:\/\/fixtron.de\/?product=gann-hydromette-uni-2\" \/>\n<meta property=\"og:locale\" content=\"de_DE\" \/>\n<meta property=\"og:type\" content=\"article\" \/>\n<meta property=\"og:title\" content=\"Gann Hydromette Uni 2 - FIXTRON GMBH - Shop\" \/>\n<meta property=\"og:description\" content=\"Gann Hydromette Uni 2 - universelles Dreifach Messger\u00e4t - Messbereiche Baufeuchte, Luftfeuchte &amp; Temperatur - Zerst\u00f6rungsfreies Messen\" \/>\n<meta property=\"og:url\" content=\"https:\/\/fixtron.de\/?product=gann-hydromette-uni-2\" \/>\n<meta property=\"og:site_name\" content=\"FIXTRON GMBH - Shop\" \/>\n<meta property=\"article:modified_time\" content=\"2025-03-10T12:26:23+00:00\" \/>\n<meta property=\"og:image\" content=\"https:\/\/fixtron.de\/wp-content\/uploads\/2020\/08\/UNI2-Big.jpg\" \/>\n\t<meta property=\"og:image:width\" content=\"1000\" \/>\n\t<meta property=\"og:image:height\" content=\"1000\" \/>\n\t<meta property=\"og:image:type\" content=\"image\/jpeg\" \/>\n<meta name=\"twitter:card\" content=\"summary_large_image\" \/>\n<meta name=\"twitter:label1\" content=\"Gesch\u00e4tzte Lesezeit\" \/>\n\t<meta name=\"twitter:data1\" content=\"1\u00a0Minute\" \/>\n<script type=\"application\/ld+json\" class=\"yoast-schema-graph\">{\"@context\":\"https:\/\/schema.org\",\"@graph\":[{\"@type\":\"WebPage\",\"@id\":\"https:\/\/fixtron.de\/?product=gann-hydromette-uni-2\",\"url\":\"https:\/\/fixtron.de\/?product=gann-hydromette-uni-2\",\"name\":\"Gann Hydromette Uni 2 - FIXTRON GMBH - Shop\",\"isPartOf\":{\"@id\":\"https:\/\/fixtron.de\/#website\"},\"primaryImageOfPage\":{\"@id\":\"https:\/\/fixtron.de\/?product=gann-hydromette-uni-2#primaryimage\"},\"image\":{\"@id\":\"https:\/\/fixtron.de\/?product=gann-hydromette-uni-2#primaryimage\"},\"thumbnailUrl\":\"https:\/\/fixtron.de\/wp-content\/uploads\/2020\/08\/UNI2-Big.jpg\",\"datePublished\":\"2020-05-23T13:46:00+00:00\",\"dateModified\":\"2025-03-10T12:26:23+00:00\",\"description\":\"Gann Hydromette Uni 2 - universelles Dreifach Messger\u00e4t - Messbereiche Baufeuchte, Luftfeuchte & Temperatur - Zerst\u00f6rungsfreies Messen\",\"breadcrumb\":{\"@id\":\"https:\/\/fixtron.de\/?product=gann-hydromette-uni-2#breadcrumb\"},\"inLanguage\":\"de\",\"potentialAction\":[{\"@type\":\"ReadAction\",\"target\":[\"https:\/\/fixtron.de\/?product=gann-hydromette-uni-2\"]}]},{\"@type\":\"ImageObject\",\"inLanguage\":\"de\",\"@id\":\"https:\/\/fixtron.de\/?product=gann-hydromette-uni-2#primaryimage\",\"url\":\"https:\/\/fixtron.de\/wp-content\/uploads\/2020\/08\/UNI2-Big.jpg\",\"contentUrl\":\"https:\/\/fixtron.de\/wp-content\/uploads\/2020\/08\/UNI2-Big.jpg\",\"width\":1000,\"height\":1000,\"caption\":\"Gann Hydromette\"},{\"@type\":\"BreadcrumbList\",\"@id\":\"https:\/\/fixtron.de\/?product=gann-hydromette-uni-2#breadcrumb\",\"itemListElement\":[{\"@type\":\"ListItem\",\"position\":1,\"name\":\"Startseite\",\"item\":\"https:\/\/fixtron.de\/\"},{\"@type\":\"ListItem\",\"position\":2,\"name\":\"Shop\",\"item\":\"https:\/\/fixtron.de\/?page_id=16552\"},{\"@type\":\"ListItem\",\"position\":3,\"name\":\"Gann Hydromette Uni 2\"}]},{\"@type\":\"WebSite\",\"@id\":\"https:\/\/fixtron.de\/#website\",\"url\":\"https:\/\/fixtron.de\/\",\"name\":\"FIXTRON GMBH - Shop\",\"description\":\"...Ihr zuverl\u00e4ssiger Partner\",\"potentialAction\":[{\"@type\":\"SearchAction\",\"target\":{\"@type\":\"EntryPoint\",\"urlTemplate\":\"https:\/\/fixtron.de\/?s={search_term_string}\"},\"query-input\":\"required name=search_term_string\"}],\"inLanguage\":\"de\"}]}<\/script>\n<!-- \/ Yoast SEO plugin. -->","yoast_head_json":{"title":"Gann Hydromette Uni 2 - FIXTRON GMBH - Shop","description":"Gann Hydromette Uni 2 - universelles Dreifach Messger\u00e4t - Messbereiche Baufeuchte, Luftfeuchte & Temperatur - Zerst\u00f6rungsfreies Messen","robots":{"index":"index","follow":"follow","max-snippet":"max-snippet:-1","max-image-preview":"max-image-preview:large","max-video-preview":"max-video-preview:-1"},"canonical":"https:\/\/fixtron.de\/?product=gann-hydromette-uni-2","og_locale":"de_DE","og_type":"article","og_title":"Gann Hydromette Uni 2 - FIXTRON GMBH - Shop","og_description":"Gann Hydromette Uni 2 - universelles Dreifach Messger\u00e4t - Messbereiche Baufeuchte, Luftfeuchte & Temperatur - Zerst\u00f6rungsfreies Messen","og_url":"https:\/\/fixtron.de\/?product=gann-hydromette-uni-2","og_site_name":"FIXTRON GMBH - Shop","article_modified_time":"2025-03-10T12:26:23+00:00","og_image":[{"width":1000,"height":1000,"url":"https:\/\/fixtron.de\/wp-content\/uploads\/2020\/08\/UNI2-Big.jpg","type":"image\/jpeg"}],"twitter_card":"summary_large_image","twitter_misc":{"Gesch\u00e4tzte Lesezeit":"1\u00a0Minute"},"schema":{"@context":"https:\/\/schema.org","@graph":[{"@type":"WebPage","@id":"https:\/\/fixtron.de\/?product=gann-hydromette-uni-2","url":"https:\/\/fixtron.de\/?product=gann-hydromette-uni-2","name":"Gann Hydromette Uni 2 - FIXTRON GMBH - Shop","isPartOf":{"@id":"https:\/\/fixtron.de\/#website"},"primaryImageOfPage":{"@id":"https:\/\/fixtron.de\/?product=gann-hydromette-uni-2#primaryimage"},"image":{"@id":"https:\/\/fixtron.de\/?product=gann-hydromette-uni-2#primaryimage"},"thumbnailUrl":"https:\/\/fixtron.de\/wp-content\/uploads\/2020\/08\/UNI2-Big.jpg","datePublished":"2020-05-23T13:46:00+00:00","dateModified":"2025-03-10T12:26:23+00:00","description":"Gann Hydromette Uni 2 - universelles Dreifach Messger\u00e4t - Messbereiche Baufeuchte, Luftfeuchte & Temperatur - Zerst\u00f6rungsfreies Messen","breadcrumb":{"@id":"https:\/\/fixtron.de\/?product=gann-hydromette-uni-2#breadcrumb"},"inLanguage":"de","potentialAction":[{"@type":"ReadAction","target":["https:\/\/fixtron.de\/?product=gann-hydromette-uni-2"]}]},{"@type":"ImageObject","inLanguage":"de","@id":"https:\/\/fixtron.de\/?product=gann-hydromette-uni-2#primaryimage","url":"https:\/\/fixtron.de\/wp-content\/uploads\/2020\/08\/UNI2-Big.jpg","contentUrl":"https:\/\/fixtron.de\/wp-content\/uploads\/2020\/08\/UNI2-Big.jpg","width":1000,"height":1000,"caption":"Gann Hydromette"},{"@type":"BreadcrumbList","@id":"https:\/\/fixtron.de\/?product=gann-hydromette-uni-2#breadcrumb","itemListElement":[{"@type":"ListItem","position":1,"name":"Startseite","item":"https:\/\/fixtron.de\/"},{"@type":"ListItem","position":2,"name":"Shop","item":"https:\/\/fixtron.de\/?page_id=16552"},{"@type":"ListItem","position":3,"name":"Gann Hydromette Uni 2"}]},{"@type":"WebSite","@id":"https:\/\/fixtron.de\/#website","url":"https:\/\/fixtron.de\/","name":"FIXTRON GMBH - Shop","description":"...Ihr zuverl\u00e4ssiger Partner","potentialAction":[{"@type":"SearchAction","target":{"@type":"EntryPoint","urlTemplate":"https:\/\/fixtron.de\/?s={search_term_string}"},"query-input":"required name=search_term_string"}],"inLanguage":"de"}]}},"_links":{"self":[{"href":"https:\/\/fixtron.de\/index.php?rest_route=\/wp\/v2\/product\/20487"}],"collection":[{"href":"https:\/\/fixtron.de\/index.php?rest_route=\/wp\/v2\/product"}],"about":[{"href":"https:\/\/fixtron.de\/index.php?rest_route=\/wp\/v2\/types\/product"}],"replies":[{"embeddable":true,"href":"https:\/\/fixtron.de\/index.php?rest_route=%2Fwp%2Fv2%2Fcomments&post=20487"}],"wp:featuredmedia":[{"embeddable":true,"href":"https:\/\/fixtron.de\/index.php?rest_route=\/wp\/v2\/media\/20784"}],"wp:attachment":[{"href":"https:\/\/fixtron.de\/index.php?rest_route=%2Fwp%2Fv2%2Fmedia&parent=20487"}],"wp:term":[{"taxonomy":"product_cat","embeddable":true,"href":"https:\/\/fixtron.de\/index.php?rest_route=%2Fwp%2Fv2%2Fproduct_cat&post=20487"},{"taxonomy":"product_tag","embeddable":true,"href":"https:\/\/fixtron.de\/index.php?rest_route=%2Fwp%2Fv2%2Fproduct_tag&post=20487"}],"curies":[{"name":"wp","href":"https:\/\/api.w.org\/{rel}","templated":true}]}}