{"id":20468,"date":"2020-05-23T13:46:00","date_gmt":"2020-05-23T13:46:00","guid":{"rendered":"https:\/\/fixtron.de\/?product=rohling-wa-mini-gehause"},"modified":"2024-07-09T11:54:47","modified_gmt":"2024-07-09T11:54:47","slug":"rohling-wa-mini-gehause","status":"publish","type":"product","link":"https:\/\/fixtron.de\/?product=rohling-wa-mini-gehause","title":{"rendered":"Rohling Wasserabscheider Mini Geh\u00e4use"},"content":{"rendered":"<p>Rohling Wasserabscheider Mini Geh\u00e4use<\/p>\n<ul>\n<li>Ersatz-Geh\u00e4use f\u00fcr WA Mini<\/li>\n<li>In der Farbe Blau<\/li>\n<\/ul>\n","protected":false},"excerpt":{"rendered":"<p>Rohling WA Mini Geh\u00e4use<\/p>\n","protected":false},"featured_media":20149,"comment_status":"closed","ping_status":"closed","template":"","meta":[],"product_cat":[100,142,144],"product_tag":[210,190,202,211,209,197],"yoast_head":"<!-- This site is optimized with the Yoast SEO plugin v22.5 - https:\/\/yoast.com\/wordpress\/plugins\/seo\/ -->\n<title>Rohling Wasserabscheider Mini Geh\u00e4use - FIXTRON GMBH - Shop<\/title>\n<meta name=\"description\" content=\"Rohling Wasserabscheider Mini Geh\u00e4use - Ohne Deckel - Ersatzgeh\u00e4use - Hochwertiger PP-Kunststoff - Fixtron GmbH Online Shop\" \/>\n<meta name=\"robots\" content=\"index, follow, max-snippet:-1, max-image-preview:large, max-video-preview:-1\" \/>\n<link rel=\"canonical\" href=\"https:\/\/fixtron.de\/?product=rohling-wa-mini-gehause\" \/>\n<meta property=\"og:locale\" content=\"de_DE\" \/>\n<meta property=\"og:type\" content=\"article\" \/>\n<meta property=\"og:title\" content=\"Rohling Wasserabscheider Mini Geh\u00e4use - FIXTRON GMBH - Shop\" \/>\n<meta property=\"og:description\" content=\"Rohling Wasserabscheider Mini Geh\u00e4use - Ohne Deckel - Ersatzgeh\u00e4use - Hochwertiger PP-Kunststoff - Fixtron GmbH Online Shop\" \/>\n<meta property=\"og:url\" content=\"https:\/\/fixtron.de\/?product=rohling-wa-mini-gehause\" \/>\n<meta property=\"og:site_name\" content=\"FIXTRON GMBH - Shop\" \/>\n<meta property=\"article:modified_time\" content=\"2024-07-09T11:54:47+00:00\" \/>\n<meta property=\"og:image\" content=\"https:\/\/fixtron.de\/wp-content\/uploads\/2020\/05\/WA10040-gehause.jpg\" \/>\n\t<meta property=\"og:image:width\" content=\"1000\" \/>\n\t<meta property=\"og:image:height\" content=\"1000\" \/>\n\t<meta property=\"og:image:type\" content=\"image\/jpeg\" \/>\n<meta name=\"twitter:card\" content=\"summary_large_image\" \/>\n<meta name=\"twitter:label1\" content=\"Gesch\u00e4tzte Lesezeit\" \/>\n\t<meta name=\"twitter:data1\" content=\"1\u00a0Minute\" \/>\n<script type=\"application\/ld+json\" class=\"yoast-schema-graph\">{\"@context\":\"https:\/\/schema.org\",\"@graph\":[{\"@type\":\"WebPage\",\"@id\":\"https:\/\/fixtron.de\/?product=rohling-wa-mini-gehause\",\"url\":\"https:\/\/fixtron.de\/?product=rohling-wa-mini-gehause\",\"name\":\"Rohling Wasserabscheider Mini Geh\u00e4use - FIXTRON GMBH - Shop\",\"isPartOf\":{\"@id\":\"https:\/\/fixtron.de\/#website\"},\"primaryImageOfPage\":{\"@id\":\"https:\/\/fixtron.de\/?product=rohling-wa-mini-gehause#primaryimage\"},\"image\":{\"@id\":\"https:\/\/fixtron.de\/?product=rohling-wa-mini-gehause#primaryimage\"},\"thumbnailUrl\":\"https:\/\/fixtron.de\/wp-content\/uploads\/2020\/05\/WA10040-gehause.jpg\",\"datePublished\":\"2020-05-23T13:46:00+00:00\",\"dateModified\":\"2024-07-09T11:54:47+00:00\",\"description\":\"Rohling Wasserabscheider Mini Geh\u00e4use - Ohne Deckel - Ersatzgeh\u00e4use - Hochwertiger PP-Kunststoff - Fixtron GmbH Online Shop\",\"breadcrumb\":{\"@id\":\"https:\/\/fixtron.de\/?product=rohling-wa-mini-gehause#breadcrumb\"},\"inLanguage\":\"de\",\"potentialAction\":[{\"@type\":\"ReadAction\",\"target\":[\"https:\/\/fixtron.de\/?product=rohling-wa-mini-gehause\"]}]},{\"@type\":\"ImageObject\",\"inLanguage\":\"de\",\"@id\":\"https:\/\/fixtron.de\/?product=rohling-wa-mini-gehause#primaryimage\",\"url\":\"https:\/\/fixtron.de\/wp-content\/uploads\/2020\/05\/WA10040-gehause.jpg\",\"contentUrl\":\"https:\/\/fixtron.de\/wp-content\/uploads\/2020\/05\/WA10040-gehause.jpg\",\"width\":1000,\"height\":1000,\"caption\":\"Rohling WA Mini Geh\u00e4use\"},{\"@type\":\"BreadcrumbList\",\"@id\":\"https:\/\/fixtron.de\/?product=rohling-wa-mini-gehause#breadcrumb\",\"itemListElement\":[{\"@type\":\"ListItem\",\"position\":1,\"name\":\"Startseite\",\"item\":\"https:\/\/fixtron.de\/\"},{\"@type\":\"ListItem\",\"position\":2,\"name\":\"Shop\",\"item\":\"https:\/\/fixtron.de\/?page_id=16552\"},{\"@type\":\"ListItem\",\"position\":3,\"name\":\"Rohling Wasserabscheider Mini Geh\u00e4use\"}]},{\"@type\":\"WebSite\",\"@id\":\"https:\/\/fixtron.de\/#website\",\"url\":\"https:\/\/fixtron.de\/\",\"name\":\"FIXTRON GMBH - Shop\",\"description\":\"...Ihr zuverl\u00e4ssiger Partner\",\"potentialAction\":[{\"@type\":\"SearchAction\",\"target\":{\"@type\":\"EntryPoint\",\"urlTemplate\":\"https:\/\/fixtron.de\/?s={search_term_string}\"},\"query-input\":\"required name=search_term_string\"}],\"inLanguage\":\"de\"}]}<\/script>\n<!-- \/ Yoast SEO plugin. -->","yoast_head_json":{"title":"Rohling Wasserabscheider Mini Geh\u00e4use - FIXTRON GMBH - Shop","description":"Rohling Wasserabscheider Mini Geh\u00e4use - Ohne Deckel - Ersatzgeh\u00e4use - Hochwertiger PP-Kunststoff - Fixtron GmbH Online Shop","robots":{"index":"index","follow":"follow","max-snippet":"max-snippet:-1","max-image-preview":"max-image-preview:large","max-video-preview":"max-video-preview:-1"},"canonical":"https:\/\/fixtron.de\/?product=rohling-wa-mini-gehause","og_locale":"de_DE","og_type":"article","og_title":"Rohling Wasserabscheider Mini Geh\u00e4use - FIXTRON GMBH - Shop","og_description":"Rohling Wasserabscheider Mini Geh\u00e4use - Ohne Deckel - Ersatzgeh\u00e4use - Hochwertiger PP-Kunststoff - Fixtron GmbH Online Shop","og_url":"https:\/\/fixtron.de\/?product=rohling-wa-mini-gehause","og_site_name":"FIXTRON GMBH - Shop","article_modified_time":"2024-07-09T11:54:47+00:00","og_image":[{"width":1000,"height":1000,"url":"https:\/\/fixtron.de\/wp-content\/uploads\/2020\/05\/WA10040-gehause.jpg","type":"image\/jpeg"}],"twitter_card":"summary_large_image","twitter_misc":{"Gesch\u00e4tzte Lesezeit":"1\u00a0Minute"},"schema":{"@context":"https:\/\/schema.org","@graph":[{"@type":"WebPage","@id":"https:\/\/fixtron.de\/?product=rohling-wa-mini-gehause","url":"https:\/\/fixtron.de\/?product=rohling-wa-mini-gehause","name":"Rohling Wasserabscheider Mini Geh\u00e4use - FIXTRON GMBH - Shop","isPartOf":{"@id":"https:\/\/fixtron.de\/#website"},"primaryImageOfPage":{"@id":"https:\/\/fixtron.de\/?product=rohling-wa-mini-gehause#primaryimage"},"image":{"@id":"https:\/\/fixtron.de\/?product=rohling-wa-mini-gehause#primaryimage"},"thumbnailUrl":"https:\/\/fixtron.de\/wp-content\/uploads\/2020\/05\/WA10040-gehause.jpg","datePublished":"2020-05-23T13:46:00+00:00","dateModified":"2024-07-09T11:54:47+00:00","description":"Rohling Wasserabscheider Mini Geh\u00e4use - Ohne Deckel - Ersatzgeh\u00e4use - Hochwertiger PP-Kunststoff - Fixtron GmbH Online Shop","breadcrumb":{"@id":"https:\/\/fixtron.de\/?product=rohling-wa-mini-gehause#breadcrumb"},"inLanguage":"de","potentialAction":[{"@type":"ReadAction","target":["https:\/\/fixtron.de\/?product=rohling-wa-mini-gehause"]}]},{"@type":"ImageObject","inLanguage":"de","@id":"https:\/\/fixtron.de\/?product=rohling-wa-mini-gehause#primaryimage","url":"https:\/\/fixtron.de\/wp-content\/uploads\/2020\/05\/WA10040-gehause.jpg","contentUrl":"https:\/\/fixtron.de\/wp-content\/uploads\/2020\/05\/WA10040-gehause.jpg","width":1000,"height":1000,"caption":"Rohling WA Mini Geh\u00e4use"},{"@type":"BreadcrumbList","@id":"https:\/\/fixtron.de\/?product=rohling-wa-mini-gehause#breadcrumb","itemListElement":[{"@type":"ListItem","position":1,"name":"Startseite","item":"https:\/\/fixtron.de\/"},{"@type":"ListItem","position":2,"name":"Shop","item":"https:\/\/fixtron.de\/?page_id=16552"},{"@type":"ListItem","position":3,"name":"Rohling Wasserabscheider Mini Geh\u00e4use"}]},{"@type":"WebSite","@id":"https:\/\/fixtron.de\/#website","url":"https:\/\/fixtron.de\/","name":"FIXTRON GMBH - Shop","description":"...Ihr zuverl\u00e4ssiger Partner","potentialAction":[{"@type":"SearchAction","target":{"@type":"EntryPoint","urlTemplate":"https:\/\/fixtron.de\/?s={search_term_string}"},"query-input":"required name=search_term_string"}],"inLanguage":"de"}]}},"_links":{"self":[{"href":"https:\/\/fixtron.de\/index.php?rest_route=\/wp\/v2\/product\/20468"}],"collection":[{"href":"https:\/\/fixtron.de\/index.php?rest_route=\/wp\/v2\/product"}],"about":[{"href":"https:\/\/fixtron.de\/index.php?rest_route=\/wp\/v2\/types\/product"}],"replies":[{"embeddable":true,"href":"https:\/\/fixtron.de\/index.php?rest_route=%2Fwp%2Fv2%2Fcomments&post=20468"}],"wp:featuredmedia":[{"embeddable":true,"href":"https:\/\/fixtron.de\/index.php?rest_route=\/wp\/v2\/media\/20149"}],"wp:attachment":[{"href":"https:\/\/fixtron.de\/index.php?rest_route=%2Fwp%2Fv2%2Fmedia&parent=20468"}],"wp:term":[{"taxonomy":"product_cat","embeddable":true,"href":"https:\/\/fixtron.de\/index.php?rest_route=%2Fwp%2Fv2%2Fproduct_cat&post=20468"},{"taxonomy":"product_tag","embeddable":true,"href":"https:\/\/fixtron.de\/index.php?rest_route=%2Fwp%2Fv2%2Fproduct_tag&post=20468"}],"curies":[{"name":"wp","href":"https:\/\/api.w.org\/{rel}","templated":true}]}}