{"id":20081,"date":"2020-05-07T05:38:37","date_gmt":"2020-05-07T05:38:37","guid":{"rendered":"https:\/\/fixtron.de\/?page_id=20081"},"modified":"2024-07-11T08:44:36","modified_gmt":"2024-07-11T08:44:36","slug":"rechtliche-hinweise","status":"publish","type":"page","link":"https:\/\/fixtron.de\/?page_id=20081","title":{"rendered":"Rechtliche Hinweise"},"content":{"rendered":"<div class=\"fusion-fullwidth fullwidth-box fusion-builder-row-1 nonhundred-percent-fullwidth non-hundred-percent-height-scrolling fusion-equal-height-columns\" style=\"background-color: #ffffff;background-position: left top;background-repeat: no-repeat;padding-top:50px;padding-right:0px;padding-bottom:20px;padding-left:0px;margin-bottom: 0px;margin-top: 0px;border-width: 0px 0px 0px 0px;border-color:#eae9e9;border-style:solid;\" ><div class=\"fusion-builder-row fusion-row\"><div class=\"fusion-layout-column fusion_builder_column fusion-builder-column-0 fusion_builder_column_1_6 1_6 fusion-one-sixth fusion-column-first\" style=\"width:16.666666666667%;width:calc(16.666666666667% - ( ( 4% + 4% ) * 0.16666666666667 ) );margin-right: 4%;margin-top:15px;margin-bottom:15px;\"><div class=\"fusion-column-wrapper fusion-flex-column-wrapper-legacy\" style=\"background-position:left top;background-repeat:no-repeat;-webkit-background-size:cover;-moz-background-size:cover;-o-background-size:cover;background-size:cover;padding: 0px 0px 0px 0px;\"><div class=\"fusion-clearfix\"><\/div><\/div><\/div><div class=\"fusion-layout-column fusion_builder_column fusion-builder-column-1 fusion_builder_column_2_3 2_3 fusion-two-third fusion-column-no-min-height\" style=\"width:66.666666666667%;width:calc(66.666666666667% - ( ( 4% + 4% ) * 0.66666666666667 ) );margin-right: 4%;margin-top:0px;margin-bottom:0px;\"><div class=\"fusion-column-wrapper fusion-flex-column-wrapper-legacy\" style=\"background-position:left top;background-repeat:no-repeat;-webkit-background-size:cover;-moz-background-size:cover;-o-background-size:cover;background-size:cover;padding: 0px 0px 0px 0px;\"><div class=\"fusion-text fusion-text-1\" style=\"transform:translate3d(0,0,0);\"><header class=\"page-header\">\n<h1>Rechtliche Hinweise<\/h1>\n<\/header>\n<section id=\"content\" class=\"page-content page-cms page-cms-2\">\n<header class=\"page-header\">\n<h1>Datenschutz<\/h1>\n<\/header>\n<section id=\"content\" class=\"page-content page-cms page-cms-2\">Verantwortlich im Sinne der Datenschutzgesetzes:Gesch\u00e4ftsf\u00fchrung: Rolf Kranen<br \/>\nRaiffeisenstra\u00dfe 11<br \/>\n52525 Waldfeucht<br \/>\nDeutschland<\/p>\n<p><strong>Datenschutz<\/strong><\/p>\n<p>Als Webseitenbetreiber nehmen wir den Schutz aller pers\u00f6nlichen Daten sehr ernst. Alle personenbezogenen Informationen werden vertraulich und gem\u00e4\u00df den gesetzlichen Vorschriften behandelt, wie in dieser Datenschutzerkl\u00e4rung erl\u00e4utert.<\/p>\n<p>Unserer Webseite kann selbstverst\u00e4ndlich genutzt werden, ohne dass Sie pers\u00f6nliche Daten angeben. Wenn jedoch zu irgendeinem Zeitpunkt pers\u00f6nliche Daten wie z.B. Name, Adresse oder E-Mail abgefragt werden, wird dies auf freiwilliger Basis geschehen. Niemals werden von uns erhobene Daten ohne Ihre spezielle Genehmigung an Dritte weitergegeben.<\/p>\n<p>Daten\u00fcbertragung im Internet, wie zum Beispiel \u00fcber E-Mail, kann immer Sicherheitsl\u00fccken aufweisen. Der komplette Schutz der Daten ist im Internet nicht m\u00f6glich.<\/p>\n<p><strong>Auskunft, L\u00f6schung, Sperrung<\/strong><\/p>\n<p>Zu jedem Zeitpunkt k\u00f6nnen Sie sich \u00fcber die personenbezogenen Daten, deren Herkunft und Empf\u00e4nger und den Nutzen der Datenverarbeitung informieren und unentgeltlich eine Korrektur, Sperrung oder L\u00f6schung dieser Daten verlangen. Bitte nutzen Sie daf\u00fcr die im Impressum angegebenen Kontaktwege. F\u00fcr weitere Fragen zum Thema stehen wir Ihnen ebenfalls jederzeit zur Verf\u00fcgung.<\/p>\n<p><strong>Server-Log-Files<\/strong><\/p>\n<p>Der Seiten-Provider erhebt und speichert automatisch Daten in Server-Log Files, die von Ihrem Browser an uns \u00fcbermittelt werden. Diese Daten enthalten:<\/p>\n<p>\u2013 Browsertyp\/ Browserversion<\/p>\n<p>\u2013 Betriebssystem des Rechners<\/p>\n<p>\u2013 Referrer URL<\/p>\n<p>\u2013 Hostname des zugreifenden Rechners<\/p>\n<p>\u2013 Uhrzeit der Serveranfrage<\/p>\n<p>Diese Daten sind nicht personenbezogen. Es erfolgt keine Zusammenf\u00fchrung dieser Daten mit anderen Datenquellen. Wenn uns konkrete Anhaltspunkte f\u00fcr eine rechtswidrige Nutzung bekannt werden behalten wir uns das Recht vor, diese Daten nachtr\u00e4glich zu \u00fcberpr\u00fcfen.<\/p>\n<p><strong>Cookies<\/strong><\/p>\n<p>Viele Internetseiten verwenden Cookies. Cookies sind unsch\u00e4dlich f\u00fcr Ihren Rechner und virenfrei. Sie dienen dazu, Internet-Angebote f\u00fcr die Besucher einer\u00a0<a href=\"http:\/\/link-katalog.de\/\" target=\"_blank\" rel=\"noopener noreferrer\">Webseite<\/a>\u00a0freundlicher, effektiver und sicherer zu machen. Cookies sind kleine Textdateien, die auf Ihrem Computer abgelegt werden und die Ihr Browser verwendet.<\/p>\n<p>Wir verwenden in der Regel so genannte \u201eSession-Cookies\u201c. Diese werden nach Verlassen unserer Seite automatisch gel\u00f6scht. Andere Cookies bleiben auf Ihrem Computer gespeichert, bis Sie diese l\u00f6schen. Diese Cookies helfen dabei, Ihren Rechner beim n\u00e4chsten Besuch wiederzuerkennen.<\/p>\n<p>\u00dcber die Browsereinstellungen k\u00f6nnen sie festlegen, dass Sie \u00fcber neue Cookies informiert werden und Cookies jeweils annehmen m\u00fcssen. Ebenso k\u00f6nnen Sie die Annahme von Cookies f\u00fcr bestimmte F\u00e4lle oder generell ausschlie\u00dfen oder das automatische L\u00f6schen der Cookies beim Schlie\u00dfen des Browser aktivieren. Werden Cookies desaktiviert, kann die Funktionalit\u00e4t unserer Website eingeschr\u00e4nkt sein.<\/p>\n<p><strong>\u00c4nderung der Datenschutzbestimmungen<\/strong><\/p>\n<p>Unsere Datenschutzerkl\u00e4rung k\u00f6nnen in unregelm\u00e4\u00dfigen Abst\u00e4nden angepasst werden, damit sie den aktuellen rechtlichen Anforderungen entsprechen oder um \u00c4nderungen unserer Dienstleistungen umzusetzen, z. B. bei der Einf\u00fcgung neuer Angebote. F\u00fcr Ihren n\u00e4chsten Besuch gilt dann automatisch die neue Datenschutzerkl\u00e4rung.<\/p>\n<p><strong>Kontakt zum Datenschutzmitarbeiter<\/strong><\/p>\n<p>F\u00fcr Fragen zum Datenschutz schicken Sie uns bitte eine Nachricht an\u00a0die\u00a0<a href=\"mailto:info@fixtron.de\">Fixtron GmbH<\/a>\u00a0mit dem Betreff \u201eDatenschutz\u201c.<\/p>\n<p>Diese Widerrufsbelehrung Seite wurde bei\u00a0<a href=\"https:\/\/xn--datenschutzerklrungmuster-zec.de\/\" target=\"_blank\" rel=\"noopener noreferrer\">datenschutzerkl\u00e4rungmuster.de<\/a>\u00a0erstellt.<\/p>\n<h4>Information zur Online-Streitbeilegung gem\u00e4\u00df Art. 14 \u00a7 1 ODR-VO (Online-Streibeilegungs-Verordnung):<\/h4>\n<p>Die Europ\u00e4ische Kommission stellt eine Plattform zur Online-Streitbeilegung (OS) bereit, die Sie hier finden: (<a href=\"http:\/\/ec.europa.eu\/consumers\/odr\" target=\"_blank\" rel=\"nofollow noopener noreferrer\">http:\/\/ec.europa.eu\/consumers\/odr<\/a>. Verbraucher haben die M\u00f6glichkeit, diese Plattform f\u00fcr die Beilegung von Streitigkeiten \u00fcber online get\u00e4tigte K\u00e4ufe oder abgeschlossene Dienstleistungsvertr\u00e4ge zu nutzen.<\/p>\n<\/section>\n<h3>Credits<\/h3>\n<p><strong>Konzept und Gestaltung:<\/strong><br \/>\nDiese Webseite wurde hergestellt unter Verwendung von\u00a0Wordpress WOOCOMMERC\u00a0open-source software.<br \/>\nWebdesign: John Baggen<\/p>\n<p><strong>Information regarding online dispute resolution pursuant to Art. 14 Para. 1 of the ODR (Online Dispute Resolution Regulation):<\/strong><\/p>\n<p>The European Commission gives consumers the opportunity to resolve online disputes pursuant to Art. 14 Para. 1 of the ODR on one of their platforms. The platform (<a href=\"http:\/\/ec.europa.eu\/consumers\/odr\" target=\"_blank\" rel=\"nofollow noopener noreferrer\">http:\/\/ec.europa.eu\/consumers\/odr<\/a>) serves as a site where consumers can try to reach out-of-court settlements of disputes arising from online purchases and contracts for services.<\/p>\n<\/section>\n<\/div><div class=\"fusion-clearfix\"><\/div><\/div><\/div><div class=\"fusion-layout-column fusion_builder_column fusion-builder-column-2 fusion_builder_column_1_6 1_6 fusion-one-sixth fusion-column-last\" style=\"width:16.666666666667%;width:calc(16.666666666667% - ( ( 4% + 4% ) * 0.16666666666667 ) );margin-top:15px;margin-bottom:15px;\"><div class=\"fusion-column-wrapper fusion-flex-column-wrapper-legacy\" style=\"background-position:left top;background-repeat:no-repeat;-webkit-background-size:cover;-moz-background-size:cover;-o-background-size:cover;background-size:cover;padding: 0px 0px 0px 0px;\"><div class=\"fusion-clearfix\"><\/div><\/div><\/div><\/div><\/div>\n","protected":false},"excerpt":{"rendered":"","protected":false},"author":1,"featured_media":0,"parent":0,"menu_order":0,"comment_status":"closed","ping_status":"closed","template":"","meta":{"footnotes":""},"yoast_head":"<!-- This site is optimized with the Yoast SEO plugin v22.5 - https:\/\/yoast.com\/wordpress\/plugins\/seo\/ -->\n<title>Rechtliche Hinweise - FIXTRON GMBH - Shop<\/title>\n<meta name=\"robots\" content=\"index, follow, max-snippet:-1, max-image-preview:large, max-video-preview:-1\" \/>\n<link rel=\"canonical\" href=\"https:\/\/fixtron.de\/?page_id=20081\" \/>\n<meta property=\"og:locale\" content=\"de_DE\" \/>\n<meta property=\"og:type\" content=\"article\" \/>\n<meta property=\"og:title\" content=\"Rechtliche Hinweise - FIXTRON GMBH - Shop\" \/>\n<meta property=\"og:url\" content=\"https:\/\/fixtron.de\/?page_id=20081\" \/>\n<meta property=\"og:site_name\" content=\"FIXTRON GMBH - Shop\" \/>\n<meta property=\"article:modified_time\" content=\"2024-07-11T08:44:36+00:00\" \/>\n<meta name=\"twitter:card\" content=\"summary_large_image\" \/>\n<meta name=\"twitter:label1\" content=\"Gesch\u00e4tzte Lesezeit\" \/>\n\t<meta name=\"twitter:data1\" content=\"5\u00a0Minuten\" \/>\n<script type=\"application\/ld+json\" class=\"yoast-schema-graph\">{\"@context\":\"https:\/\/schema.org\",\"@graph\":[{\"@type\":\"WebPage\",\"@id\":\"https:\/\/fixtron.de\/?page_id=20081\",\"url\":\"https:\/\/fixtron.de\/?page_id=20081\",\"name\":\"Rechtliche Hinweise - FIXTRON GMBH - Shop\",\"isPartOf\":{\"@id\":\"https:\/\/fixtron.de\/#website\"},\"datePublished\":\"2020-05-07T05:38:37+00:00\",\"dateModified\":\"2024-07-11T08:44:36+00:00\",\"breadcrumb\":{\"@id\":\"https:\/\/fixtron.de\/?page_id=20081#breadcrumb\"},\"inLanguage\":\"de\",\"potentialAction\":[{\"@type\":\"ReadAction\",\"target\":[\"https:\/\/fixtron.de\/?page_id=20081\"]}]},{\"@type\":\"BreadcrumbList\",\"@id\":\"https:\/\/fixtron.de\/?page_id=20081#breadcrumb\",\"itemListElement\":[{\"@type\":\"ListItem\",\"position\":1,\"name\":\"Startseite\",\"item\":\"https:\/\/fixtron.de\/\"},{\"@type\":\"ListItem\",\"position\":2,\"name\":\"Rechtliche Hinweise\"}]},{\"@type\":\"WebSite\",\"@id\":\"https:\/\/fixtron.de\/#website\",\"url\":\"https:\/\/fixtron.de\/\",\"name\":\"FIXTRON GMBH - Shop\",\"description\":\"...Ihr zuverl\u00e4ssiger Partner\",\"potentialAction\":[{\"@type\":\"SearchAction\",\"target\":{\"@type\":\"EntryPoint\",\"urlTemplate\":\"https:\/\/fixtron.de\/?s={search_term_string}\"},\"query-input\":\"required name=search_term_string\"}],\"inLanguage\":\"de\"}]}<\/script>\n<!-- \/ Yoast SEO plugin. -->","yoast_head_json":{"title":"Rechtliche Hinweise - FIXTRON GMBH - Shop","robots":{"index":"index","follow":"follow","max-snippet":"max-snippet:-1","max-image-preview":"max-image-preview:large","max-video-preview":"max-video-preview:-1"},"canonical":"https:\/\/fixtron.de\/?page_id=20081","og_locale":"de_DE","og_type":"article","og_title":"Rechtliche Hinweise - FIXTRON GMBH - Shop","og_url":"https:\/\/fixtron.de\/?page_id=20081","og_site_name":"FIXTRON GMBH - Shop","article_modified_time":"2024-07-11T08:44:36+00:00","twitter_card":"summary_large_image","twitter_misc":{"Gesch\u00e4tzte Lesezeit":"5\u00a0Minuten"},"schema":{"@context":"https:\/\/schema.org","@graph":[{"@type":"WebPage","@id":"https:\/\/fixtron.de\/?page_id=20081","url":"https:\/\/fixtron.de\/?page_id=20081","name":"Rechtliche Hinweise - FIXTRON GMBH - Shop","isPartOf":{"@id":"https:\/\/fixtron.de\/#website"},"datePublished":"2020-05-07T05:38:37+00:00","dateModified":"2024-07-11T08:44:36+00:00","breadcrumb":{"@id":"https:\/\/fixtron.de\/?page_id=20081#breadcrumb"},"inLanguage":"de","potentialAction":[{"@type":"ReadAction","target":["https:\/\/fixtron.de\/?page_id=20081"]}]},{"@type":"BreadcrumbList","@id":"https:\/\/fixtron.de\/?page_id=20081#breadcrumb","itemListElement":[{"@type":"ListItem","position":1,"name":"Startseite","item":"https:\/\/fixtron.de\/"},{"@type":"ListItem","position":2,"name":"Rechtliche Hinweise"}]},{"@type":"WebSite","@id":"https:\/\/fixtron.de\/#website","url":"https:\/\/fixtron.de\/","name":"FIXTRON GMBH - Shop","description":"...Ihr zuverl\u00e4ssiger Partner","potentialAction":[{"@type":"SearchAction","target":{"@type":"EntryPoint","urlTemplate":"https:\/\/fixtron.de\/?s={search_term_string}"},"query-input":"required name=search_term_string"}],"inLanguage":"de"}]}},"_links":{"self":[{"href":"https:\/\/fixtron.de\/index.php?rest_route=\/wp\/v2\/pages\/20081"}],"collection":[{"href":"https:\/\/fixtron.de\/index.php?rest_route=\/wp\/v2\/pages"}],"about":[{"href":"https:\/\/fixtron.de\/index.php?rest_route=\/wp\/v2\/types\/page"}],"author":[{"embeddable":true,"href":"https:\/\/fixtron.de\/index.php?rest_route=\/wp\/v2\/users\/1"}],"replies":[{"embeddable":true,"href":"https:\/\/fixtron.de\/index.php?rest_route=%2Fwp%2Fv2%2Fcomments&post=20081"}],"version-history":[{"count":4,"href":"https:\/\/fixtron.de\/index.php?rest_route=\/wp\/v2\/pages\/20081\/revisions"}],"predecessor-version":[{"id":21735,"href":"https:\/\/fixtron.de\/index.php?rest_route=\/wp\/v2\/pages\/20081\/revisions\/21735"}],"wp:attachment":[{"href":"https:\/\/fixtron.de\/index.php?rest_route=%2Fwp%2Fv2%2Fmedia&parent=20081"}],"curies":[{"name":"wp","href":"https:\/\/api.w.org\/{rel}","templated":true}]}}